{"id":2493,"date":"2019-08-06T08:31:20","date_gmt":"2019-08-06T10:31:20","guid":{"rendered":"https:\/\/www.studyfurniture.eu\/produktas\/%d0%ba%d1%80%d0%b5%d1%81%d0%bb%d0%be-c06a\/"},"modified":"2020-02-06T10:55:42","modified_gmt":"2020-02-06T12:55:42","slug":"%d0%ba%d1%80%d0%b5%d1%81%d0%bb%d0%be-c06a","status":"publish","type":"product","link":"https:\/\/studyfurniture.eu\/ru\/produktas\/%d0%ba%d1%80%d0%b5%d1%81%d0%bb%d0%be-c06a\/","title":{"rendered":"\u041a\u0440\u0435\u0441\u043b\u043e C06A"},"content":{"rendered":"<p><span lang=\"ru-RU\"><b>\u042d\u0440\u0433\u043e\u043d\u043e\u043c\u0438\u0447\u043d\u043e\u0435 \u043a\u0440\u0435\u0441\u043b\u043e \u0434\u043b\u044f \u0434\u0435\u0442\u0441\u043a\u043e\u0433\u043e \u043e\u0444\u0438\u0441\u0430 \u2013 \u044d\u0442\u043e \u0433\u0430\u0440\u043c\u043e\u043d\u0438\u044f \u0432 \u0443\u0447\u0451\u0431\u0435 \u0438 \u0440\u0430\u0437\u0432\u0438\u0442\u0438\u0438 \u0440\u0435\u0431\u0451\u043d\u043a\u0430. \u0414\u0430\u043d\u043d\u043e\u0435 \u043a\u0440\u0435\u0441\u043b\u043e \u043f\u0440\u0435\u0434\u043e\u0445\u0440\u0430\u043d\u044f\u0435\u0442 \u043f\u043b\u0435\u0447\u0438 \u0438 \u0441\u043f\u0438\u043d\u0443 \u0438 \u0434\u0430\u0451\u0442 \u0432\u043e\u0437\u043c\u043e\u0436\u043d\u043e\u0441\u0442\u044c \u043f\u043e\u043b\u0443\u0447\u0430\u0442\u044c \u0443\u0434\u043e\u0432\u043e\u043b\u044c\u0441\u0442\u0432\u0438\u0435 \u043e\u0442 \u0443\u0447\u0451\u0431\u044b. \u041f\u0440\u0438\u0443\u0447\u0430\u0439\u0442\u0435 \u0441\u0432\u043e\u0438\u0445 \u0434\u0435\u0442\u0435\u0439 \u0441\u0438\u0434\u0435\u0442\u044c \u043f\u0440\u0430\u0432\u0438\u043b\u044c\u043d\u043e.<\/b><\/span><\/p>\n<p><span lang=\"ru-RU\">\u0412\u044b\u0441\u043e\u0442\u0430 \u0441\u043f\u0438\u043d\u043a\u0438, \u0441\u0438\u0434\u0435\u043d\u044c\u044f, \u0430 \u0442\u0430\u043a\u0436\u0435 \u0433\u043b\u0443\u0431\u0438\u043d\u0430 \u0441\u0438\u0434\u0435\u043d\u044c\u044f \u0440\u0435\u0433\u0443\u043b\u0438\u0440\u0443\u044e\u0442\u0441\u044f, \u0437\u0430 \u0441\u0447\u0451\u0442 \u0447\u0435\u0433\u043e \u043e\u0431\u0435\u0441\u043f\u0435\u0447\u0438\u0432\u0430\u0435\u0442\u0441\u044f \u0437\u0430\u0449\u0438\u0442\u0430 \u043f\u043e\u0437\u0432\u043e\u043d\u043e\u0447\u043d\u0438\u043a\u0430 \u0438 \u043f\u0440\u0430\u0432\u0438\u043b\u044c\u043d\u0430\u044f \u043e\u0441\u0430\u043d\u043a\u0430 \u0440\u0435\u0431\u0451\u043d\u043a\u0430. \u0421\u043f\u0438\u043d\u043a\u0430, \u0441\u043e\u0441\u0442\u043e\u044f\u0449\u0430\u044f \u0438\u0437 \u0434\u0432\u0443\u0445 \u0447\u0430\u0441\u0442\u0435\u0439, \u044d\u0444\u0444\u0435\u043a\u0442\u0438\u0432\u043d\u043e \u0441\u043d\u0438\u0436\u0430\u0435\u0442 \u0434\u0430\u0432\u043b\u0435\u043d\u0438\u0435 \u043d\u0430 \u0441\u043f\u0438\u043d\u0443. \u041e\u043d\u0430 \u043f\u0440\u0438\u043b\u0435\u0433\u0430\u0435\u0442 \u0432\u0434\u043e\u043b\u044c \u043c\u044b\u0448\u0446 \u0441\u043f\u0438\u043d\u044b \u0438 \u043d\u0435 \u0441\u043e\u043f\u0440\u0438\u043a\u0430\u0441\u0430\u0435\u0442\u0441\u044f \u0441 \u043f\u043e\u0437\u0432\u043e\u043d\u043e\u0447\u043d\u0438\u043a\u043e\u043c.<\/span><\/p>\n<p><span lang=\"ru-RU\">\u0421\u0438\u0434\u0435\u043d\u044c\u0435 \u043e\u0431\u0442\u044f\u043d\u0443\u0442\u043e \u0445\u043b\u043e\u043f\u0447\u0430\u0442\u043e\u0431\u0443\u043c\u0430\u0436\u043d\u044b\u043c \u0433\u043e\u0431\u0435\u043b\u0435\u043d\u043e\u043c \u043a\u043e\u0442\u0442\u043e\u043d-\u043c\u0435\u043c\u043e\u0440\u0438 \u0441 \u044d\u0444\u0444\u0435\u043a\u0442\u043e\u043c \u043f\u0430\u043c\u044f\u0442\u0438, \u043a\u043e\u0442\u043e\u0440\u044b\u0439 \u0434\u043b\u0438\u0442\u0435\u043b\u044c\u043d\u043e\u0435 \u0432\u0440\u0435\u043c\u044f \u0441\u043e\u0445\u0440\u0430\u043d\u044f\u0435\u0442 \u0444\u043e\u0440\u043c\u0443 \u0438 \u044d\u043b\u0430\u0441\u0442\u0438\u0447\u043d\u043e\u0441\u0442\u044c. \u0411\u043b\u0430\u0433\u043e\u0434\u0430\u0440\u044f \u043f\u0440\u0430\u0432\u0438\u043b\u044c\u043d\u043e\u0439 \u043e\u0441\u0430\u043d\u043a\u0435 \u0432\u043e \u0432\u0440\u0435\u043c\u044f \u0441\u0438\u0434\u0435\u043d\u044c\u044f \u043d\u0430 \u043a\u0440\u0435\u0441\u043b\u0435, \u0441\u043d\u0438\u0436\u0430\u0435\u0442\u0441\u044f \u0434\u0430\u0432\u043b\u0435\u043d\u0438\u0435 \u043d\u0430 \u0431\u0451\u0434\u0440\u0430, \u0443\u043b\u0443\u0447\u0448\u0430\u0435\u0442\u0441\u044f \u043a\u0440\u043e\u0432\u043e\u043e\u0431\u0440\u0430\u0449\u0435\u043d\u0438\u0435.<\/span><\/p>\n<p><span lang=\"ru-RU\">\u041a\u0440\u0435\u0441\u043b\u043e \u043b\u0435\u0433\u043a\u043e \u043f\u0435\u0440\u0435\u043c\u0435\u0449\u0430\u0435\u0442\u0441\u044f. \u041a\u043e\u0433\u0434\u0430 \u0440\u0435\u0431\u0451\u043d\u043e\u043a \u0441\u0430\u0434\u0438\u0442\u0441\u044f \u0432 \u043d\u0435\u0433\u043e, \u0441\u0440\u0430\u0431\u0430\u0442\u044b\u0432\u0430\u0435\u0442 \u0440\u0430\u0441\u0441\u0447\u0438\u0442\u0430\u043d\u043d\u044b\u0439 \u043d\u0435 \u043c\u0435\u043d\u0435\u0435 \u0447\u0435\u043c \u043d\u0430 20 \u043a\u0433 \u0441\u0430\u043c\u043e\u0430\u043a\u0442\u0438\u0432\u0438\u0440\u0443\u044e\u0449\u0438\u0439\u0441\u044f \u0433\u0440\u0430\u0432\u0438\u0442\u0430\u0446\u0438\u043e\u043d\u043d\u044b\u0439 \u0442\u043e\u0440\u043c\u043e\u0437 \u0434\u043b\u044f \u0431\u043b\u043e\u043a\u0438\u0440\u043e\u0432\u043a\u0438 \u043a\u043e\u043b\u0451\u0441, \u0437\u0430 \u0441\u0447\u0451\u0442 \u0447\u0435\u0433\u043e \u043e\u0431\u0435\u0441\u043f\u0435\u0447\u0438\u0432\u0430\u0435\u0442\u0441\u044f \u0434\u043e\u043f\u043e\u043b\u043d\u0438\u0442\u0435\u043b\u044c\u043d\u0430\u044f \u0431\u0435\u0437\u043e\u043f\u0430\u0441\u043d\u043e\u0441\u0442\u044c. \u041e\u0441\u043d\u043e\u0432\u0430\u043d\u0438\u0435 \u0432 \u0444\u043e\u0440\u043c\u0435 \u0431\u0430\u0431\u043e\u0447\u043a\u0438 \u043d\u0435\u0441\u043a\u043e\u043b\u044c\u0437\u043a\u043e\u0435 \u0438 \u0431\u0435\u0437\u043e\u043f\u0430\u0441\u043d\u043e\u0435, \u0443\u0441\u0442\u043e\u0439\u0447\u0438\u0432\u0430\u044f \u043a \u0438\u0441\u0442\u0438\u0440\u0430\u043d\u0438\u044e \u043e\u043f\u043e\u0440\u0430 \u0434\u043b\u044f \u0441\u0442\u043e\u043f \u043d\u0435 \u0432\u044b\u0437\u044b\u0432\u0430\u0435\u0442 \u0438\u0445 \u043e\u043d\u0435\u043c\u0435\u043d\u0438\u044f.<\/span><\/p>\n<p><span lang=\"ru-RU\">\u0414\u0430\u043d\u043d\u043e\u0435 \u043a\u0440\u0435\u0441\u043b\u043e \u2013 \u044d\u0442\u043e \u0432\u0437\u0433\u043b\u044f\u0434 \u0432 \u0431\u0443\u0434\u0443\u0449\u0435\u0435, \u043e\u043d\u043e \u043f\u043e\u0434\u0445\u043e\u0434\u0438\u0442 \u0434\u043b\u044f \u0432\u0441\u0435\u0445 \u0432\u043e\u0437\u0440\u0430\u0441\u0442\u043d\u044b\u0445 \u0433\u0440\u0443\u043f\u043f, \u043d\u0430\u0447\u0438\u043d\u0430\u044f \u0441 3-\u043b\u0435\u0442\u043d\u0435\u0433\u043e \u0432\u043e\u0437\u0440\u0430\u0441\u0442\u0430.<\/span><\/p>\n<p><strong><span lang=\"ru-RU\"><u>\u0421\u043f\u0435\u0446\u0438\u0444\u0438\u043a\u0430\u0446\u0438\u044f<\/u><\/span><\/strong><\/p>\n<p><span lang=\"ru-RU\">\u0421\u0442\u0438\u043b\u044c: \u044d\u0440\u0433\u043e\u043d\u043e\u043c\u0438\u0447\u043d\u044b\u0439\/\u0441\u043e\u0432\u0440\u0435\u043c\u0435\u043d\u043d\u044b\u0439<\/span><\/p>\n<p><span lang=\"ru-RU\">\u041e\u0442\u0434\u0435\u043b\u043e\u0447\u043d\u044b\u0435 \u043c\u0430\u0442\u0435\u0440\u0438\u0430\u043b\u044b: \u043f\u043b\u0430\u0441\u0442\u0438\u043a ABS, \u0432\u044b\u0441\u043e\u043a\u043e\u044d\u043b\u0430\u0441\u0442\u0438\u0447\u043d\u044b\u0439 \u043f\u0435\u043d\u043e\u043f\u043e\u043b\u0438\u0443\u0440\u0435\u0442\u0430\u043d, \u0445\u043b\u043e\u043f\u0447\u0430\u0442\u043e\u0431\u0443\u043c\u0430\u0436\u043d\u044b\u0439 \u0433\u043e\u0431\u0435\u043b\u0435\u043d<\/span><\/p>\n<p><span lang=\"ru-RU\">\u0426\u0432\u0435\u0442 \u0440\u0430\u043c\u044b: \u0441\u0435\u0440\u044b\u0439<\/span><\/p>\n<p><span lang=\"ru-RU\">\u0426\u0432\u0435\u0442 \u0433\u043e\u0431\u0435\u043b\u0435\u043d\u0430: \u0441\u0438\u043d\u0438\u0439\/\u0440\u043e\u0437\u043e\u0432\u044b\u0439<\/span><\/p>\n<p><span lang=\"ru-RU\">\u0412\u0435\u0441 \u0442\u043e\u0432\u0430\u0440\u0430 \u0432\u043c\u0435\u0441\u0442\u0435 \u0441 \u0443\u043f\u0430\u043a\u043e\u0432\u043a\u043e\u0439: 15 \u043a\u0433<\/span><\/p>\n<p><span lang=\"ru-RU\">\u041c\u0430\u043a\u0441\u0438\u043c\u0430\u043b\u044c\u043d\u043e \u0434\u043e\u043f\u0443\u0441\u0442\u0438\u043c\u0430\u044f \u043d\u0430\u0433\u0440\u0443\u0437\u043a\u0430: 100 \u043a\u0433<\/span><\/p>\n<p><span lang=\"ru-RU\">\u0424\u0443\u043d\u043a\u0446\u0438\u0438: \u0433\u0440\u0430\u0432\u0438\u0442\u0430\u0446\u0438\u043e\u043d\u043d\u044b\u0439 \u0441\u0430\u043c\u043e\u0430\u043a\u0442\u0438\u0432\u0438\u0440\u0443\u044e\u0449\u0438\u0439\u0441\u044f \u0442\u043e\u0440\u043c\u043e\u0437 \u0434\u043b\u044f \u0431\u043b\u043e\u043a\u0438\u0440\u043e\u0432\u043a\u0438 \u043a\u043e\u043b\u0451\u0441<\/span><\/p>\n","protected":false},"excerpt":{"rendered":"<p><span lang=\"ru-RU\">\u042d\u0440\u0433\u043e\u043d\u043e\u043c\u0438\u0447\u043d\u043e\u0435 \u043a\u0440\u0435\u0441\u043b\u043e \u0434\u043b\u044f \u0434\u0435\u0442\u0441\u043a\u043e\u0433\u043e \u043e\u0444\u0438\u0441\u0430 \u2013 \u044d\u0442\u043e \u0433\u0430\u0440\u0430\u043d\u0442\u0438\u044f \u0437\u0430\u0449\u0438\u0442\u044b \u043f\u043e\u0437\u0432\u043e\u043d\u043e\u0447\u043d\u0438\u043a\u0430 \u0438 \u043f\u0440\u0430\u0432\u0438\u043b\u044c\u043d\u043e\u0439 \u043e\u0441\u0430\u043d\u043a\u0438!<\/span><\/p>\n<p><span lang=\"ru-RU\">\u041e\u0431\u0440\u0430\u0442\u0438\u0442\u0435 \u0432\u043d\u0438\u043c\u0430\u043d\u0438\u0435, \u0446\u0432\u0435\u0442 \u043a\u0440\u0435\u0441\u043b\u0430 \u043d\u0430 \u0444\u043e\u0442\u043e\u0433\u0440\u0430\u0444\u0438\u044f\u0445 \u043c\u043e\u0436\u0435\u0442 \u043d\u0435\u043c\u043d\u043e\u0433\u043e \u043e\u0442\u043b\u0438\u0447\u0430\u0442\u044c\u0441\u044f \u043e\u0442 \u0440\u0435\u0430\u043b\u044c\u043d\u043e\u0433\u043e \u0446\u0432\u0435\u0442\u0430 \u043a\u0440\u0435\u0441\u043b\u0430.<\/span><\/p>\n","protected":false},"featured_media":387,"comment_status":"open","ping_status":"closed","template":"","meta":[],"acf":[],"yoast_head":"<!-- This site is optimized with the Yoast SEO plugin v19.7.2 - https:\/\/yoast.com\/wordpress\/plugins\/seo\/ -->\n<title>Ergonomi\u0161koji vaiko biuro k\u0117d\u0117 iStudy C06A | studyfurniture.eu<\/title>\n<meta name=\"description\" content=\"Ergonomi\u0161koji vaiki\u0161ka iStudy k\u0117d\u0117 C06A -\u00a0tai patogi ir moderni k\u0117d\u0117. Ji saugo pe\u010dius ir nugar\u0105, padeda m\u0117gautis mokymusi ir u\u017etikrina taisykling\u0105 s\u0117d\u0117sen\u0105.\" \/>\n<meta name=\"robots\" content=\"index, follow, max-snippet:-1, max-image-preview:large, max-video-preview:-1\" \/>\n<link rel=\"canonical\" href=\"https:\/\/studyfurniture.eu\/ru\/produktas\/\u043a\u0440\u0435\u0441\u043b\u043e-c06a\/\" \/>\n<meta property=\"og:locale\" content=\"ru_RU\" \/>\n<meta property=\"og:type\" content=\"article\" \/>\n<meta property=\"og:title\" content=\"Ergonomi\u0161koji vaiko biuro k\u0117d\u0117 iStudy C06A | studyfurniture.eu\" \/>\n<meta property=\"og:description\" content=\"Ergonomi\u0161koji vaiki\u0161ka iStudy k\u0117d\u0117 C06A -\u00a0tai patogi ir moderni k\u0117d\u0117. Ji saugo pe\u010dius ir nugar\u0105, padeda m\u0117gautis mokymusi ir u\u017etikrina taisykling\u0105 s\u0117d\u0117sen\u0105.\" \/>\n<meta property=\"og:url\" content=\"https:\/\/studyfurniture.eu\/ru\/produktas\/\u043a\u0440\u0435\u0441\u043b\u043e-c06a\/\" \/>\n<meta property=\"og:site_name\" content=\"Studyfurniture.eu\" \/>\n<meta property=\"article:modified_time\" content=\"2020-02-06T12:55:42+00:00\" \/>\n<meta property=\"og:image\" content=\"https:\/\/studyfurniture.eu\/wp-content\/uploads\/2019\/08\/C06A_iStudy_kede_blue_1.jpg\" \/>\n\t<meta property=\"og:image:width\" content=\"1000\" \/>\n\t<meta property=\"og:image:height\" content=\"667\" \/>\n\t<meta property=\"og:image:type\" content=\"image\/jpeg\" \/>\n<meta name=\"twitter:card\" content=\"summary_large_image\" \/>\n<script type=\"application\/ld+json\" class=\"yoast-schema-graph\">{\"@context\":\"https:\/\/schema.org\",\"@graph\":[{\"@type\":\"WebPage\",\"@id\":\"https:\/\/studyfurniture.eu\/ru\/produktas\/%d0%ba%d1%80%d0%b5%d1%81%d0%bb%d0%be-c06a\/\",\"url\":\"https:\/\/studyfurniture.eu\/ru\/produktas\/%d0%ba%d1%80%d0%b5%d1%81%d0%bb%d0%be-c06a\/\",\"name\":\"Ergonomi\u0161koji vaiko biuro k\u0117d\u0117 iStudy C06A | studyfurniture.eu\",\"isPartOf\":{\"@id\":\"https:\/\/dodgerblue-goat-845310.hostingersite.com\/#website\"},\"datePublished\":\"2019-08-06T10:31:20+00:00\",\"dateModified\":\"2020-02-06T12:55:42+00:00\",\"description\":\"Ergonomi\u0161koji vaiki\u0161ka iStudy k\u0117d\u0117 C06A -\u00a0tai patogi ir moderni k\u0117d\u0117. Ji saugo pe\u010dius ir nugar\u0105, padeda m\u0117gautis mokymusi ir u\u017etikrina taisykling\u0105 s\u0117d\u0117sen\u0105.\",\"breadcrumb\":{\"@id\":\"https:\/\/studyfurniture.eu\/ru\/produktas\/%d0%ba%d1%80%d0%b5%d1%81%d0%bb%d0%be-c06a\/#breadcrumb\"},\"inLanguage\":\"ru-RU\",\"potentialAction\":[{\"@type\":\"ReadAction\",\"target\":[\"https:\/\/studyfurniture.eu\/ru\/produktas\/%d0%ba%d1%80%d0%b5%d1%81%d0%bb%d0%be-c06a\/\"]}]},{\"@type\":\"BreadcrumbList\",\"@id\":\"https:\/\/studyfurniture.eu\/ru\/produktas\/%d0%ba%d1%80%d0%b5%d1%81%d0%bb%d0%be-c06a\/#breadcrumb\",\"itemListElement\":[{\"@type\":\"ListItem\",\"position\":1,\"name\":\"Home\",\"item\":\"https:\/\/studyfurniture.eu\/ru\/\"},{\"@type\":\"ListItem\",\"position\":2,\"name\":\"\u0414\u043b\u044f \u0443\u0447\u0451\u0431\u044b \u0434\u043e\u043c\u0430\",\"item\":\"https:\/\/studyfurniture.eu\/ru\/mokymuisi-namuose-2\/\"},{\"@type\":\"ListItem\",\"position\":3,\"name\":\"\u041a\u0440\u0435\u0441\u043b\u043e C06A\"}]},{\"@type\":\"WebSite\",\"@id\":\"https:\/\/dodgerblue-goat-845310.hostingersite.com\/#website\",\"url\":\"https:\/\/dodgerblue-goat-845310.hostingersite.com\/\",\"name\":\"Studyfurniture.eu\",\"description\":\"Ergonomi\u0161ki baldai mokymuisi: stalai, k\u0117d\u0117s\",\"potentialAction\":[{\"@type\":\"SearchAction\",\"target\":{\"@type\":\"EntryPoint\",\"urlTemplate\":\"https:\/\/dodgerblue-goat-845310.hostingersite.com\/?s={search_term_string}\"},\"query-input\":\"required name=search_term_string\"}],\"inLanguage\":\"ru-RU\"}]}<\/script>\n<!-- \/ Yoast SEO plugin. -->","yoast_head_json":{"title":"Ergonomi\u0161koji vaiko biuro k\u0117d\u0117 iStudy C06A | studyfurniture.eu","description":"Ergonomi\u0161koji vaiki\u0161ka iStudy k\u0117d\u0117 C06A -\u00a0tai patogi ir moderni k\u0117d\u0117. Ji saugo pe\u010dius ir nugar\u0105, padeda m\u0117gautis mokymusi ir u\u017etikrina taisykling\u0105 s\u0117d\u0117sen\u0105.","robots":{"index":"index","follow":"follow","max-snippet":"max-snippet:-1","max-image-preview":"max-image-preview:large","max-video-preview":"max-video-preview:-1"},"canonical":"https:\/\/studyfurniture.eu\/ru\/produktas\/\u043a\u0440\u0435\u0441\u043b\u043e-c06a\/","og_locale":"ru_RU","og_type":"article","og_title":"Ergonomi\u0161koji vaiko biuro k\u0117d\u0117 iStudy C06A | studyfurniture.eu","og_description":"Ergonomi\u0161koji vaiki\u0161ka iStudy k\u0117d\u0117 C06A -\u00a0tai patogi ir moderni k\u0117d\u0117. Ji saugo pe\u010dius ir nugar\u0105, padeda m\u0117gautis mokymusi ir u\u017etikrina taisykling\u0105 s\u0117d\u0117sen\u0105.","og_url":"https:\/\/studyfurniture.eu\/ru\/produktas\/\u043a\u0440\u0435\u0441\u043b\u043e-c06a\/","og_site_name":"Studyfurniture.eu","article_modified_time":"2020-02-06T12:55:42+00:00","og_image":[{"width":1000,"height":667,"url":"https:\/\/studyfurniture.eu\/wp-content\/uploads\/2019\/08\/C06A_iStudy_kede_blue_1.jpg","type":"image\/jpeg"}],"twitter_card":"summary_large_image","schema":{"@context":"https:\/\/schema.org","@graph":[{"@type":"WebPage","@id":"https:\/\/studyfurniture.eu\/ru\/produktas\/%d0%ba%d1%80%d0%b5%d1%81%d0%bb%d0%be-c06a\/","url":"https:\/\/studyfurniture.eu\/ru\/produktas\/%d0%ba%d1%80%d0%b5%d1%81%d0%bb%d0%be-c06a\/","name":"Ergonomi\u0161koji vaiko biuro k\u0117d\u0117 iStudy C06A | studyfurniture.eu","isPartOf":{"@id":"https:\/\/dodgerblue-goat-845310.hostingersite.com\/#website"},"datePublished":"2019-08-06T10:31:20+00:00","dateModified":"2020-02-06T12:55:42+00:00","description":"Ergonomi\u0161koji vaiki\u0161ka iStudy k\u0117d\u0117 C06A -\u00a0tai patogi ir moderni k\u0117d\u0117. Ji saugo pe\u010dius ir nugar\u0105, padeda m\u0117gautis mokymusi ir u\u017etikrina taisykling\u0105 s\u0117d\u0117sen\u0105.","breadcrumb":{"@id":"https:\/\/studyfurniture.eu\/ru\/produktas\/%d0%ba%d1%80%d0%b5%d1%81%d0%bb%d0%be-c06a\/#breadcrumb"},"inLanguage":"ru-RU","potentialAction":[{"@type":"ReadAction","target":["https:\/\/studyfurniture.eu\/ru\/produktas\/%d0%ba%d1%80%d0%b5%d1%81%d0%bb%d0%be-c06a\/"]}]},{"@type":"BreadcrumbList","@id":"https:\/\/studyfurniture.eu\/ru\/produktas\/%d0%ba%d1%80%d0%b5%d1%81%d0%bb%d0%be-c06a\/#breadcrumb","itemListElement":[{"@type":"ListItem","position":1,"name":"Home","item":"https:\/\/studyfurniture.eu\/ru\/"},{"@type":"ListItem","position":2,"name":"\u0414\u043b\u044f \u0443\u0447\u0451\u0431\u044b \u0434\u043e\u043c\u0430","item":"https:\/\/studyfurniture.eu\/ru\/mokymuisi-namuose-2\/"},{"@type":"ListItem","position":3,"name":"\u041a\u0440\u0435\u0441\u043b\u043e C06A"}]},{"@type":"WebSite","@id":"https:\/\/dodgerblue-goat-845310.hostingersite.com\/#website","url":"https:\/\/dodgerblue-goat-845310.hostingersite.com\/","name":"Studyfurniture.eu","description":"Ergonomi\u0161ki baldai mokymuisi: stalai, k\u0117d\u0117s","potentialAction":[{"@type":"SearchAction","target":{"@type":"EntryPoint","urlTemplate":"https:\/\/dodgerblue-goat-845310.hostingersite.com\/?s={search_term_string}"},"query-input":"required name=search_term_string"}],"inLanguage":"ru-RU"}]}},"_links":{"self":[{"href":"https:\/\/studyfurniture.eu\/ru\/wp-json\/wp\/v2\/product\/2493"}],"collection":[{"href":"https:\/\/studyfurniture.eu\/ru\/wp-json\/wp\/v2\/product"}],"about":[{"href":"https:\/\/studyfurniture.eu\/ru\/wp-json\/wp\/v2\/types\/product"}],"replies":[{"embeddable":true,"href":"https:\/\/studyfurniture.eu\/ru\/wp-json\/wp\/v2\/comments?post=2493"}],"wp:featuredmedia":[{"embeddable":true,"href":"https:\/\/studyfurniture.eu\/ru\/wp-json\/wp\/v2\/media\/387"}],"wp:attachment":[{"href":"https:\/\/studyfurniture.eu\/ru\/wp-json\/wp\/v2\/media?parent=2493"}],"curies":[{"name":"wp","href":"https:\/\/api.w.org\/{rel}","templated":true}]}}