{"id":2451,"date":"2019-08-06T08:33:13","date_gmt":"2019-08-06T10:33:13","guid":{"rendered":"https:\/\/www.studyfurniture.eu\/produktas\/%d1%8d%d1%80%d0%b3%d0%be%d0%bd%d0%be%d0%bc%d0%b8%d1%87%d0%bd%d1%8b%d0%b9-%d0%bf%d0%b8%d1%81%d1%8c%d0%bc%d0%b5%d0%bd%d0%bd%d1%8b%d0%b9-%d1%81%d1%82%d0%be%d0%bb-e120\/"},"modified":"2020-02-06T10:38:48","modified_gmt":"2020-02-06T12:38:48","slug":"%d1%8d%d1%80%d0%b3%d0%be%d0%bd%d0%be%d0%bc%d0%b8%d1%87%d0%bd%d1%8b%d0%b9-%d0%bf%d0%b8%d1%81%d1%8c%d0%bc%d0%b5%d0%bd%d0%bd%d1%8b%d0%b9-%d1%81%d1%82%d0%be%d0%bb-e120","status":"publish","type":"product","link":"https:\/\/studyfurniture.eu\/ru\/produktas\/%d1%8d%d1%80%d0%b3%d0%be%d0%bd%d0%be%d0%bc%d0%b8%d1%87%d0%bd%d1%8b%d0%b9-%d0%bf%d0%b8%d1%81%d1%8c%d0%bc%d0%b5%d0%bd%d0%bd%d1%8b%d0%b9-%d1%81%d1%82%d0%be%d0%bb-e120\/","title":{"rendered":"\u042d\u0440\u0433\u043e\u043d\u043e\u043c\u0438\u0447\u043d\u044b\u0439 \u0441\u0442\u043e\u043b \u0434\u043b\u044f \u0434\u0435\u0442\u0441\u043a\u043e\u0433\u043e \u043e\u0444\u0438\u0441\u0430 E120"},"content":{"rendered":"<p><span lang=\"ru-RU\"><b>\u042d\u0440\u0433\u043e\u043d\u043e\u043c\u0438\u0447\u043d\u044b\u0439 \u0434\u0435\u0442\u0441\u043a\u0438\u0439 \u043e\u0444\u0438\u0441 \u2013 \u044d\u0442\u043e \u0441\u043b\u043e\u0432\u043d\u043e \u0412\u0430\u0448 \u043e\u0442\u0434\u0435\u043b\u044c\u043d\u044b\u0439 \u043c\u0438\u0440.<\/b><\/span><\/p>\n<p align=\"justify\"><span lang=\"ru-RU\">\u00ab\u0420\u0430\u0441\u0442\u0443\u0449\u0438\u0439\u00bb \u043f\u0438\u0441\u044c\u043c\u0435\u043d\u043d\u044b\u0439 \u0441\u0442\u043e\u043b \u043f\u0440\u0435\u0434\u043d\u0430\u0437\u043d\u0430\u0447\u0435\u043d \u0434\u043b\u044f \u043a\u043e\u043c\u0444\u043e\u0440\u0442\u043d\u044b\u0445 \u0437\u0430\u043d\u044f\u0442\u0438\u0439 \u0434\u043e\u043c\u0430 \u2013 \u0434\u043b\u044f \u0440\u0438\u0441\u043e\u0432\u0430\u043d\u0438\u044f, \u043f\u0438\u0441\u044c\u043c\u0430, \u0447\u0442\u0435\u043d\u0438\u044f.<\/span><\/p>\n<p><span lang=\"ru-RU\">\u0412\u044b\u0441\u043e\u0442\u0430 \u00ab\u0440\u0430\u0441\u0442\u0443\u0449\u0435\u0433\u043e\u00bb \u0441\u0442\u043e\u043b\u0430 \u0440\u0435\u0433\u0443\u043b\u0438\u0440\u0443\u0435\u0442\u0441\u044f \u0441 \u043f\u043e\u043c\u043e\u0449\u044c\u044e \u0440\u044b\u0447\u0430\u0433\u0430, \u0422-\u043e\u0431\u0440\u0430\u0437\u043d\u044b\u0435 \u043d\u043e\u0433\u0438 \u0441\u0442\u043e\u043b\u0430 \u043e\u0442\u043b\u0438\u0447\u0430\u044e\u0442\u0441\u044f \u0443\u0441\u0442\u043e\u0439\u0447\u0438\u0432\u043e\u0441\u0442\u044c\u044e \u0438 \u043d\u0430\u0434\u0451\u0436\u043d\u043e\u0441\u0442\u044c\u044e. \u041f\u0438\u0441\u044c\u043c\u0435\u043d\u043d\u044b\u0439 \u0441\u0442\u043e\u043b \u0440\u0435\u0433\u0443\u043b\u0438\u0440\u0443\u0435\u0442\u0441\u044f \u043f\u043e \u043c\u0435\u0440\u0435 \u0438\u0437\u043c\u0435\u043d\u0435\u043d\u0438\u044f \u0440\u043e\u0441\u0442\u0430 \u0440\u0435\u0431\u0451\u043d\u043a\u0430, \u0437\u0430 \u0441\u0447\u0451\u0442 \u0447\u0435\u0433\u043e \u043e\u0431\u0435\u0441\u043f\u0435\u0447\u0438\u0432\u0430\u0435\u0442\u0441\u044f \u043f\u0440\u0430\u0432\u0438\u043b\u044c\u043d\u0430\u044f \u043e\u0441\u0430\u043d\u043a\u0430 \u043f\u0440\u0438 \u0440\u0430\u0431\u043e\u0442\u0435 \u0437\u0430 \u0441\u0442\u043e\u043b\u043e\u043c.<\/span><\/p>\n<p align=\"justify\"><span lang=\"ru-RU\">\u041d\u043e\u0432\u0430\u0442\u043e\u0440\u0441\u043a\u043e\u0435 \u0438 \u043f\u043e\u043b\u0435\u0437\u043d\u043e\u0435 \u0442\u0435\u0445\u043d\u043e\u043b\u043e\u0433\u0438\u0447\u0435\u0441\u043a\u043e\u0435 \u0443\u0441\u043e\u0432\u0435\u0440\u0448\u0435\u043d\u0441\u0442\u0432\u043e\u0432\u0430\u043d\u0438\u0435 \u2013 \u0432\u043e\u0437\u043c\u043e\u0436\u043d\u043e\u0441\u0442\u044c \u0438\u0437\u043c\u0435\u043d\u0435\u043d\u0438\u044f \u0443\u0433\u043b\u0430 \u043d\u0430\u043a\u043b\u043e\u043d\u0430 \u0441\u0442\u043e\u043b\u0435\u0448\u043d\u0438\u0446\u044b \u0432 \u0434\u0438\u0430\u043f\u0430\u0437\u043e\u043d\u0435 \u043e\u0442 0 \u0434\u043e 60 \u0433\u0440\u0430\u0434\u0443\u0441\u043e\u0432. \u041d\u0430\u043d\u043e\u043a\u0440\u0438\u0441\u0442\u0430\u043b\u043b\u0438\u0447\u0435\u0441\u043a\u043e\u0435 \u043f\u043e\u043a\u0440\u044b\u0442\u0438\u0435 \u0437\u0430\u0449\u0438\u0449\u0430\u0435\u0442 \u0433\u043b\u0430\u0437\u0430 \u043e\u0442 \u0441\u0438\u043b\u044c\u043d\u044b\u0445 \u043e\u0442\u0431\u043b\u0435\u0441\u043a\u043e\u0432 \u0441\u0432\u0435\u0442\u0430. \u0421\u0442\u043e\u043b\u0435\u0448\u043d\u0438\u0446\u0430 \u0443\u0441\u0442\u043e\u0439\u0447\u0438\u0432\u0430 \u043a \u0446\u0430\u0440\u0430\u043f\u0438\u043d\u0430\u043c \u0438 \u043b\u0435\u0433\u043a\u043e \u043e\u0447\u0438\u0449\u0430\u0435\u0442\u0441\u044f.<\/span><\/p>\n<p align=\"justify\"><span lang=\"ru-RU\">\u041c\u043d\u043e\u0433\u043e\u0443\u0440\u043e\u0432\u043d\u0435\u0432\u044b\u0435 \u043f\u043e\u043b\u043a\u0438, \u043d\u0430\u043b\u0438\u0447\u0438\u0435 \u0441\u043a\u0440\u044b\u0442\u043e\u0433\u043e \u0431\u043e\u043b\u044c\u0448\u043e\u0433\u043e \u0443\u043d\u0438\u0432\u0435\u0440\u0441\u0430\u043b\u044c\u043d\u043e\u0433\u043e \u044f\u0449\u0438\u043a\u0430 \u2013 \u044d\u0442\u043e \u043f\u043e\u0437\u0432\u043e\u043b\u0438\u0442 \u0412\u0430\u0448\u0435\u043c\u0443 \u0440\u0435\u0431\u0451\u043d\u043a\u0443 \u0430\u043a\u043a\u0443\u0440\u0430\u0442\u043d\u043e \u0440\u0430\u0437\u043b\u043e\u0436\u0438\u0442\u044c \u0441\u0432\u043e\u0438 \u0432\u0435\u0449\u0438. \u041f\u043e\u043b\u0443\u0447\u0430\u0439\u0442\u0435 \u0432\u0441\u0451 \u043b\u0443\u0447\u0448\u0435\u0435!<\/span><\/p>\n<p><strong><span lang=\"ru-RU\"><u>\u0421\u043f\u0435\u0446\u0438\u0444\u0438\u043a\u0430\u0446\u0438\u044f:<\/u><\/span><\/strong><\/p>\n<p><strong><span lang=\"ru-RU\">\u0421\u0442\u0438\u043b\u044c<\/span><\/strong><span lang=\"ru-RU\">: \u044d\u0440\u0433\u043e\u043d\u043e\u043c\u0438\u0447\u043d\u044b\u0439\/\u0441\u043e\u0432\u0440\u0435\u043c\u0435\u043d\u043d\u044b\u0439<\/span><\/p>\n<p><strong><span lang=\"ru-RU\">\u041e\u0442\u0434\u0435\u043b\u043e\u0447\u043d\u044b\u0435 \u043c\u0430\u0442\u0435\u0440\u0438\u0430\u043b\u044b<\/span><\/strong><span lang=\"ru-RU\">: \u041c\u0414\u0424 \u043a\u043b\u0430\u0441\u0441\u0430 E1, \u043c\u0435\u0442\u0430\u043b\u043b, \u043f\u043b\u0430\u0441\u0442\u0438\u043a ABS<\/span><\/p>\n<p><strong><span lang=\"ru-RU\">\u0412\u0435\u0441 \u0442\u043e\u0432\u0430\u0440\u0430 \u0432\u043c\u0435\u0441\u0442\u0435 \u0441 \u0443\u043f\u0430\u043a\u043e\u0432\u043a\u043e\u0439<\/span><\/strong><span lang=\"ru-RU\">: 57,20 \u043a\u0433<\/span><\/p>\n","protected":false},"excerpt":{"rendered":"<p><span lang=\"ru-RU\">\u042d\u0440\u0433\u043e\u043d\u043e\u043c\u0438\u0447\u043d\u044b\u0439 \u043f\u0438\u0441\u044c\u043c\u0435\u043d\u043d\u044b\u0439 \u0441\u0442\u043e\u043b E120 \u2013 \u044d\u0442\u043e \u00ab\u0440\u0430\u0441\u0442\u0443\u0449\u0438\u0439\u00bb \u0441\u0442\u043e\u043b \u043d\u043e\u0432\u043e\u0433\u043e \u043f\u043e\u043a\u043e\u043b\u0435\u043d\u0438\u044f, \u043e\u0442\u043b\u0438\u0447\u0430\u044e\u0449\u0438\u0439\u0441\u044f \u043f\u0440\u0435\u043a\u0440\u0430\u0441\u043d\u043e\u0439 \u0444\u0443\u043d\u043a\u0446\u0438\u043e\u043d\u0430\u043b\u044c\u043d\u043e\u0441\u0442\u044c\u044e \u0441\u043f\u0435\u0446\u0438\u0430\u043b\u044c\u043d\u043e \u0434\u043b\u044f \u0412\u0430\u0448\u0435\u0433\u043e \u0440\u0435\u0431\u0451\u043d\u043a\u0430!<\/span><\/p>\n<p><span lang=\"ru-RU\">\u041e\u0431\u0440\u0430\u0442\u0438\u0442\u0435 \u0432\u043d\u0438\u043c\u0430\u043d\u0438\u0435, \u0446\u0432\u0435\u0442 \u0441\u0442\u043e\u043b\u0430 \u043d\u0430 \u0444\u043e\u0442\u043e\u0433\u0440\u0430\u0444\u0438\u044f\u0445 \u043c\u043e\u0436\u0435\u0442 \u043d\u0435\u043c\u043d\u043e\u0433\u043e \u043e\u0442\u043b\u0438\u0447\u0430\u0442\u044c\u0441\u044f \u043e\u0442 \u0440\u0435\u0430\u043b\u044c\u043d\u043e\u0433\u043e \u0446\u0432\u0435\u0442\u0430 \u0441\u0442\u043e\u043b\u0430.<\/span><\/p>\n","protected":false},"featured_media":351,"comment_status":"open","ping_status":"closed","template":"","meta":[],"acf":[],"yoast_head":"<!-- This site is optimized with the Yoast SEO plugin v19.7.2 - https:\/\/yoast.com\/wordpress\/plugins\/seo\/ -->\n<title>Ergonomi\u0161kasis vaiki\u0161kas ra\u0161omasis iStudy stalas E120 | studyfurniture.eu<\/title>\n<meta name=\"description\" content=\"Ergonomi\u0161kasis vaiki\u0161kas ra\u0161omasis iStudy stalas E120 geriausia, ko reikia J\u016bs\u0173 vaikui! Naujausios technologijos stalas prisitaiko prie J\u016bs\u0173 augan\u010dio vaiko.\" \/>\n<meta name=\"robots\" content=\"index, follow, max-snippet:-1, max-image-preview:large, max-video-preview:-1\" \/>\n<link rel=\"canonical\" href=\"https:\/\/studyfurniture.eu\/ru\/produktas\/\u044d\u0440\u0433\u043e\u043d\u043e\u043c\u0438\u0447\u043d\u044b\u0439-\u043f\u0438\u0441\u044c\u043c\u0435\u043d\u043d\u044b\u0439-\u0441\u0442\u043e\u043b-e120\/\" \/>\n<meta property=\"og:locale\" content=\"ru_RU\" \/>\n<meta property=\"og:type\" content=\"article\" \/>\n<meta property=\"og:title\" content=\"Ergonomi\u0161kasis vaiki\u0161kas ra\u0161omasis iStudy stalas E120 | studyfurniture.eu\" \/>\n<meta property=\"og:description\" content=\"Ergonomi\u0161kasis vaiki\u0161kas ra\u0161omasis iStudy stalas E120 geriausia, ko reikia J\u016bs\u0173 vaikui! Naujausios technologijos stalas prisitaiko prie J\u016bs\u0173 augan\u010dio vaiko.\" \/>\n<meta property=\"og:url\" content=\"https:\/\/studyfurniture.eu\/ru\/produktas\/\u044d\u0440\u0433\u043e\u043d\u043e\u043c\u0438\u0447\u043d\u044b\u0439-\u043f\u0438\u0441\u044c\u043c\u0435\u043d\u043d\u044b\u0439-\u0441\u0442\u043e\u043b-e120\/\" \/>\n<meta property=\"og:site_name\" content=\"Studyfurniture.eu\" \/>\n<meta property=\"article:modified_time\" content=\"2020-02-06T12:38:48+00:00\" \/>\n<meta property=\"og:image\" content=\"https:\/\/studyfurniture.eu\/wp-content\/uploads\/2019\/08\/E120_iStudy_stalas_blue_1.jpg\" \/>\n\t<meta property=\"og:image:width\" content=\"1000\" \/>\n\t<meta property=\"og:image:height\" content=\"683\" \/>\n\t<meta property=\"og:image:type\" content=\"image\/jpeg\" \/>\n<meta name=\"twitter:card\" content=\"summary_large_image\" \/>\n<script type=\"application\/ld+json\" class=\"yoast-schema-graph\">{\"@context\":\"https:\/\/schema.org\",\"@graph\":[{\"@type\":\"WebPage\",\"@id\":\"https:\/\/studyfurniture.eu\/ru\/produktas\/%d1%8d%d1%80%d0%b3%d0%be%d0%bd%d0%be%d0%bc%d0%b8%d1%87%d0%bd%d1%8b%d0%b9-%d0%bf%d0%b8%d1%81%d1%8c%d0%bc%d0%b5%d0%bd%d0%bd%d1%8b%d0%b9-%d1%81%d1%82%d0%be%d0%bb-e120\/\",\"url\":\"https:\/\/studyfurniture.eu\/ru\/produktas\/%d1%8d%d1%80%d0%b3%d0%be%d0%bd%d0%be%d0%bc%d0%b8%d1%87%d0%bd%d1%8b%d0%b9-%d0%bf%d0%b8%d1%81%d1%8c%d0%bc%d0%b5%d0%bd%d0%bd%d1%8b%d0%b9-%d1%81%d1%82%d0%be%d0%bb-e120\/\",\"name\":\"Ergonomi\u0161kasis vaiki\u0161kas ra\u0161omasis iStudy stalas E120 | studyfurniture.eu\",\"isPartOf\":{\"@id\":\"https:\/\/dodgerblue-goat-845310.hostingersite.com\/#website\"},\"datePublished\":\"2019-08-06T10:33:13+00:00\",\"dateModified\":\"2020-02-06T12:38:48+00:00\",\"description\":\"Ergonomi\u0161kasis vaiki\u0161kas ra\u0161omasis iStudy stalas E120 geriausia, ko reikia J\u016bs\u0173 vaikui! Naujausios technologijos stalas prisitaiko prie J\u016bs\u0173 augan\u010dio vaiko.\",\"breadcrumb\":{\"@id\":\"https:\/\/studyfurniture.eu\/ru\/produktas\/%d1%8d%d1%80%d0%b3%d0%be%d0%bd%d0%be%d0%bc%d0%b8%d1%87%d0%bd%d1%8b%d0%b9-%d0%bf%d0%b8%d1%81%d1%8c%d0%bc%d0%b5%d0%bd%d0%bd%d1%8b%d0%b9-%d1%81%d1%82%d0%be%d0%bb-e120\/#breadcrumb\"},\"inLanguage\":\"ru-RU\",\"potentialAction\":[{\"@type\":\"ReadAction\",\"target\":[\"https:\/\/studyfurniture.eu\/ru\/produktas\/%d1%8d%d1%80%d0%b3%d0%be%d0%bd%d0%be%d0%bc%d0%b8%d1%87%d0%bd%d1%8b%d0%b9-%d0%bf%d0%b8%d1%81%d1%8c%d0%bc%d0%b5%d0%bd%d0%bd%d1%8b%d0%b9-%d1%81%d1%82%d0%be%d0%bb-e120\/\"]}]},{\"@type\":\"BreadcrumbList\",\"@id\":\"https:\/\/studyfurniture.eu\/ru\/produktas\/%d1%8d%d1%80%d0%b3%d0%be%d0%bd%d0%be%d0%bc%d0%b8%d1%87%d0%bd%d1%8b%d0%b9-%d0%bf%d0%b8%d1%81%d1%8c%d0%bc%d0%b5%d0%bd%d0%bd%d1%8b%d0%b9-%d1%81%d1%82%d0%be%d0%bb-e120\/#breadcrumb\",\"itemListElement\":[{\"@type\":\"ListItem\",\"position\":1,\"name\":\"Home\",\"item\":\"https:\/\/studyfurniture.eu\/ru\/\"},{\"@type\":\"ListItem\",\"position\":2,\"name\":\"\u0414\u043b\u044f \u0443\u0447\u0451\u0431\u044b \u0434\u043e\u043c\u0430\",\"item\":\"https:\/\/studyfurniture.eu\/ru\/mokymuisi-namuose-2\/\"},{\"@type\":\"ListItem\",\"position\":3,\"name\":\"\u042d\u0440\u0433\u043e\u043d\u043e\u043c\u0438\u0447\u043d\u044b\u0439 \u0441\u0442\u043e\u043b \u0434\u043b\u044f \u0434\u0435\u0442\u0441\u043a\u043e\u0433\u043e \u043e\u0444\u0438\u0441\u0430 E120\"}]},{\"@type\":\"WebSite\",\"@id\":\"https:\/\/dodgerblue-goat-845310.hostingersite.com\/#website\",\"url\":\"https:\/\/dodgerblue-goat-845310.hostingersite.com\/\",\"name\":\"Studyfurniture.eu\",\"description\":\"Ergonomi\u0161ki baldai mokymuisi: stalai, k\u0117d\u0117s\",\"potentialAction\":[{\"@type\":\"SearchAction\",\"target\":{\"@type\":\"EntryPoint\",\"urlTemplate\":\"https:\/\/dodgerblue-goat-845310.hostingersite.com\/?s={search_term_string}\"},\"query-input\":\"required name=search_term_string\"}],\"inLanguage\":\"ru-RU\"}]}<\/script>\n<!-- \/ Yoast SEO plugin. -->","yoast_head_json":{"title":"Ergonomi\u0161kasis vaiki\u0161kas ra\u0161omasis iStudy stalas E120 | studyfurniture.eu","description":"Ergonomi\u0161kasis vaiki\u0161kas ra\u0161omasis iStudy stalas E120 geriausia, ko reikia J\u016bs\u0173 vaikui! Naujausios technologijos stalas prisitaiko prie J\u016bs\u0173 augan\u010dio vaiko.","robots":{"index":"index","follow":"follow","max-snippet":"max-snippet:-1","max-image-preview":"max-image-preview:large","max-video-preview":"max-video-preview:-1"},"canonical":"https:\/\/studyfurniture.eu\/ru\/produktas\/\u044d\u0440\u0433\u043e\u043d\u043e\u043c\u0438\u0447\u043d\u044b\u0439-\u043f\u0438\u0441\u044c\u043c\u0435\u043d\u043d\u044b\u0439-\u0441\u0442\u043e\u043b-e120\/","og_locale":"ru_RU","og_type":"article","og_title":"Ergonomi\u0161kasis vaiki\u0161kas ra\u0161omasis iStudy stalas E120 | studyfurniture.eu","og_description":"Ergonomi\u0161kasis vaiki\u0161kas ra\u0161omasis iStudy stalas E120 geriausia, ko reikia J\u016bs\u0173 vaikui! Naujausios technologijos stalas prisitaiko prie J\u016bs\u0173 augan\u010dio vaiko.","og_url":"https:\/\/studyfurniture.eu\/ru\/produktas\/\u044d\u0440\u0433\u043e\u043d\u043e\u043c\u0438\u0447\u043d\u044b\u0439-\u043f\u0438\u0441\u044c\u043c\u0435\u043d\u043d\u044b\u0439-\u0441\u0442\u043e\u043b-e120\/","og_site_name":"Studyfurniture.eu","article_modified_time":"2020-02-06T12:38:48+00:00","og_image":[{"width":1000,"height":683,"url":"https:\/\/studyfurniture.eu\/wp-content\/uploads\/2019\/08\/E120_iStudy_stalas_blue_1.jpg","type":"image\/jpeg"}],"twitter_card":"summary_large_image","schema":{"@context":"https:\/\/schema.org","@graph":[{"@type":"WebPage","@id":"https:\/\/studyfurniture.eu\/ru\/produktas\/%d1%8d%d1%80%d0%b3%d0%be%d0%bd%d0%be%d0%bc%d0%b8%d1%87%d0%bd%d1%8b%d0%b9-%d0%bf%d0%b8%d1%81%d1%8c%d0%bc%d0%b5%d0%bd%d0%bd%d1%8b%d0%b9-%d1%81%d1%82%d0%be%d0%bb-e120\/","url":"https:\/\/studyfurniture.eu\/ru\/produktas\/%d1%8d%d1%80%d0%b3%d0%be%d0%bd%d0%be%d0%bc%d0%b8%d1%87%d0%bd%d1%8b%d0%b9-%d0%bf%d0%b8%d1%81%d1%8c%d0%bc%d0%b5%d0%bd%d0%bd%d1%8b%d0%b9-%d1%81%d1%82%d0%be%d0%bb-e120\/","name":"Ergonomi\u0161kasis vaiki\u0161kas ra\u0161omasis iStudy stalas E120 | studyfurniture.eu","isPartOf":{"@id":"https:\/\/dodgerblue-goat-845310.hostingersite.com\/#website"},"datePublished":"2019-08-06T10:33:13+00:00","dateModified":"2020-02-06T12:38:48+00:00","description":"Ergonomi\u0161kasis vaiki\u0161kas ra\u0161omasis iStudy stalas E120 geriausia, ko reikia J\u016bs\u0173 vaikui! Naujausios technologijos stalas prisitaiko prie J\u016bs\u0173 augan\u010dio vaiko.","breadcrumb":{"@id":"https:\/\/studyfurniture.eu\/ru\/produktas\/%d1%8d%d1%80%d0%b3%d0%be%d0%bd%d0%be%d0%bc%d0%b8%d1%87%d0%bd%d1%8b%d0%b9-%d0%bf%d0%b8%d1%81%d1%8c%d0%bc%d0%b5%d0%bd%d0%bd%d1%8b%d0%b9-%d1%81%d1%82%d0%be%d0%bb-e120\/#breadcrumb"},"inLanguage":"ru-RU","potentialAction":[{"@type":"ReadAction","target":["https:\/\/studyfurniture.eu\/ru\/produktas\/%d1%8d%d1%80%d0%b3%d0%be%d0%bd%d0%be%d0%bc%d0%b8%d1%87%d0%bd%d1%8b%d0%b9-%d0%bf%d0%b8%d1%81%d1%8c%d0%bc%d0%b5%d0%bd%d0%bd%d1%8b%d0%b9-%d1%81%d1%82%d0%be%d0%bb-e120\/"]}]},{"@type":"BreadcrumbList","@id":"https:\/\/studyfurniture.eu\/ru\/produktas\/%d1%8d%d1%80%d0%b3%d0%be%d0%bd%d0%be%d0%bc%d0%b8%d1%87%d0%bd%d1%8b%d0%b9-%d0%bf%d0%b8%d1%81%d1%8c%d0%bc%d0%b5%d0%bd%d0%bd%d1%8b%d0%b9-%d1%81%d1%82%d0%be%d0%bb-e120\/#breadcrumb","itemListElement":[{"@type":"ListItem","position":1,"name":"Home","item":"https:\/\/studyfurniture.eu\/ru\/"},{"@type":"ListItem","position":2,"name":"\u0414\u043b\u044f \u0443\u0447\u0451\u0431\u044b \u0434\u043e\u043c\u0430","item":"https:\/\/studyfurniture.eu\/ru\/mokymuisi-namuose-2\/"},{"@type":"ListItem","position":3,"name":"\u042d\u0440\u0433\u043e\u043d\u043e\u043c\u0438\u0447\u043d\u044b\u0439 \u0441\u0442\u043e\u043b \u0434\u043b\u044f \u0434\u0435\u0442\u0441\u043a\u043e\u0433\u043e \u043e\u0444\u0438\u0441\u0430 E120"}]},{"@type":"WebSite","@id":"https:\/\/dodgerblue-goat-845310.hostingersite.com\/#website","url":"https:\/\/dodgerblue-goat-845310.hostingersite.com\/","name":"Studyfurniture.eu","description":"Ergonomi\u0161ki baldai mokymuisi: stalai, k\u0117d\u0117s","potentialAction":[{"@type":"SearchAction","target":{"@type":"EntryPoint","urlTemplate":"https:\/\/dodgerblue-goat-845310.hostingersite.com\/?s={search_term_string}"},"query-input":"required name=search_term_string"}],"inLanguage":"ru-RU"}]}},"_links":{"self":[{"href":"https:\/\/studyfurniture.eu\/ru\/wp-json\/wp\/v2\/product\/2451"}],"collection":[{"href":"https:\/\/studyfurniture.eu\/ru\/wp-json\/wp\/v2\/product"}],"about":[{"href":"https:\/\/studyfurniture.eu\/ru\/wp-json\/wp\/v2\/types\/product"}],"replies":[{"embeddable":true,"href":"https:\/\/studyfurniture.eu\/ru\/wp-json\/wp\/v2\/comments?post=2451"}],"wp:featuredmedia":[{"embeddable":true,"href":"https:\/\/studyfurniture.eu\/ru\/wp-json\/wp\/v2\/media\/351"}],"wp:attachment":[{"href":"https:\/\/studyfurniture.eu\/ru\/wp-json\/wp\/v2\/media?parent=2451"}],"curies":[{"name":"wp","href":"https:\/\/api.w.org\/{rel}","templated":true}]}}