{"id":2570,"date":"2020-02-13T12:34:28","date_gmt":"2020-02-13T14:34:28","guid":{"rendered":"https:\/\/www.studyfurniture.eu\/%d1%82%d0%b8%d1%82%d1%83%d0%bb%d1%8c%d0%bd%d1%8b%d0%b9\/"},"modified":"2023-04-24T09:24:51","modified_gmt":"2023-04-24T11:24:51","slug":"%d1%82%d0%b8%d1%82%d1%83%d0%bb%d1%8c%d0%bd%d1%8b%d0%b9","status":"publish","type":"page","link":"https:\/\/studyfurniture.eu\/ru\/","title":{"rendered":"\u0442\u0438\u0442\u0443\u043b\u044c\u043d\u044b\u0439"},"content":{"rendered":"<h2 class=\"western\"><span lang=\"ru-RU\">\u042d\u0420\u0413\u041e\u041d\u041e\u041c\u0418\u0427\u041d\u041e\u0421\u0422\u042c<\/span><\/h2>\n<p><span lang=\"ru-RU\">\u041d\u0430\u0448\u0430 \u043c\u0435\u0431\u0435\u043b\u044c \u0440\u0430\u0437\u0440\u0430\u0431\u0430\u0442\u044b\u0432\u0430\u0435\u0442\u0441\u044f \u0441 \u0443\u0447\u0451\u0442\u043e\u043c \u0441\u0442\u0440\u043e\u0435\u043d\u0438\u044f \u0447\u0435\u043b\u043e\u0432\u0435\u0447\u0435\u0441\u043a\u043e\u0433\u043e \u0442\u0435\u043b\u0430, \u043f\u043e\u0442\u0440\u0435\u0431\u043d\u043e\u0441\u0442\u0435\u0439 \u0438 \u043f\u0440\u0438\u0432\u044b\u0447\u0435\u043a \u0440\u0430\u0441\u0442\u0443\u0449\u0438\u0445 \u0434\u0435\u0442\u0435\u0439, \u0447\u0442\u043e\u0431\u044b \u0443\u0447\u0435\u0431\u043d\u044b\u0439 \u043f\u0440\u043e\u0446\u0435\u0441\u0441 \u043d\u0435 \u0431\u044b\u043b \u0434\u043b\u044f \u043d\u0438\u0445 \u0443\u0442\u043e\u043c\u0438\u0442\u0435\u043b\u044c\u043d\u044b\u043c, \u0430 \u0444\u043e\u0440\u043c\u0438\u0440\u043e\u0432\u0430\u043d\u0438\u0435 \u043f\u0440\u0430\u0432\u0438\u043b\u044c\u043d\u043e\u0439 \u043e\u0441\u0430\u043d\u043a\u0438 \u043d\u0435 \u0441\u0442\u0430\u043b\u043e \u043f\u0440\u043e\u0431\u043b\u0435\u043c\u043e\u0439.<\/span><\/p>\n<h2 class=\"western\"><span lang=\"ru-RU\">\u041d\u0410\u0414\u0415\u0416\u041d\u042b\u0415, \u041b\u0401\u0413\u041a\u0418\u0415 \u041a\u041e\u041d\u0421\u0422\u0420\u0423\u041a\u0426\u0418\u0418<\/span><\/h2>\n<p><span lang=\"ru-RU\">\u041c\u044b \u0438\u0441\u043f\u043e\u043b\u044c\u0437\u0443\u0435\u043c \u043b\u0451\u0433\u043a\u0438\u0435, \u043d\u0430\u0434\u0451\u0436\u043d\u044b\u0435 \u0441\u043e\u0432\u0440\u0435\u043c\u0435\u043d\u043d\u044b\u0435 \u043c\u0430\u0442\u0435\u0440\u0438\u0430\u043b\u044b, \u043a\u043e\u0442\u043e\u0440\u044b\u0435 \u043f\u043e\u0437\u0432\u043e\u043b\u044f\u044e\u0442 \u0441\u043e\u0437\u0434\u0430\u0432\u0430\u0442\u044c \u043b\u0451\u0433\u043a\u0438\u0435 \u043a\u043e\u043d\u0441\u0442\u0440\u0443\u043a\u0446\u0438\u0438, \u0443\u0434\u043e\u0431\u043d\u044b\u0435 \u0432 \u0438\u0441\u043f\u043e\u043b\u044c\u0437\u043e\u0432\u0430\u043d\u0438\u0438 \u0438 \u044d\u043a\u043e\u043d\u043e\u043c\u0438\u0447\u043d\u044b\u0435 \u0441 \u0442\u043e\u0447\u043a\u0438 \u0437\u0440\u0435\u043d\u0438\u044f \u0437\u0430\u043d\u0438\u043c\u0430\u0435\u043c\u043e\u0433\u043e \u043c\u0435\u0441\u0442\u0430 \u0438 \u0440\u0430\u0441\u0441\u0442\u0430\u043d\u043e\u0432\u043a\u0438. <\/span><\/p>\n<h2 class=\"western\"><span lang=\"ru-RU\">\u041a\u041e\u041c\u0424\u041e\u0420\u0422, \u041f\u0420\u041e\u0414\u0423\u041c\u0410\u041d\u041d\u042b\u0419 \u0414\u041e \u041c\u0415\u041b\u041e\u0427\u0415\u0419<\/span><\/h2>\n<p><span lang=\"ru-RU\">\u041a\u0430\u0436\u0434\u044b\u0439 \u0438\u0437\u0433\u0438\u0431, \u043a\u0430\u0436\u0434\u043e\u0435 \u0432\u043e\u0437\u0432\u044b\u0448\u0435\u043d\u0438\u0435, \u043f\u043e\u043b\u043e\u0447\u043a\u0430, \u043a\u0440\u044e\u0447\u043e\u043a \u2013 \u0432\u0441\u0451 \u044d\u0442\u043e \u0434\u043b\u044f \u0442\u043e\u0433\u043e, \u0447\u0442\u043e\u0431\u044b \u043f\u0440\u0438 \u043f\u043e\u043b\u044c\u0437\u043e\u0432\u0430\u043d\u0438\u0438 \u044d\u0442\u043e\u0439 \u043c\u0435\u0431\u0435\u043b\u044c\u044e \u0432\u044b \u0447\u0443\u0432\u0441\u0442\u0432\u043e\u0432\u0430\u043b\u0438 \u0441\u0435\u0431\u044f \u043a\u043e\u043c\u0444\u043e\u0440\u0442\u043d\u043e, \u0430 \u043d\u0435 \u0438\u0441\u043f\u044b\u0442\u044b\u0432\u0430\u043b\u0438 \u043c\u0443\u0447\u0435\u043d\u0438\u044f, \u0432\u044b\u0437\u044b\u0432\u0430\u0435\u043c\u044b\u0435 \u043d\u0435\u0443\u0434\u043e\u0431\u043d\u044b\u043c \u043f\u043e\u043b\u043e\u0436\u0435\u043d\u0438\u0435\u043c. <\/span><\/p>\n<h2 class=\"western\"><span lang=\"ru-RU\">\u0420\u0410\u0417\u041d\u041e\u041e\u0411\u0420\u0410\u0417\u0418\u0415<\/span><\/h2>\n<p><span lang=\"ru-RU\">\u041c\u0435\u0431\u0435\u043b\u044c \u043d\u0435\u0441\u0442\u0430\u043d\u0434\u0430\u0440\u0442\u043d\u043e\u0439 \u0444\u043e\u0440\u043c\u044b \u043f\u043e\u0437\u0432\u043e\u043b\u044f\u0435\u0442 \u0441\u043e\u0437\u0434\u0430\u0432\u0430\u0442\u044c \u0432 \u043f\u043e\u043c\u0435\u0449\u0435\u043d\u0438\u044f\u0445 \u043a\u043b\u0430\u0441\u0441\u043e\u0432 \u0440\u0430\u0437\u043b\u0438\u0447\u043d\u044b\u0435 \u0432\u0430\u0440\u0438\u0430\u043d\u0442\u044b \u0435\u0451 \u0440\u0430\u0441\u043f\u043e\u043b\u043e\u0436\u0435\u043d\u0438\u044f, \u043e\u043d\u0430 \u0443\u0434\u043e\u0431\u043d\u0430 \u043a\u0430\u043a \u043f\u0440\u0438 \u0438\u043d\u0434\u0438\u0432\u0438\u0434\u0443\u0430\u043b\u044c\u043d\u044b\u0445 \u0437\u0430\u043d\u044f\u0442\u0438\u044f\u0445, \u0442\u0430\u043a \u0438 \u043f\u0440\u0438 \u0433\u0440\u0443\u043f\u043f\u043e\u0432\u044b\u0445.<\/span><\/p>\n","protected":false},"excerpt":{"rendered":"<p>\u042d\u0420\u0413\u041e\u041d\u041e\u041c\u0418\u0427\u041d\u041e\u0421\u0422\u042c \u041d\u0430\u0448\u0430 \u043c\u0435\u0431\u0435\u043b\u044c \u0440\u0430\u0437\u0440\u0430\u0431\u0430\u0442\u044b\u0432\u0430\u0435\u0442\u0441\u044f \u0441 \u0443\u0447\u0451\u0442\u043e\u043c \u0441\u0442\u0440\u043e\u0435\u043d\u0438\u044f \u0447\u0435\u043b\u043e\u0432\u0435\u0447\u0435\u0441\u043a\u043e\u0433\u043e \u0442\u0435\u043b\u0430, \u043f\u043e\u0442\u0440\u0435\u0431\u043d\u043e\u0441\u0442\u0435\u0439 \u0438 \u043f\u0440\u0438\u0432\u044b\u0447\u0435\u043a \u0440\u0430\u0441\u0442\u0443\u0449\u0438\u0445 \u0434\u0435\u0442\u0435\u0439, \u0447\u0442\u043e\u0431\u044b \u0443\u0447\u0435\u0431\u043d\u044b\u0439 \u043f\u0440\u043e\u0446\u0435\u0441\u0441 \u043d\u0435 \u0431\u044b\u043b \u0434\u043b\u044f \u043d\u0438\u0445 \u0443\u0442\u043e\u043c\u0438\u0442\u0435\u043b\u044c\u043d\u044b\u043c, \u0430 \u0444\u043e\u0440\u043c\u0438\u0440\u043e\u0432\u0430\u043d\u0438\u0435 \u043f\u0440\u0430\u0432\u0438\u043b\u044c\u043d\u043e\u0439 \u043e\u0441\u0430\u043d\u043a\u0438 \u043d\u0435 \u0441\u0442\u0430\u043b\u043e \u043f\u0440\u043e\u0431\u043b\u0435\u043c\u043e\u0439. \u041d\u0410\u0414\u0415\u0416\u041d\u042b\u0415, \u041b\u0401\u0413\u041a\u0418\u0415 \u041a\u041e\u041d\u0421\u0422\u0420\u0423\u041a\u0426\u0418\u0418 \u041c\u044b \u0438\u0441\u043f\u043e\u043b\u044c\u0437\u0443\u0435\u043c \u043b\u0451\u0433\u043a\u0438\u0435, \u043d\u0430\u0434\u0451\u0436\u043d\u044b\u0435 \u0441\u043e\u0432\u0440\u0435\u043c\u0435\u043d\u043d\u044b\u0435 \u043c\u0430\u0442\u0435\u0440\u0438\u0430\u043b\u044b, \u043a\u043e\u0442\u043e\u0440\u044b\u0435 \u043f\u043e\u0437\u0432\u043e\u043b\u044f\u044e\u0442 \u0441\u043e\u0437\u0434\u0430\u0432\u0430\u0442\u044c \u043b\u0451\u0433\u043a\u0438\u0435 \u043a\u043e\u043d\u0441\u0442\u0440\u0443\u043a\u0446\u0438\u0438, \u0443\u0434\u043e\u0431\u043d\u044b\u0435 \u0432 \u0438\u0441\u043f\u043e\u043b\u044c\u0437\u043e\u0432\u0430\u043d\u0438\u0438 \u0438 \u044d\u043a\u043e\u043d\u043e\u043c\u0438\u0447\u043d\u044b\u0435 \u0441 \u0442\u043e\u0447\u043a\u0438 \u0437\u0440\u0435\u043d\u0438\u044f \u0437\u0430\u043d\u0438\u043c\u0430\u0435\u043c\u043e\u0433\u043e \u043c\u0435\u0441\u0442\u0430 \u0438 \u0440\u0430\u0441\u0441\u0442\u0430\u043d\u043e\u0432\u043a\u0438. [&hellip;]<\/p>\n","protected":false},"author":1,"featured_media":83,"parent":0,"menu_order":0,"comment_status":"closed","ping_status":"closed","template":"","meta":[],"acf":[],"yoast_head":"<!-- This site is optimized with the Yoast SEO plugin v19.7.2 - https:\/\/yoast.com\/wordpress\/plugins\/seo\/ -->\n<title>Ergonomi\u0161ki ESCO mokykliniai baldai: stalai, k\u0117d\u0117s | studyfurniture.eu<\/title>\n<meta name=\"description\" content=\"Ergonomi\u0161ki ESCO mokykliniai baldai: stalai, k\u0117d\u0117s, mobilios lentynos, lentos, mink\u0161tasuoli\u0173 sistemos.\" \/>\n<meta name=\"robots\" content=\"index, follow, max-snippet:-1, max-image-preview:large, max-video-preview:-1\" \/>\n<link rel=\"canonical\" href=\"https:\/\/studyfurniture.eu\/ru\/\" \/>\n<meta property=\"og:locale\" content=\"ru_RU\" \/>\n<meta property=\"og:type\" content=\"article\" \/>\n<meta property=\"og:title\" content=\"Ergonomi\u0161ki ESCO mokykliniai baldai: stalai, k\u0117d\u0117s | studyfurniture.eu\" \/>\n<meta property=\"og:description\" content=\"Ergonomi\u0161ki ESCO mokykliniai baldai: stalai, k\u0117d\u0117s, mobilios lentynos, lentos, mink\u0161tasuoli\u0173 sistemos.\" \/>\n<meta property=\"og:url\" content=\"https:\/\/studyfurniture.eu\/ru\/\" \/>\n<meta property=\"og:site_name\" content=\"Studyfurniture.eu\" \/>\n<meta property=\"article:modified_time\" content=\"2023-04-24T11:24:51+00:00\" \/>\n<meta property=\"og:image\" content=\"https:\/\/studyfurniture.eu\/wp-content\/uploads\/2019\/07\/worth_transparent.png\" \/>\n\t<meta property=\"og:image:width\" content=\"651\" \/>\n\t<meta property=\"og:image:height\" content=\"873\" \/>\n\t<meta property=\"og:image:type\" content=\"image\/png\" \/>\n<meta name=\"twitter:card\" content=\"summary_large_image\" \/>\n<script type=\"application\/ld+json\" class=\"yoast-schema-graph\">{\"@context\":\"https:\/\/schema.org\",\"@graph\":[{\"@type\":\"WebPage\",\"@id\":\"https:\/\/studyfurniture.eu\/ru\/\",\"url\":\"https:\/\/studyfurniture.eu\/ru\/\",\"name\":\"Ergonomi\u0161ki ESCO mokykliniai baldai: stalai, k\u0117d\u0117s | studyfurniture.eu\",\"isPartOf\":{\"@id\":\"https:\/\/dodgerblue-goat-845310.hostingersite.com\/#website\"},\"datePublished\":\"2020-02-13T14:34:28+00:00\",\"dateModified\":\"2023-04-24T11:24:51+00:00\",\"description\":\"Ergonomi\u0161ki ESCO mokykliniai baldai: stalai, k\u0117d\u0117s, mobilios lentynos, lentos, mink\u0161tasuoli\u0173 sistemos.\",\"breadcrumb\":{\"@id\":\"https:\/\/studyfurniture.eu\/ru\/#breadcrumb\"},\"inLanguage\":\"ru-RU\",\"potentialAction\":[{\"@type\":\"ReadAction\",\"target\":[\"https:\/\/studyfurniture.eu\/ru\/\"]}]},{\"@type\":\"BreadcrumbList\",\"@id\":\"https:\/\/studyfurniture.eu\/ru\/#breadcrumb\",\"itemListElement\":[{\"@type\":\"ListItem\",\"position\":1,\"name\":\"Home\",\"item\":\"https:\/\/studyfurniture.eu\/ru\/\"},{\"@type\":\"ListItem\",\"position\":2,\"name\":\"\u0442\u0438\u0442\u0443\u043b\u044c\u043d\u044b\u0439\"}]},{\"@type\":\"WebSite\",\"@id\":\"https:\/\/dodgerblue-goat-845310.hostingersite.com\/#website\",\"url\":\"https:\/\/dodgerblue-goat-845310.hostingersite.com\/\",\"name\":\"Studyfurniture.eu\",\"description\":\"Ergonomi\u0161ki baldai mokymuisi: stalai, k\u0117d\u0117s\",\"potentialAction\":[{\"@type\":\"SearchAction\",\"target\":{\"@type\":\"EntryPoint\",\"urlTemplate\":\"https:\/\/dodgerblue-goat-845310.hostingersite.com\/?s={search_term_string}\"},\"query-input\":\"required name=search_term_string\"}],\"inLanguage\":\"ru-RU\"}]}<\/script>\n<!-- \/ Yoast SEO plugin. -->","yoast_head_json":{"title":"Ergonomi\u0161ki ESCO mokykliniai baldai: stalai, k\u0117d\u0117s | studyfurniture.eu","description":"Ergonomi\u0161ki ESCO mokykliniai baldai: stalai, k\u0117d\u0117s, mobilios lentynos, lentos, mink\u0161tasuoli\u0173 sistemos.","robots":{"index":"index","follow":"follow","max-snippet":"max-snippet:-1","max-image-preview":"max-image-preview:large","max-video-preview":"max-video-preview:-1"},"canonical":"https:\/\/studyfurniture.eu\/ru\/","og_locale":"ru_RU","og_type":"article","og_title":"Ergonomi\u0161ki ESCO mokykliniai baldai: stalai, k\u0117d\u0117s | studyfurniture.eu","og_description":"Ergonomi\u0161ki ESCO mokykliniai baldai: stalai, k\u0117d\u0117s, mobilios lentynos, lentos, mink\u0161tasuoli\u0173 sistemos.","og_url":"https:\/\/studyfurniture.eu\/ru\/","og_site_name":"Studyfurniture.eu","article_modified_time":"2023-04-24T11:24:51+00:00","og_image":[{"width":651,"height":873,"url":"https:\/\/studyfurniture.eu\/wp-content\/uploads\/2019\/07\/worth_transparent.png","type":"image\/png"}],"twitter_card":"summary_large_image","schema":{"@context":"https:\/\/schema.org","@graph":[{"@type":"WebPage","@id":"https:\/\/studyfurniture.eu\/ru\/","url":"https:\/\/studyfurniture.eu\/ru\/","name":"Ergonomi\u0161ki ESCO mokykliniai baldai: stalai, k\u0117d\u0117s | studyfurniture.eu","isPartOf":{"@id":"https:\/\/dodgerblue-goat-845310.hostingersite.com\/#website"},"datePublished":"2020-02-13T14:34:28+00:00","dateModified":"2023-04-24T11:24:51+00:00","description":"Ergonomi\u0161ki ESCO mokykliniai baldai: stalai, k\u0117d\u0117s, mobilios lentynos, lentos, mink\u0161tasuoli\u0173 sistemos.","breadcrumb":{"@id":"https:\/\/studyfurniture.eu\/ru\/#breadcrumb"},"inLanguage":"ru-RU","potentialAction":[{"@type":"ReadAction","target":["https:\/\/studyfurniture.eu\/ru\/"]}]},{"@type":"BreadcrumbList","@id":"https:\/\/studyfurniture.eu\/ru\/#breadcrumb","itemListElement":[{"@type":"ListItem","position":1,"name":"Home","item":"https:\/\/studyfurniture.eu\/ru\/"},{"@type":"ListItem","position":2,"name":"\u0442\u0438\u0442\u0443\u043b\u044c\u043d\u044b\u0439"}]},{"@type":"WebSite","@id":"https:\/\/dodgerblue-goat-845310.hostingersite.com\/#website","url":"https:\/\/dodgerblue-goat-845310.hostingersite.com\/","name":"Studyfurniture.eu","description":"Ergonomi\u0161ki baldai mokymuisi: stalai, k\u0117d\u0117s","potentialAction":[{"@type":"SearchAction","target":{"@type":"EntryPoint","urlTemplate":"https:\/\/dodgerblue-goat-845310.hostingersite.com\/?s={search_term_string}"},"query-input":"required name=search_term_string"}],"inLanguage":"ru-RU"}]}},"_links":{"self":[{"href":"https:\/\/studyfurniture.eu\/ru\/wp-json\/wp\/v2\/pages\/2570"}],"collection":[{"href":"https:\/\/studyfurniture.eu\/ru\/wp-json\/wp\/v2\/pages"}],"about":[{"href":"https:\/\/studyfurniture.eu\/ru\/wp-json\/wp\/v2\/types\/page"}],"author":[{"embeddable":true,"href":"https:\/\/studyfurniture.eu\/ru\/wp-json\/wp\/v2\/users\/1"}],"replies":[{"embeddable":true,"href":"https:\/\/studyfurniture.eu\/ru\/wp-json\/wp\/v2\/comments?post=2570"}],"version-history":[{"count":1,"href":"https:\/\/studyfurniture.eu\/ru\/wp-json\/wp\/v2\/pages\/2570\/revisions"}],"predecessor-version":[{"id":2571,"href":"https:\/\/studyfurniture.eu\/ru\/wp-json\/wp\/v2\/pages\/2570\/revisions\/2571"}],"wp:featuredmedia":[{"embeddable":true,"href":"https:\/\/studyfurniture.eu\/ru\/wp-json\/wp\/v2\/media\/83"}],"wp:attachment":[{"href":"https:\/\/studyfurniture.eu\/ru\/wp-json\/wp\/v2\/media?parent=2570"}],"curies":[{"name":"wp","href":"https:\/\/api.w.org\/{rel}","templated":true}]}}