{"id":2494,"date":"2019-08-06T08:31:20","date_gmt":"2019-08-06T10:31:20","guid":{"rendered":"https:\/\/www.studyfurniture.eu\/produktas\/kresls-c06a\/"},"modified":"2020-02-06T10:59:46","modified_gmt":"2020-02-06T12:59:46","slug":"kresls-c06a","status":"publish","type":"product","link":"https:\/\/studyfurniture.eu\/lv\/produktas\/kresls-c06a\/","title":{"rendered":"Kr\u0113sls C06A"},"content":{"rendered":"<p class=\"western\" lang=\"lv-LV\"><span style=\"font-family: Times New Roman, serif;\"><span style=\"font-size: medium;\"><b>Ergonomiskais b\u0113rna biroja kr\u0113sls \u2013 t\u0101 ir lieliska m\u0101c\u012b\u0161an\u0101s un aug\u0161anas sader\u012bba. \u0160is kr\u0113sls aizsarg\u0101 plecus un muguru, pal\u012bdz izbaud\u012bt m\u0101c\u012b\u0161anos.\u00a0Radiniet savus b\u0113rnus s\u0113d\u0113t pareizi.<\/b><\/span><\/span><\/p>\n<p class=\"western\" lang=\"lv-LV\" align=\"justify\"><span style=\"font-family: Times New Roman, serif;\"><span style=\"font-size: medium;\">Atzveltnes augstums, s\u0113dek\u013ca augstums un dzi\u013cums tiek regul\u0113ti, t\u0101 nodro\u0161inot mugurkaula aizsardz\u012bbu un pareizu s\u0113d\u0113\u0161anas veidu. Divu da\u013cu muguras atzveltne efekt\u012bvi samazina spiedienu uz muguru. Atzveltne gareniski piek\u013caujas muguras musku\u013ciem un nepieskaras mugurkaulam.<\/span><\/span><\/p>\n<p class=\"western\" lang=\"lv-LV\" align=\"justify\"><span style=\"font-family: Times New Roman, serif;\"><span style=\"font-size: medium;\">Kr\u0113sls ir izgatavots no m\u012bkstas kokvilnas apvalka ar \u201eatmi\u0146u\u201d, kas ilgsto\u0161i saglab\u0101 formu un elast\u012bbu. Pareizs s\u0113d\u0113\u0161anas veids samazina spiedienu uz gurniem, uzlabo asinsriti.<\/span><\/span><\/p>\n<p class=\"western\" lang=\"lv-LV\" align=\"justify\"><span style=\"font-family: Times New Roman, serif;\"><span style=\"font-size: medium;\">Kr\u0113sls ir viegli p\u0101rb\u012bd\u0101ms. Aps\u0113\u017eoties s\u0101k darboties 20 kg spont\u0101nas gravit\u0101cijas rite\u0146u bremzes, kuras nodro\u0161ina papildus dro\u0161\u012bbu. Tauri\u0146a formas pamatnes virsma nav slidena un ir dro\u0161a, nodilumiztur\u012bgs p\u0113du balsts neizraisa p\u0113du tirp\u0161anu.<\/span><\/span><\/p>\n<p class=\"western\" lang=\"lv-LV\" align=\"justify\"><span style=\"font-family: Times New Roman, serif;\"><span style=\"font-size: medium;\">\u0160is kr\u0113sls ir ieskats n\u0101kotn\u0113, piem\u0113rots visu vecumu grup\u0101m no 3 gadu vecuma.<\/span><\/span><\/p>\n<p class=\"western\" lang=\"lv-LV\"><span style=\"font-family: Times New Roman, serif;\"><span style=\"font-size: medium;\"><u><b>Specifik\u0101cijas: <\/b><\/u><\/span><\/span><\/p>\n<p class=\"western\" lang=\"lv-LV\"><span style=\"font-family: Times New Roman, serif;\"><span style=\"font-size: medium;\">Stils: ergonomiskais\/modernais<\/span><\/span><\/p>\n<p class=\"western\" lang=\"lv-LV\"><span style=\"font-family: Times New Roman, serif;\"><span style=\"font-size: medium;\">Apdares materi\u0101li: ABS plastmasa, \u013coti elast\u012bgs putu poliuret\u0101ns, kokvilnas gobel\u0113ns <\/span><\/span><\/p>\n<p class=\"western\" lang=\"lv-LV\"><span style=\"font-family: Times New Roman, serif;\"><span style=\"font-size: medium;\">R\u0101mja kr\u0101sa: pel\u0113k\u0101<\/span><\/span><\/p>\n<p class=\"western\" lang=\"lv-LV\"><span style=\"font-family: Times New Roman, serif;\"><span style=\"font-size: medium;\">Gobel\u0113na kr\u0101sa: zila\/roz\u0101<\/span><\/span><\/p>\n<p class=\"western\" lang=\"lv-LV\"><span style=\"font-family: Times New Roman, serif;\"><span style=\"font-size: medium;\">Preces svars ar iepakojumu: 15 kg<\/span><\/span><\/p>\n<p class=\"western\" lang=\"lv-LV\"><span style=\"font-family: Times New Roman, serif;\"><span style=\"font-size: medium;\">Maksim\u0101lais pie\u013caujamais svars: 100 kg<\/span><\/span><\/p>\n<p class=\"western\" lang=\"lv-LV\"><span style=\"font-family: Times New Roman, serif;\"><span style=\"font-size: medium;\">Funkcijas: gravit\u0101cijas rite\u0146u bremzes<\/span><\/span><\/p>\n","protected":false},"excerpt":{"rendered":"<p class=\"western\" lang=\"lv-LV\"><span style=\"font-family: Times New Roman, serif;\"><span style=\"font-size: medium;\">Ergonomiskais b\u0113rna biroja kr\u0113sls \u2013ir mugurkaula aizsardz\u012bbas un pareizas s\u0113d\u0113\u0161anas garantija!<\/span><\/span><\/p>\n<p class=\"western\" lang=\"lv-LV\"><span style=\"font-family: Times New Roman, serif;\"><span style=\"font-size: medium;\">L\u016bdzu, piev\u0113rsiet uzman\u012bbu tam, ka kr\u0113slu kr\u0101sa fotogr\u0101fij\u0101s var mazliet at\u0161\u0137irties no ori\u0123in\u0101l\u0101s kr\u0113slu kr\u0101sas.<\/span><\/span><\/p>\n","protected":false},"featured_media":2496,"comment_status":"open","ping_status":"closed","template":"","meta":[],"acf":[],"yoast_head":"<!-- This site is optimized with the Yoast SEO plugin v19.7.2 - https:\/\/yoast.com\/wordpress\/plugins\/seo\/ -->\n<title>Ergonomi\u0161koji vaiko biuro k\u0117d\u0117 iStudy C06A | studyfurniture.eu<\/title>\n<meta name=\"description\" content=\"Ergonomi\u0161koji vaiki\u0161ka iStudy k\u0117d\u0117 C06A -\u00a0tai patogi ir moderni k\u0117d\u0117. Ji saugo pe\u010dius ir nugar\u0105, padeda m\u0117gautis mokymusi ir u\u017etikrina taisykling\u0105 s\u0117d\u0117sen\u0105.\" \/>\n<meta name=\"robots\" content=\"index, follow, max-snippet:-1, max-image-preview:large, max-video-preview:-1\" \/>\n<link rel=\"canonical\" href=\"https:\/\/studyfurniture.eu\/lv\/produktas\/kresls-c06a\/\" \/>\n<meta property=\"og:locale\" content=\"lv_LV\" \/>\n<meta property=\"og:type\" content=\"article\" \/>\n<meta property=\"og:title\" content=\"Ergonomi\u0161koji vaiko biuro k\u0117d\u0117 iStudy C06A | studyfurniture.eu\" \/>\n<meta property=\"og:description\" content=\"Ergonomi\u0161koji vaiki\u0161ka iStudy k\u0117d\u0117 C06A -\u00a0tai patogi ir moderni k\u0117d\u0117. Ji saugo pe\u010dius ir nugar\u0105, padeda m\u0117gautis mokymusi ir u\u017etikrina taisykling\u0105 s\u0117d\u0117sen\u0105.\" \/>\n<meta property=\"og:url\" content=\"https:\/\/studyfurniture.eu\/lv\/produktas\/kresls-c06a\/\" \/>\n<meta property=\"og:site_name\" content=\"Studyfurniture.eu\" \/>\n<meta property=\"article:modified_time\" content=\"2020-02-06T12:59:46+00:00\" \/>\n<meta property=\"og:image\" content=\"https:\/\/studyfurniture.eu\/wp-content\/uploads\/2019\/08\/C06A_iStudy_kede_blue_1.jpg\" \/>\n\t<meta property=\"og:image:width\" content=\"1000\" \/>\n\t<meta property=\"og:image:height\" content=\"667\" \/>\n\t<meta property=\"og:image:type\" content=\"image\/jpeg\" \/>\n<meta name=\"twitter:card\" content=\"summary_large_image\" \/>\n<meta name=\"twitter:label1\" content=\"Est. reading time\" \/>\n\t<meta name=\"twitter:data1\" content=\"1 minute\" \/>\n<script type=\"application\/ld+json\" class=\"yoast-schema-graph\">{\"@context\":\"https:\/\/schema.org\",\"@graph\":[{\"@type\":\"WebPage\",\"@id\":\"https:\/\/studyfurniture.eu\/lv\/produktas\/kresls-c06a\/\",\"url\":\"https:\/\/studyfurniture.eu\/lv\/produktas\/kresls-c06a\/\",\"name\":\"Ergonomi\u0161koji vaiko biuro k\u0117d\u0117 iStudy C06A | studyfurniture.eu\",\"isPartOf\":{\"@id\":\"https:\/\/dodgerblue-goat-845310.hostingersite.com\/#website\"},\"datePublished\":\"2019-08-06T10:31:20+00:00\",\"dateModified\":\"2020-02-06T12:59:46+00:00\",\"description\":\"Ergonomi\u0161koji vaiki\u0161ka iStudy k\u0117d\u0117 C06A -\u00a0tai patogi ir moderni k\u0117d\u0117. Ji saugo pe\u010dius ir nugar\u0105, padeda m\u0117gautis mokymusi ir u\u017etikrina taisykling\u0105 s\u0117d\u0117sen\u0105.\",\"breadcrumb\":{\"@id\":\"https:\/\/studyfurniture.eu\/lv\/produktas\/kresls-c06a\/#breadcrumb\"},\"inLanguage\":\"lv-LV\",\"potentialAction\":[{\"@type\":\"ReadAction\",\"target\":[\"https:\/\/studyfurniture.eu\/lv\/produktas\/kresls-c06a\/\"]}]},{\"@type\":\"BreadcrumbList\",\"@id\":\"https:\/\/studyfurniture.eu\/lv\/produktas\/kresls-c06a\/#breadcrumb\",\"itemListElement\":[{\"@type\":\"ListItem\",\"position\":1,\"name\":\"Home\",\"item\":\"https:\/\/studyfurniture.eu\/lv\/\"},{\"@type\":\"ListItem\",\"position\":2,\"name\":\"\u0414\u043b\u044f \u0443\u0447\u0451\u0431\u044b \u0434\u043e\u043c\u0430\",\"item\":\"https:\/\/studyfurniture.eu\/ru\/mokymuisi-namuose-2\/\"},{\"@type\":\"ListItem\",\"position\":3,\"name\":\"Kr\u0113sls C06A\"}]},{\"@type\":\"WebSite\",\"@id\":\"https:\/\/dodgerblue-goat-845310.hostingersite.com\/#website\",\"url\":\"https:\/\/dodgerblue-goat-845310.hostingersite.com\/\",\"name\":\"Studyfurniture.eu\",\"description\":\"Ergonomi\u0161ki baldai mokymuisi: stalai, k\u0117d\u0117s\",\"potentialAction\":[{\"@type\":\"SearchAction\",\"target\":{\"@type\":\"EntryPoint\",\"urlTemplate\":\"https:\/\/dodgerblue-goat-845310.hostingersite.com\/?s={search_term_string}\"},\"query-input\":\"required name=search_term_string\"}],\"inLanguage\":\"lv-LV\"}]}<\/script>\n<!-- \/ Yoast SEO plugin. -->","yoast_head_json":{"title":"Ergonomi\u0161koji vaiko biuro k\u0117d\u0117 iStudy C06A | studyfurniture.eu","description":"Ergonomi\u0161koji vaiki\u0161ka iStudy k\u0117d\u0117 C06A -\u00a0tai patogi ir moderni k\u0117d\u0117. Ji saugo pe\u010dius ir nugar\u0105, padeda m\u0117gautis mokymusi ir u\u017etikrina taisykling\u0105 s\u0117d\u0117sen\u0105.","robots":{"index":"index","follow":"follow","max-snippet":"max-snippet:-1","max-image-preview":"max-image-preview:large","max-video-preview":"max-video-preview:-1"},"canonical":"https:\/\/studyfurniture.eu\/lv\/produktas\/kresls-c06a\/","og_locale":"lv_LV","og_type":"article","og_title":"Ergonomi\u0161koji vaiko biuro k\u0117d\u0117 iStudy C06A | studyfurniture.eu","og_description":"Ergonomi\u0161koji vaiki\u0161ka iStudy k\u0117d\u0117 C06A -\u00a0tai patogi ir moderni k\u0117d\u0117. Ji saugo pe\u010dius ir nugar\u0105, padeda m\u0117gautis mokymusi ir u\u017etikrina taisykling\u0105 s\u0117d\u0117sen\u0105.","og_url":"https:\/\/studyfurniture.eu\/lv\/produktas\/kresls-c06a\/","og_site_name":"Studyfurniture.eu","article_modified_time":"2020-02-06T12:59:46+00:00","og_image":[{"width":1000,"height":667,"url":"https:\/\/studyfurniture.eu\/wp-content\/uploads\/2019\/08\/C06A_iStudy_kede_blue_1.jpg","type":"image\/jpeg"}],"twitter_card":"summary_large_image","twitter_misc":{"Est. reading time":"1 minute"},"schema":{"@context":"https:\/\/schema.org","@graph":[{"@type":"WebPage","@id":"https:\/\/studyfurniture.eu\/lv\/produktas\/kresls-c06a\/","url":"https:\/\/studyfurniture.eu\/lv\/produktas\/kresls-c06a\/","name":"Ergonomi\u0161koji vaiko biuro k\u0117d\u0117 iStudy C06A | studyfurniture.eu","isPartOf":{"@id":"https:\/\/dodgerblue-goat-845310.hostingersite.com\/#website"},"datePublished":"2019-08-06T10:31:20+00:00","dateModified":"2020-02-06T12:59:46+00:00","description":"Ergonomi\u0161koji vaiki\u0161ka iStudy k\u0117d\u0117 C06A -\u00a0tai patogi ir moderni k\u0117d\u0117. Ji saugo pe\u010dius ir nugar\u0105, padeda m\u0117gautis mokymusi ir u\u017etikrina taisykling\u0105 s\u0117d\u0117sen\u0105.","breadcrumb":{"@id":"https:\/\/studyfurniture.eu\/lv\/produktas\/kresls-c06a\/#breadcrumb"},"inLanguage":"lv-LV","potentialAction":[{"@type":"ReadAction","target":["https:\/\/studyfurniture.eu\/lv\/produktas\/kresls-c06a\/"]}]},{"@type":"BreadcrumbList","@id":"https:\/\/studyfurniture.eu\/lv\/produktas\/kresls-c06a\/#breadcrumb","itemListElement":[{"@type":"ListItem","position":1,"name":"Home","item":"https:\/\/studyfurniture.eu\/lv\/"},{"@type":"ListItem","position":2,"name":"\u0414\u043b\u044f \u0443\u0447\u0451\u0431\u044b \u0434\u043e\u043c\u0430","item":"https:\/\/studyfurniture.eu\/ru\/mokymuisi-namuose-2\/"},{"@type":"ListItem","position":3,"name":"Kr\u0113sls C06A"}]},{"@type":"WebSite","@id":"https:\/\/dodgerblue-goat-845310.hostingersite.com\/#website","url":"https:\/\/dodgerblue-goat-845310.hostingersite.com\/","name":"Studyfurniture.eu","description":"Ergonomi\u0161ki baldai mokymuisi: stalai, k\u0117d\u0117s","potentialAction":[{"@type":"SearchAction","target":{"@type":"EntryPoint","urlTemplate":"https:\/\/dodgerblue-goat-845310.hostingersite.com\/?s={search_term_string}"},"query-input":"required name=search_term_string"}],"inLanguage":"lv-LV"}]}},"_links":{"self":[{"href":"https:\/\/studyfurniture.eu\/lv\/wp-json\/wp\/v2\/product\/2494"}],"collection":[{"href":"https:\/\/studyfurniture.eu\/lv\/wp-json\/wp\/v2\/product"}],"about":[{"href":"https:\/\/studyfurniture.eu\/lv\/wp-json\/wp\/v2\/types\/product"}],"replies":[{"embeddable":true,"href":"https:\/\/studyfurniture.eu\/lv\/wp-json\/wp\/v2\/comments?post=2494"}],"wp:featuredmedia":[{"embeddable":true,"href":"https:\/\/studyfurniture.eu\/lv\/wp-json\/wp\/v2\/media\/2496"}],"wp:attachment":[{"href":"https:\/\/studyfurniture.eu\/lv\/wp-json\/wp\/v2\/media?parent=2494"}],"curies":[{"name":"wp","href":"https:\/\/api.w.org\/{rel}","templated":true}]}}