{"id":2452,"date":"2019-08-06T08:33:13","date_gmt":"2019-08-06T10:33:13","guid":{"rendered":"https:\/\/www.studyfurniture.eu\/produktas\/ergonomiskais-rakstamgalds-e120\/"},"modified":"2020-02-06T10:50:02","modified_gmt":"2020-02-06T12:50:02","slug":"ergonomiskais-rakstamgalds-e120","status":"publish","type":"product","link":"https:\/\/studyfurniture.eu\/lv\/produktas\/ergonomiskais-rakstamgalds-e120\/","title":{"rendered":"Ergonomiskais b\u0113rna biroja galds E120"},"content":{"rendered":"<p class=\"western\" lang=\"lv-LV\"><span style=\"font-family: Times New Roman, serif;\"><span style=\"font-size: medium;\"><b>Ergonomiskais b\u0113rna birojs \u2013 t\u0101 ir k\u0101 atsevi\u0161\u0137a J\u016bsu pasaule.<\/b><\/span><\/span><\/p>\n<p class=\"western\" align=\"justify\"><span style=\"font-family: Times New Roman, serif;\"><span style=\"font-size: medium;\"><span lang=\"lv-LV\">Augo\u0161ais <\/span><\/span><\/span><span style=\"color: #ff0000;\"><span style=\"font-family: Times New Roman, serif;\"><span style=\"font-size: medium;\"><span lang=\"lv-LV\"><i>(Regul\u0113jamais)<\/i><\/span><\/span><\/span><\/span><span style=\"font-family: Times New Roman, serif;\"><span style=\"font-size: medium;\"><span lang=\"lv-LV\"> rakst\u0101mgalds ir piel\u0101gots tam, lai \u0113rti m\u0101c\u012btos m\u0101j\u0101s \u2013 z\u012bm\u0113tu, rakst\u012btu un las\u012btu.<\/span><\/span><\/span><\/p>\n<p class=\"western\" lang=\"lv-LV\" align=\"justify\"><span style=\"font-family: Times New Roman, serif;\"><span style=\"font-size: medium;\">Galda augstums tiek regul\u0113ts ar rokturi, T formas galda k\u0101jas ir \u013coti stabilas un iztur\u012bgas. Rakst\u0101mgaldu var piel\u0101got atbilsto\u0161i b\u0113rna augumam, nodro\u0161inot pareizu s\u0113d\u0113\u0161anas poz\u012bciju.<\/span><\/span><\/p>\n<p class=\"western\" lang=\"lv-LV\" align=\"justify\"><span style=\"font-family: Times New Roman, serif;\"><span style=\"font-size: medium;\">Progres\u012bvs un noder\u012bgs tehnolo\u0123iskais jaunums \u2013 galda virsmu var pacelt 0-60 gr\u0101du le\u0146\u0137\u012b. Nanokrist\u0101liskais p\u0101rkl\u0101jums aizsarg\u0101 acis no stipr\u0101 gaismas atsp\u012bduma. Galda virsma ir iztur\u012bga pret skr\u0101p\u0113jumiem un t\u0101 ir viegli t\u012br\u0101ma.<\/span><\/span><\/p>\n<p class=\"western\" lang=\"lv-LV\"><span style=\"font-family: Times New Roman, serif;\"><span style=\"font-size: medium;\">Vair\u0101ku l\u012bme\u0146u plaukti, kuri pasl\u0113pti liel\u0101 univers\u0101l\u0101 atvilktn\u0113, stimul\u0113 J\u016bsu b\u0113rnu k\u0101rt\u012bgi salikt lietas. Ieg\u016bstiet visu to lab\u0101ko, kas Jums pat\u012bk!<\/span><\/span><\/p>\n<p class=\"western\" lang=\"lv-LV\"><span style=\"font-family: Times New Roman, serif;\"><span style=\"font-size: medium;\"><u><b>Specifik\u0101cijas: <\/b><\/u><\/span><\/span><\/p>\n<p class=\"western\"><span style=\"font-family: Times New Roman, serif;\"><span style=\"font-size: medium;\"><span lang=\"lv-LV\"><b>Stils<\/b><\/span><\/span><\/span><span style=\"font-family: Times New Roman, serif;\"><span style=\"font-size: medium;\"><span lang=\"lv-LV\">: ergonomiskais\/modernais<\/span><\/span><\/span><\/p>\n<p class=\"western\"><span style=\"font-family: Times New Roman, serif;\"><span style=\"font-size: medium;\"><span lang=\"lv-LV\"><b>Apdares materi\u0101li<\/b><\/span><\/span><\/span><span style=\"font-family: Times New Roman, serif;\"><span style=\"font-size: medium;\"><span lang=\"lv-LV\">: E1 klases MDF, met\u0101ls, ABS plastmasa<\/span><\/span><\/span><\/p>\n<p class=\"western\"><span style=\"font-family: Times New Roman, serif;\"><span style=\"font-size: medium;\"><span lang=\"lv-LV\"><b>Preces svars ar iepakojumu<\/b><\/span><\/span><\/span><span style=\"font-family: Times New Roman, serif;\"><span style=\"font-size: medium;\"><span lang=\"lv-LV\">: 57,20 kg<\/span><\/span><\/span><\/p>\n","protected":false},"excerpt":{"rendered":"<p class=\"western\" lang=\"lv-LV\" align=\"justify\"><span style=\"font-family: Times New Roman, serif;\"><span style=\"font-size: medium;\">Ergonomiskais rakst\u0101mgalds E120 ir jaun\u0101s paaudzes augo\u0161ais galds ar rakstur\u012bg\u0101m lielisk\u0101m \u012bpa\u0161\u012bb\u0101m, kas piel\u0101gotas J\u016bsu b\u0113rnam! <\/span><\/span><\/p>\n<p class=\"western\" lang=\"lv-LV\" align=\"justify\"><span style=\"font-family: Times New Roman, serif;\"><span style=\"font-size: medium;\">L\u016bdzu, piev\u0113rsiet uzman\u012bbu tam, ka galda kr\u0101sa fotogr\u0101fij\u0101s var mazliet at\u0161\u0137irties no ori\u0123in\u0101las galda kr\u0101sas.<\/span><\/span><\/p>\n","protected":false},"featured_media":2477,"comment_status":"open","ping_status":"closed","template":"","meta":[],"acf":[],"yoast_head":"<!-- This site is optimized with the Yoast SEO plugin v19.7.2 - https:\/\/yoast.com\/wordpress\/plugins\/seo\/ -->\n<title>Ergonomi\u0161kasis vaiki\u0161kas ra\u0161omasis iStudy stalas E120 | studyfurniture.eu<\/title>\n<meta name=\"description\" content=\"Ergonomi\u0161kasis vaiki\u0161kas ra\u0161omasis iStudy stalas E120 geriausia, ko reikia J\u016bs\u0173 vaikui! Naujausios technologijos stalas prisitaiko prie J\u016bs\u0173 augan\u010dio vaiko.\" \/>\n<meta name=\"robots\" content=\"index, follow, max-snippet:-1, max-image-preview:large, max-video-preview:-1\" \/>\n<link rel=\"canonical\" href=\"https:\/\/studyfurniture.eu\/lv\/produktas\/ergonomiskais-rakstamgalds-e120\/\" \/>\n<meta property=\"og:locale\" content=\"lv_LV\" \/>\n<meta property=\"og:type\" content=\"article\" \/>\n<meta property=\"og:title\" content=\"Ergonomi\u0161kasis vaiki\u0161kas ra\u0161omasis iStudy stalas E120 | studyfurniture.eu\" \/>\n<meta property=\"og:description\" content=\"Ergonomi\u0161kasis vaiki\u0161kas ra\u0161omasis iStudy stalas E120 geriausia, ko reikia J\u016bs\u0173 vaikui! Naujausios technologijos stalas prisitaiko prie J\u016bs\u0173 augan\u010dio vaiko.\" \/>\n<meta property=\"og:url\" content=\"https:\/\/studyfurniture.eu\/lv\/produktas\/ergonomiskais-rakstamgalds-e120\/\" \/>\n<meta property=\"og:site_name\" content=\"Studyfurniture.eu\" \/>\n<meta property=\"article:modified_time\" content=\"2020-02-06T12:50:02+00:00\" \/>\n<meta property=\"og:image\" content=\"https:\/\/studyfurniture.eu\/wp-content\/uploads\/2019\/08\/E120_iStudy_stalas_blue_1.jpg\" \/>\n\t<meta property=\"og:image:width\" content=\"1000\" \/>\n\t<meta property=\"og:image:height\" content=\"683\" \/>\n\t<meta property=\"og:image:type\" content=\"image\/jpeg\" \/>\n<meta name=\"twitter:card\" content=\"summary_large_image\" \/>\n<meta name=\"twitter:label1\" content=\"Est. reading time\" \/>\n\t<meta name=\"twitter:data1\" content=\"1 minute\" \/>\n<script type=\"application\/ld+json\" class=\"yoast-schema-graph\">{\"@context\":\"https:\/\/schema.org\",\"@graph\":[{\"@type\":\"WebPage\",\"@id\":\"https:\/\/studyfurniture.eu\/lv\/produktas\/ergonomiskais-rakstamgalds-e120\/\",\"url\":\"https:\/\/studyfurniture.eu\/lv\/produktas\/ergonomiskais-rakstamgalds-e120\/\",\"name\":\"Ergonomi\u0161kasis vaiki\u0161kas ra\u0161omasis iStudy stalas E120 | studyfurniture.eu\",\"isPartOf\":{\"@id\":\"https:\/\/dodgerblue-goat-845310.hostingersite.com\/#website\"},\"datePublished\":\"2019-08-06T10:33:13+00:00\",\"dateModified\":\"2020-02-06T12:50:02+00:00\",\"description\":\"Ergonomi\u0161kasis vaiki\u0161kas ra\u0161omasis iStudy stalas E120 geriausia, ko reikia J\u016bs\u0173 vaikui! Naujausios technologijos stalas prisitaiko prie J\u016bs\u0173 augan\u010dio vaiko.\",\"breadcrumb\":{\"@id\":\"https:\/\/studyfurniture.eu\/lv\/produktas\/ergonomiskais-rakstamgalds-e120\/#breadcrumb\"},\"inLanguage\":\"lv-LV\",\"potentialAction\":[{\"@type\":\"ReadAction\",\"target\":[\"https:\/\/studyfurniture.eu\/lv\/produktas\/ergonomiskais-rakstamgalds-e120\/\"]}]},{\"@type\":\"BreadcrumbList\",\"@id\":\"https:\/\/studyfurniture.eu\/lv\/produktas\/ergonomiskais-rakstamgalds-e120\/#breadcrumb\",\"itemListElement\":[{\"@type\":\"ListItem\",\"position\":1,\"name\":\"Home\",\"item\":\"https:\/\/studyfurniture.eu\/lv\/\"},{\"@type\":\"ListItem\",\"position\":2,\"name\":\"\u0414\u043b\u044f \u0443\u0447\u0451\u0431\u044b \u0434\u043e\u043c\u0430\",\"item\":\"https:\/\/studyfurniture.eu\/ru\/mokymuisi-namuose-2\/\"},{\"@type\":\"ListItem\",\"position\":3,\"name\":\"Ergonomiskais b\u0113rna biroja galds E120\"}]},{\"@type\":\"WebSite\",\"@id\":\"https:\/\/dodgerblue-goat-845310.hostingersite.com\/#website\",\"url\":\"https:\/\/dodgerblue-goat-845310.hostingersite.com\/\",\"name\":\"Studyfurniture.eu\",\"description\":\"Ergonomi\u0161ki baldai mokymuisi: stalai, k\u0117d\u0117s\",\"potentialAction\":[{\"@type\":\"SearchAction\",\"target\":{\"@type\":\"EntryPoint\",\"urlTemplate\":\"https:\/\/dodgerblue-goat-845310.hostingersite.com\/?s={search_term_string}\"},\"query-input\":\"required name=search_term_string\"}],\"inLanguage\":\"lv-LV\"}]}<\/script>\n<!-- \/ Yoast SEO plugin. -->","yoast_head_json":{"title":"Ergonomi\u0161kasis vaiki\u0161kas ra\u0161omasis iStudy stalas E120 | studyfurniture.eu","description":"Ergonomi\u0161kasis vaiki\u0161kas ra\u0161omasis iStudy stalas E120 geriausia, ko reikia J\u016bs\u0173 vaikui! Naujausios technologijos stalas prisitaiko prie J\u016bs\u0173 augan\u010dio vaiko.","robots":{"index":"index","follow":"follow","max-snippet":"max-snippet:-1","max-image-preview":"max-image-preview:large","max-video-preview":"max-video-preview:-1"},"canonical":"https:\/\/studyfurniture.eu\/lv\/produktas\/ergonomiskais-rakstamgalds-e120\/","og_locale":"lv_LV","og_type":"article","og_title":"Ergonomi\u0161kasis vaiki\u0161kas ra\u0161omasis iStudy stalas E120 | studyfurniture.eu","og_description":"Ergonomi\u0161kasis vaiki\u0161kas ra\u0161omasis iStudy stalas E120 geriausia, ko reikia J\u016bs\u0173 vaikui! Naujausios technologijos stalas prisitaiko prie J\u016bs\u0173 augan\u010dio vaiko.","og_url":"https:\/\/studyfurniture.eu\/lv\/produktas\/ergonomiskais-rakstamgalds-e120\/","og_site_name":"Studyfurniture.eu","article_modified_time":"2020-02-06T12:50:02+00:00","og_image":[{"width":1000,"height":683,"url":"https:\/\/studyfurniture.eu\/wp-content\/uploads\/2019\/08\/E120_iStudy_stalas_blue_1.jpg","type":"image\/jpeg"}],"twitter_card":"summary_large_image","twitter_misc":{"Est. reading time":"1 minute"},"schema":{"@context":"https:\/\/schema.org","@graph":[{"@type":"WebPage","@id":"https:\/\/studyfurniture.eu\/lv\/produktas\/ergonomiskais-rakstamgalds-e120\/","url":"https:\/\/studyfurniture.eu\/lv\/produktas\/ergonomiskais-rakstamgalds-e120\/","name":"Ergonomi\u0161kasis vaiki\u0161kas ra\u0161omasis iStudy stalas E120 | studyfurniture.eu","isPartOf":{"@id":"https:\/\/dodgerblue-goat-845310.hostingersite.com\/#website"},"datePublished":"2019-08-06T10:33:13+00:00","dateModified":"2020-02-06T12:50:02+00:00","description":"Ergonomi\u0161kasis vaiki\u0161kas ra\u0161omasis iStudy stalas E120 geriausia, ko reikia J\u016bs\u0173 vaikui! Naujausios technologijos stalas prisitaiko prie J\u016bs\u0173 augan\u010dio vaiko.","breadcrumb":{"@id":"https:\/\/studyfurniture.eu\/lv\/produktas\/ergonomiskais-rakstamgalds-e120\/#breadcrumb"},"inLanguage":"lv-LV","potentialAction":[{"@type":"ReadAction","target":["https:\/\/studyfurniture.eu\/lv\/produktas\/ergonomiskais-rakstamgalds-e120\/"]}]},{"@type":"BreadcrumbList","@id":"https:\/\/studyfurniture.eu\/lv\/produktas\/ergonomiskais-rakstamgalds-e120\/#breadcrumb","itemListElement":[{"@type":"ListItem","position":1,"name":"Home","item":"https:\/\/studyfurniture.eu\/lv\/"},{"@type":"ListItem","position":2,"name":"\u0414\u043b\u044f \u0443\u0447\u0451\u0431\u044b \u0434\u043e\u043c\u0430","item":"https:\/\/studyfurniture.eu\/ru\/mokymuisi-namuose-2\/"},{"@type":"ListItem","position":3,"name":"Ergonomiskais b\u0113rna biroja galds E120"}]},{"@type":"WebSite","@id":"https:\/\/dodgerblue-goat-845310.hostingersite.com\/#website","url":"https:\/\/dodgerblue-goat-845310.hostingersite.com\/","name":"Studyfurniture.eu","description":"Ergonomi\u0161ki baldai mokymuisi: stalai, k\u0117d\u0117s","potentialAction":[{"@type":"SearchAction","target":{"@type":"EntryPoint","urlTemplate":"https:\/\/dodgerblue-goat-845310.hostingersite.com\/?s={search_term_string}"},"query-input":"required name=search_term_string"}],"inLanguage":"lv-LV"}]}},"_links":{"self":[{"href":"https:\/\/studyfurniture.eu\/lv\/wp-json\/wp\/v2\/product\/2452"}],"collection":[{"href":"https:\/\/studyfurniture.eu\/lv\/wp-json\/wp\/v2\/product"}],"about":[{"href":"https:\/\/studyfurniture.eu\/lv\/wp-json\/wp\/v2\/types\/product"}],"replies":[{"embeddable":true,"href":"https:\/\/studyfurniture.eu\/lv\/wp-json\/wp\/v2\/comments?post=2452"}],"wp:featuredmedia":[{"embeddable":true,"href":"https:\/\/studyfurniture.eu\/lv\/wp-json\/wp\/v2\/media\/2477"}],"wp:attachment":[{"href":"https:\/\/studyfurniture.eu\/lv\/wp-json\/wp\/v2\/media?parent=2452"}],"curies":[{"name":"wp","href":"https:\/\/api.w.org\/{rel}","templated":true}]}}