{"id":2444,"date":"2019-10-22T09:26:56","date_gmt":"2019-10-22T11:26:56","guid":{"rendered":"https:\/\/www.studyfurniture.eu\/produktas\/kresls-e06b\/"},"modified":"2020-02-14T04:43:07","modified_gmt":"2020-02-14T06:43:07","slug":"kresls-e06b","status":"publish","type":"product","link":"https:\/\/studyfurniture.eu\/lv\/produktas\/kresls-e06b\/","title":{"rendered":"Kr\u0113sls E06B"},"content":{"rendered":"<p class=\"western\" lang=\"lv-LV\" align=\"justify\"><span style=\"font-family: Times New Roman, serif;\"><span style=\"font-size: medium;\"><b>Ergonomiskais b\u0113rna biroja kr\u0113sls \u2013 t\u0101 ir lieliska m\u0101c\u012b\u0161an\u0101s un aug\u0161anas sader\u012bba. \u0160is kr\u0113sls aizsarg\u0101 plecus un muguru, pal\u012bdz izbaud\u012bt m\u0101c\u012b\u0161anos.\u00a0Radiniet savus b\u0113rnus s\u0113d\u0113t pareizi.<\/b><\/span><\/span><\/p>\n<p class=\"western\" lang=\"lv-LV\" align=\"justify\"><span style=\"font-family: Times New Roman, serif;\"><span style=\"font-size: medium;\">Atzveltnes augstums, s\u0113dek\u013ca augstums un dzi\u013cums tiek regul\u0113ti, lai nodro\u0161in\u0101tu mugurkaula aizsardz\u012bbu un pareizu s\u0113d\u0113\u0161anas veidu. Divu da\u013cu muguras atzveltne efekt\u012bvi samazina spiedienu uz muguru. Atzveltne gareniski piek\u013caujas muguras musku\u013ciem un nepieskaras mugurkaulam.<\/span><\/span><\/p>\n<p class=\"western\" lang=\"lv-LV\" align=\"justify\"><span style=\"font-family: Times New Roman, serif;\"><span style=\"font-size: medium;\">Kr\u0113sls ir izgatavots no m\u012bkstas kokvilnas apvalka ar \u201eatmi\u0146u\u201c, ilgsto\u0161i saglab\u0101 formu un elast\u012bbu. Pareizs s\u0113d\u0113\u0161anas veids samazina spiedienu uz gurniem, uzlabo asinsriti.<\/span><\/span><\/p>\n<p class=\"western\" lang=\"lv-LV\" align=\"justify\"><span style=\"font-family: Times New Roman, serif;\"><span style=\"font-size: medium;\">Kr\u0113sls ir viegli p\u0101rb\u012bd\u0101ms. Aps\u0113\u017eoties s\u0101k darboties 20 kg spont\u0101nas gravit\u0101cijas rite\u0146u bremzes, kuras nodro\u0161ina papildus dro\u0161\u012bbu. Bru\u0146urupu\u010da \u010daulas formas pamatnes virsma nav slidena un ir dro\u0161a, nodilumiztur\u012bgs p\u0113du balsts neizraisa p\u0113du tirp\u0161anu. Pamatne, izgatavota no iztur\u012bga met\u0101la, ir stingra, stabila un ilgm\u016b\u017e\u012bga.<\/span><\/span><\/p>\n<p class=\"western\" lang=\"lv-LV\" align=\"justify\"><span style=\"font-family: Times New Roman, serif;\"><span style=\"font-size: medium;\">\u0160is kr\u0113sls \u2013 ieskats n\u0101kotn\u0113, piem\u0113rots visu vecumu grup\u0101m no 3 gadu vecuma.<\/span><\/span><\/p>\n<p class=\"western\" lang=\"lv-LV\"><span style=\"font-family: Times New Roman, serif;\"><span style=\"font-size: medium;\"><u><b>Specifik\u0101cijas: <\/b><\/u><\/span><\/span><\/p>\n<p class=\"western\" lang=\"lv-LV\"><span style=\"font-family: Times New Roman, serif;\"><span style=\"font-size: medium;\">Stils: ergonomiskais\/modernais<\/span><\/span><\/p>\n<p class=\"western\" lang=\"lv-LV\"><span style=\"font-family: Times New Roman, serif;\"><span style=\"font-size: medium;\">Apdares materi\u0101li: ABS plastmasa, \u013coti elast\u012bgs putu poliuret\u0101ns, kokvilnas gobel\u0113ns <\/span><\/span><\/p>\n<p class=\"western\" lang=\"lv-LV\"><span style=\"font-family: Times New Roman, serif;\"><span style=\"font-size: medium;\">R\u0101mja kr\u0101sa: pel\u0113ka<\/span><\/span><\/p>\n<p class=\"western\" lang=\"lv-LV\"><span style=\"font-family: Times New Roman, serif;\"><span style=\"font-size: medium;\">Gobel\u0113na kr\u0101sa: zila\/roz\u0101<\/span><\/span><\/p>\n<p class=\"western\" lang=\"lv-LV\"><span style=\"font-family: Times New Roman, serif;\"><span style=\"font-size: medium;\">Maksim\u0101lais pie\u013caujamais svars: 100 kg<\/span><\/span><\/p>\n<p class=\"western\" lang=\"lv-LV\"><span style=\"font-family: Times New Roman, serif;\"><span style=\"font-size: medium;\">Funkcijas: gravit\u0101cijas rite\u0146u bremzes<\/span><\/span><\/p>\n","protected":false},"excerpt":{"rendered":"<p>Ergonomiskais b\u0113rna biroja kr\u0113sls \u2013 t\u0101 ir lieliska m\u0101c\u012b\u0161an\u0101s un aug\u0161anas sader\u012bba. \u0160is kr\u0113sls aizsarg\u0101 plecus un muguru, pal\u012bdz izbaud\u012bt m\u0101c\u012b\u0161anos.\u00a0Radiniet savus b\u0113rnus s\u0113d\u0113t pareizi. Atzveltnes augstums, s\u0113dek\u013ca augstums un dzi\u013cums tiek regul\u0113ti, lai nodro\u0161in\u0101tu mugurkaula aizsardz\u012bbu un pareizu s\u0113d\u0113\u0161anas veidu. Divu da\u013cu muguras atzveltne efekt\u012bvi samazina spiedienu uz muguru. Atzveltne gareniski piek\u013caujas muguras musku\u013ciem [&hellip;]<\/p>\n","protected":false},"featured_media":2445,"comment_status":"open","ping_status":"closed","template":"","meta":[],"acf":[],"yoast_head":"<!-- This site is optimized with the Yoast SEO plugin v19.7.2 - https:\/\/yoast.com\/wordpress\/plugins\/seo\/ -->\n<title>Ergonomi\u0161koji vaiko biuro iStudy E06B k\u0117d\u0117 | studyfurniture.eu<\/title>\n<meta name=\"description\" content=\"Ergonomi\u0161koji vaiki\u0161ka iStudy k\u0117d\u0117 E06B -\u00a0tai patogi ir moderni k\u0117d\u0117. Ji saugo pe\u010dius ir nugar\u0105, padeda m\u0117gautis mokymusi ir u\u017etikrina taisykling\u0105 s\u0117d\u0117sen\u0105.\" \/>\n<meta name=\"robots\" content=\"index, follow, max-snippet:-1, max-image-preview:large, max-video-preview:-1\" \/>\n<link rel=\"canonical\" href=\"https:\/\/studyfurniture.eu\/lv\/produktas\/kresls-e06b\/\" \/>\n<meta property=\"og:locale\" content=\"lv_LV\" \/>\n<meta property=\"og:type\" content=\"article\" \/>\n<meta property=\"og:title\" content=\"Ergonomi\u0161koji vaiko biuro iStudy E06B k\u0117d\u0117 | studyfurniture.eu\" \/>\n<meta property=\"og:description\" content=\"Ergonomi\u0161koji vaiki\u0161ka iStudy k\u0117d\u0117 E06B -\u00a0tai patogi ir moderni k\u0117d\u0117. Ji saugo pe\u010dius ir nugar\u0105, padeda m\u0117gautis mokymusi ir u\u017etikrina taisykling\u0105 s\u0117d\u0117sen\u0105.\" \/>\n<meta property=\"og:url\" content=\"https:\/\/studyfurniture.eu\/lv\/produktas\/kresls-e06b\/\" \/>\n<meta property=\"og:site_name\" content=\"Studyfurniture.eu\" \/>\n<meta property=\"article:modified_time\" content=\"2020-02-14T06:43:07+00:00\" \/>\n<meta property=\"og:image\" content=\"https:\/\/studyfurniture.eu\/wp-content\/uploads\/2019\/10\/BUS_5685_1.png\" \/>\n\t<meta property=\"og:image:width\" content=\"1000\" \/>\n\t<meta property=\"og:image:height\" content=\"1500\" \/>\n\t<meta property=\"og:image:type\" content=\"image\/png\" \/>\n<meta name=\"twitter:card\" content=\"summary_large_image\" \/>\n<meta name=\"twitter:label1\" content=\"Est. reading time\" \/>\n\t<meta name=\"twitter:data1\" content=\"1 minute\" \/>\n<script type=\"application\/ld+json\" class=\"yoast-schema-graph\">{\"@context\":\"https:\/\/schema.org\",\"@graph\":[{\"@type\":\"WebPage\",\"@id\":\"https:\/\/studyfurniture.eu\/lv\/produktas\/kresls-e06b\/\",\"url\":\"https:\/\/studyfurniture.eu\/lv\/produktas\/kresls-e06b\/\",\"name\":\"Ergonomi\u0161koji vaiko biuro iStudy E06B k\u0117d\u0117 | studyfurniture.eu\",\"isPartOf\":{\"@id\":\"https:\/\/dodgerblue-goat-845310.hostingersite.com\/#website\"},\"datePublished\":\"2019-10-22T11:26:56+00:00\",\"dateModified\":\"2020-02-14T06:43:07+00:00\",\"description\":\"Ergonomi\u0161koji vaiki\u0161ka iStudy k\u0117d\u0117 E06B -\u00a0tai patogi ir moderni k\u0117d\u0117. Ji saugo pe\u010dius ir nugar\u0105, padeda m\u0117gautis mokymusi ir u\u017etikrina taisykling\u0105 s\u0117d\u0117sen\u0105.\",\"breadcrumb\":{\"@id\":\"https:\/\/studyfurniture.eu\/lv\/produktas\/kresls-e06b\/#breadcrumb\"},\"inLanguage\":\"lv-LV\",\"potentialAction\":[{\"@type\":\"ReadAction\",\"target\":[\"https:\/\/studyfurniture.eu\/lv\/produktas\/kresls-e06b\/\"]}]},{\"@type\":\"BreadcrumbList\",\"@id\":\"https:\/\/studyfurniture.eu\/lv\/produktas\/kresls-e06b\/#breadcrumb\",\"itemListElement\":[{\"@type\":\"ListItem\",\"position\":1,\"name\":\"Home\",\"item\":\"https:\/\/studyfurniture.eu\/lv\/\"},{\"@type\":\"ListItem\",\"position\":2,\"name\":\"\u0414\u043b\u044f \u0443\u0447\u0451\u0431\u044b \u0434\u043e\u043c\u0430\",\"item\":\"https:\/\/studyfurniture.eu\/ru\/mokymuisi-namuose-2\/\"},{\"@type\":\"ListItem\",\"position\":3,\"name\":\"Kr\u0113sls E06B\"}]},{\"@type\":\"WebSite\",\"@id\":\"https:\/\/dodgerblue-goat-845310.hostingersite.com\/#website\",\"url\":\"https:\/\/dodgerblue-goat-845310.hostingersite.com\/\",\"name\":\"Studyfurniture.eu\",\"description\":\"Ergonomi\u0161ki baldai mokymuisi: stalai, k\u0117d\u0117s\",\"potentialAction\":[{\"@type\":\"SearchAction\",\"target\":{\"@type\":\"EntryPoint\",\"urlTemplate\":\"https:\/\/dodgerblue-goat-845310.hostingersite.com\/?s={search_term_string}\"},\"query-input\":\"required name=search_term_string\"}],\"inLanguage\":\"lv-LV\"}]}<\/script>\n<!-- \/ Yoast SEO plugin. -->","yoast_head_json":{"title":"Ergonomi\u0161koji vaiko biuro iStudy E06B k\u0117d\u0117 | studyfurniture.eu","description":"Ergonomi\u0161koji vaiki\u0161ka iStudy k\u0117d\u0117 E06B -\u00a0tai patogi ir moderni k\u0117d\u0117. Ji saugo pe\u010dius ir nugar\u0105, padeda m\u0117gautis mokymusi ir u\u017etikrina taisykling\u0105 s\u0117d\u0117sen\u0105.","robots":{"index":"index","follow":"follow","max-snippet":"max-snippet:-1","max-image-preview":"max-image-preview:large","max-video-preview":"max-video-preview:-1"},"canonical":"https:\/\/studyfurniture.eu\/lv\/produktas\/kresls-e06b\/","og_locale":"lv_LV","og_type":"article","og_title":"Ergonomi\u0161koji vaiko biuro iStudy E06B k\u0117d\u0117 | studyfurniture.eu","og_description":"Ergonomi\u0161koji vaiki\u0161ka iStudy k\u0117d\u0117 E06B -\u00a0tai patogi ir moderni k\u0117d\u0117. Ji saugo pe\u010dius ir nugar\u0105, padeda m\u0117gautis mokymusi ir u\u017etikrina taisykling\u0105 s\u0117d\u0117sen\u0105.","og_url":"https:\/\/studyfurniture.eu\/lv\/produktas\/kresls-e06b\/","og_site_name":"Studyfurniture.eu","article_modified_time":"2020-02-14T06:43:07+00:00","og_image":[{"width":1000,"height":1500,"url":"https:\/\/studyfurniture.eu\/wp-content\/uploads\/2019\/10\/BUS_5685_1.png","type":"image\/png"}],"twitter_card":"summary_large_image","twitter_misc":{"Est. reading time":"1 minute"},"schema":{"@context":"https:\/\/schema.org","@graph":[{"@type":"WebPage","@id":"https:\/\/studyfurniture.eu\/lv\/produktas\/kresls-e06b\/","url":"https:\/\/studyfurniture.eu\/lv\/produktas\/kresls-e06b\/","name":"Ergonomi\u0161koji vaiko biuro iStudy E06B k\u0117d\u0117 | studyfurniture.eu","isPartOf":{"@id":"https:\/\/dodgerblue-goat-845310.hostingersite.com\/#website"},"datePublished":"2019-10-22T11:26:56+00:00","dateModified":"2020-02-14T06:43:07+00:00","description":"Ergonomi\u0161koji vaiki\u0161ka iStudy k\u0117d\u0117 E06B -\u00a0tai patogi ir moderni k\u0117d\u0117. Ji saugo pe\u010dius ir nugar\u0105, padeda m\u0117gautis mokymusi ir u\u017etikrina taisykling\u0105 s\u0117d\u0117sen\u0105.","breadcrumb":{"@id":"https:\/\/studyfurniture.eu\/lv\/produktas\/kresls-e06b\/#breadcrumb"},"inLanguage":"lv-LV","potentialAction":[{"@type":"ReadAction","target":["https:\/\/studyfurniture.eu\/lv\/produktas\/kresls-e06b\/"]}]},{"@type":"BreadcrumbList","@id":"https:\/\/studyfurniture.eu\/lv\/produktas\/kresls-e06b\/#breadcrumb","itemListElement":[{"@type":"ListItem","position":1,"name":"Home","item":"https:\/\/studyfurniture.eu\/lv\/"},{"@type":"ListItem","position":2,"name":"\u0414\u043b\u044f \u0443\u0447\u0451\u0431\u044b \u0434\u043e\u043c\u0430","item":"https:\/\/studyfurniture.eu\/ru\/mokymuisi-namuose-2\/"},{"@type":"ListItem","position":3,"name":"Kr\u0113sls E06B"}]},{"@type":"WebSite","@id":"https:\/\/dodgerblue-goat-845310.hostingersite.com\/#website","url":"https:\/\/dodgerblue-goat-845310.hostingersite.com\/","name":"Studyfurniture.eu","description":"Ergonomi\u0161ki baldai mokymuisi: stalai, k\u0117d\u0117s","potentialAction":[{"@type":"SearchAction","target":{"@type":"EntryPoint","urlTemplate":"https:\/\/dodgerblue-goat-845310.hostingersite.com\/?s={search_term_string}"},"query-input":"required name=search_term_string"}],"inLanguage":"lv-LV"}]}},"_links":{"self":[{"href":"https:\/\/studyfurniture.eu\/lv\/wp-json\/wp\/v2\/product\/2444"}],"collection":[{"href":"https:\/\/studyfurniture.eu\/lv\/wp-json\/wp\/v2\/product"}],"about":[{"href":"https:\/\/studyfurniture.eu\/lv\/wp-json\/wp\/v2\/types\/product"}],"replies":[{"embeddable":true,"href":"https:\/\/studyfurniture.eu\/lv\/wp-json\/wp\/v2\/comments?post=2444"}],"wp:featuredmedia":[{"embeddable":true,"href":"https:\/\/studyfurniture.eu\/lv\/wp-json\/wp\/v2\/media\/2445"}],"wp:attachment":[{"href":"https:\/\/studyfurniture.eu\/lv\/wp-json\/wp\/v2\/media?parent=2444"}],"curies":[{"name":"wp","href":"https:\/\/api.w.org\/{rel}","templated":true}]}}