{"id":2562,"date":"2020-02-13T12:20:49","date_gmt":"2020-02-13T14:20:49","guid":{"rendered":"https:\/\/www.studyfurniture.eu\/titullapa\/"},"modified":"2023-04-24T09:12:04","modified_gmt":"2023-04-24T11:12:04","slug":"titullapa","status":"publish","type":"page","link":"https:\/\/studyfurniture.eu\/lv\/","title":{"rendered":"Titullap\u0101"},"content":{"rendered":"<p class=\"western\" lang=\"lv-LV\"><span style=\"font-family: Times New Roman, serif;\"><span style=\"font-size: x-large;\"><b>ERGONOMIJA<\/b><\/span><\/span><\/p>\n<p class=\"western\" lang=\"lv-LV\"><span style=\"font-family: Times New Roman, serif;\"><span style=\"font-size: medium;\">M\u016bsu m\u0113beles tiek rad\u012btas \u0146emot v\u0113r\u0101 cilv\u0113ka \u0137erme\u0146a uzb\u016bvi, nov\u0113rt\u0113jot augo\u0161\u0101 organisma vajadz\u012bbas un ieradumus, cen\u0161oties, lai m\u0101c\u012b\u0161an\u0101s neb\u016btu nogurdino\u0161a un pareiza st\u0101ja nek\u013c\u016btu par probl\u0113mu.<\/span><\/span><\/p>\n<p class=\"western\" lang=\"lv-LV\"><span style=\"font-family: Times New Roman, serif;\"><span style=\"font-size: x-large;\"><b>IZTUR\u012aGAS, VIEGLAS KONSTRUKCIJAS<\/b><\/span><\/span><\/p>\n<p class=\"western\"><span style=\"font-family: Times New Roman, serif;\"><span style=\"font-size: medium;\"><span lang=\"lv-LV\">Izmantojam vieglus, iztur\u012bgus un m\u016bsdien\u012bgus materi\u0101lus, kas \u013cauj rad\u012bt konstrukcijas, kuras var viegli un \u0113rti izvietot telp\u0101, ekonom\u0113jot un piel\u0101gojot telpu<\/span><\/span><\/span> <span style=\"font-family: Times New Roman, serif;\"><span style=\"font-size: medium;\"><span lang=\"lv-LV\">atbilsto\u0161i vajadz\u012bb\u0101m. <\/span><\/span><\/span><\/p>\n<p class=\"western\" lang=\"lv-LV\"><span style=\"font-family: Times New Roman, serif;\"><span style=\"font-size: x-large;\"><b>L\u012aDZ S\u012aKUMIEM APDOM\u0100TA \u0112RT\u012aBA<\/b><\/span><\/span><\/p>\n<p class=\"western\" lang=\"lv-LV\"><span style=\"font-family: Times New Roman, serif;\"><span style=\"font-size: medium;\">Katrs izliekums, katrs izvirz\u012bjums, plaukti\u0146\u0161, pakarin\u0101mais &#8211; viss tamd\u0113\u013c, lai izmantojot \u0161\u012bs m\u0113beles justos \u0113rti, bet \u0137ermeni nenogurdin\u0101tu ne\u0113rtas poz\u012bcijas izrais\u012btas saj\u016btas.<\/span><\/span><\/p>\n<p class=\"western\" lang=\"lv-LV\"><span style=\"font-family: Times New Roman, serif;\"><span style=\"font-size: x-large;\"><b>DA\u017d\u0100D\u012aBA<\/b><\/span><\/span><\/p>\n<p class=\"western\" lang=\"lv-LV\"><span style=\"font-family: Times New Roman, serif;\"><span style=\"font-size: medium;\">Nestandarta formu m\u0113beles \u013cauj m\u0101c\u012bbu telp\u0101s rad\u012bt da\u017e\u0101dus izvieto\u0161anas variantus, ir \u0113rtas gan izmantojot atsevi\u0161\u0137i, gan darbam grup\u0101s.<\/span><\/span><\/p>\n","protected":false},"excerpt":{"rendered":"<p>ERGONOMIJA M\u016bsu m\u0113beles tiek rad\u012btas \u0146emot v\u0113r\u0101 cilv\u0113ka \u0137erme\u0146a uzb\u016bvi, nov\u0113rt\u0113jot augo\u0161\u0101 organisma vajadz\u012bbas un ieradumus, cen\u0161oties, lai m\u0101c\u012b\u0161an\u0101s neb\u016btu nogurdino\u0161a un pareiza st\u0101ja nek\u013c\u016btu par probl\u0113mu. IZTUR\u012aGAS, VIEGLAS KONSTRUKCIJAS Izmantojam vieglus, iztur\u012bgus un m\u016bsdien\u012bgus materi\u0101lus, kas \u013cauj rad\u012bt konstrukcijas, kuras var viegli un \u0113rti izvietot telp\u0101, ekonom\u0113jot un piel\u0101gojot telpu atbilsto\u0161i vajadz\u012bb\u0101m. L\u012aDZ S\u012aKUMIEM [&hellip;]<\/p>\n","protected":false},"author":1,"featured_media":1817,"parent":0,"menu_order":0,"comment_status":"closed","ping_status":"closed","template":"","meta":[],"acf":[],"yoast_head":"<!-- This site is optimized with the Yoast SEO plugin v19.7.2 - https:\/\/yoast.com\/wordpress\/plugins\/seo\/ -->\n<title>Ergonomi\u0161ki ESCO mokykliniai baldai: stalai, k\u0117d\u0117s | studyfurniture.eu<\/title>\n<meta name=\"description\" content=\"Ergonomi\u0161ki ESCO mokykliniai baldai: stalai, k\u0117d\u0117s, mobilios lentynos, lentos, mink\u0161tasuoli\u0173 sistemos.\" \/>\n<meta name=\"robots\" content=\"index, follow, max-snippet:-1, max-image-preview:large, max-video-preview:-1\" \/>\n<link rel=\"canonical\" href=\"https:\/\/studyfurniture.eu\/lv\/\" \/>\n<meta property=\"og:locale\" content=\"lv_LV\" \/>\n<meta property=\"og:type\" content=\"article\" \/>\n<meta property=\"og:title\" content=\"Ergonomi\u0161ki ESCO mokykliniai baldai: stalai, k\u0117d\u0117s | studyfurniture.eu\" \/>\n<meta property=\"og:description\" content=\"Ergonomi\u0161ki ESCO mokykliniai baldai: stalai, k\u0117d\u0117s, mobilios lentynos, lentos, mink\u0161tasuoli\u0173 sistemos.\" \/>\n<meta property=\"og:url\" content=\"https:\/\/studyfurniture.eu\/lv\/\" \/>\n<meta property=\"og:site_name\" content=\"Studyfurniture.eu\" \/>\n<meta property=\"article:modified_time\" content=\"2023-04-24T11:12:04+00:00\" \/>\n<meta property=\"og:image\" content=\"https:\/\/studyfurniture.eu\/wp-content\/uploads\/2019\/07\/worth_transparent.png\" \/>\n\t<meta property=\"og:image:width\" content=\"651\" \/>\n\t<meta property=\"og:image:height\" content=\"873\" \/>\n\t<meta property=\"og:image:type\" content=\"image\/png\" \/>\n<meta name=\"twitter:card\" content=\"summary_large_image\" \/>\n<meta name=\"twitter:label1\" content=\"Est. reading time\" \/>\n\t<meta name=\"twitter:data1\" content=\"1 minute\" \/>\n<script type=\"application\/ld+json\" class=\"yoast-schema-graph\">{\"@context\":\"https:\/\/schema.org\",\"@graph\":[{\"@type\":\"WebPage\",\"@id\":\"https:\/\/studyfurniture.eu\/lv\/\",\"url\":\"https:\/\/studyfurniture.eu\/lv\/\",\"name\":\"Ergonomi\u0161ki ESCO mokykliniai baldai: stalai, k\u0117d\u0117s | studyfurniture.eu\",\"isPartOf\":{\"@id\":\"https:\/\/dodgerblue-goat-845310.hostingersite.com\/#website\"},\"datePublished\":\"2020-02-13T14:20:49+00:00\",\"dateModified\":\"2023-04-24T11:12:04+00:00\",\"description\":\"Ergonomi\u0161ki ESCO mokykliniai baldai: stalai, k\u0117d\u0117s, mobilios lentynos, lentos, mink\u0161tasuoli\u0173 sistemos.\",\"breadcrumb\":{\"@id\":\"https:\/\/studyfurniture.eu\/lv\/#breadcrumb\"},\"inLanguage\":\"lv-LV\",\"potentialAction\":[{\"@type\":\"ReadAction\",\"target\":[\"https:\/\/studyfurniture.eu\/lv\/\"]}]},{\"@type\":\"BreadcrumbList\",\"@id\":\"https:\/\/studyfurniture.eu\/lv\/#breadcrumb\",\"itemListElement\":[{\"@type\":\"ListItem\",\"position\":1,\"name\":\"Home\",\"item\":\"https:\/\/studyfurniture.eu\/lv\/\"},{\"@type\":\"ListItem\",\"position\":2,\"name\":\"Titullap\u0101\"}]},{\"@type\":\"WebSite\",\"@id\":\"https:\/\/dodgerblue-goat-845310.hostingersite.com\/#website\",\"url\":\"https:\/\/dodgerblue-goat-845310.hostingersite.com\/\",\"name\":\"Studyfurniture.eu\",\"description\":\"Ergonomi\u0161ki baldai mokymuisi: stalai, k\u0117d\u0117s\",\"potentialAction\":[{\"@type\":\"SearchAction\",\"target\":{\"@type\":\"EntryPoint\",\"urlTemplate\":\"https:\/\/dodgerblue-goat-845310.hostingersite.com\/?s={search_term_string}\"},\"query-input\":\"required name=search_term_string\"}],\"inLanguage\":\"lv-LV\"}]}<\/script>\n<!-- \/ Yoast SEO plugin. -->","yoast_head_json":{"title":"Ergonomi\u0161ki ESCO mokykliniai baldai: stalai, k\u0117d\u0117s | studyfurniture.eu","description":"Ergonomi\u0161ki ESCO mokykliniai baldai: stalai, k\u0117d\u0117s, mobilios lentynos, lentos, mink\u0161tasuoli\u0173 sistemos.","robots":{"index":"index","follow":"follow","max-snippet":"max-snippet:-1","max-image-preview":"max-image-preview:large","max-video-preview":"max-video-preview:-1"},"canonical":"https:\/\/studyfurniture.eu\/lv\/","og_locale":"lv_LV","og_type":"article","og_title":"Ergonomi\u0161ki ESCO mokykliniai baldai: stalai, k\u0117d\u0117s | studyfurniture.eu","og_description":"Ergonomi\u0161ki ESCO mokykliniai baldai: stalai, k\u0117d\u0117s, mobilios lentynos, lentos, mink\u0161tasuoli\u0173 sistemos.","og_url":"https:\/\/studyfurniture.eu\/lv\/","og_site_name":"Studyfurniture.eu","article_modified_time":"2023-04-24T11:12:04+00:00","og_image":[{"width":651,"height":873,"url":"https:\/\/studyfurniture.eu\/wp-content\/uploads\/2019\/07\/worth_transparent.png","type":"image\/png"}],"twitter_card":"summary_large_image","twitter_misc":{"Est. reading time":"1 minute"},"schema":{"@context":"https:\/\/schema.org","@graph":[{"@type":"WebPage","@id":"https:\/\/studyfurniture.eu\/lv\/","url":"https:\/\/studyfurniture.eu\/lv\/","name":"Ergonomi\u0161ki ESCO mokykliniai baldai: stalai, k\u0117d\u0117s | studyfurniture.eu","isPartOf":{"@id":"https:\/\/dodgerblue-goat-845310.hostingersite.com\/#website"},"datePublished":"2020-02-13T14:20:49+00:00","dateModified":"2023-04-24T11:12:04+00:00","description":"Ergonomi\u0161ki ESCO mokykliniai baldai: stalai, k\u0117d\u0117s, mobilios lentynos, lentos, mink\u0161tasuoli\u0173 sistemos.","breadcrumb":{"@id":"https:\/\/studyfurniture.eu\/lv\/#breadcrumb"},"inLanguage":"lv-LV","potentialAction":[{"@type":"ReadAction","target":["https:\/\/studyfurniture.eu\/lv\/"]}]},{"@type":"BreadcrumbList","@id":"https:\/\/studyfurniture.eu\/lv\/#breadcrumb","itemListElement":[{"@type":"ListItem","position":1,"name":"Home","item":"https:\/\/studyfurniture.eu\/lv\/"},{"@type":"ListItem","position":2,"name":"Titullap\u0101"}]},{"@type":"WebSite","@id":"https:\/\/dodgerblue-goat-845310.hostingersite.com\/#website","url":"https:\/\/dodgerblue-goat-845310.hostingersite.com\/","name":"Studyfurniture.eu","description":"Ergonomi\u0161ki baldai mokymuisi: stalai, k\u0117d\u0117s","potentialAction":[{"@type":"SearchAction","target":{"@type":"EntryPoint","urlTemplate":"https:\/\/dodgerblue-goat-845310.hostingersite.com\/?s={search_term_string}"},"query-input":"required name=search_term_string"}],"inLanguage":"lv-LV"}]}},"_links":{"self":[{"href":"https:\/\/studyfurniture.eu\/lv\/wp-json\/wp\/v2\/pages\/2562"}],"collection":[{"href":"https:\/\/studyfurniture.eu\/lv\/wp-json\/wp\/v2\/pages"}],"about":[{"href":"https:\/\/studyfurniture.eu\/lv\/wp-json\/wp\/v2\/types\/page"}],"author":[{"embeddable":true,"href":"https:\/\/studyfurniture.eu\/lv\/wp-json\/wp\/v2\/users\/1"}],"replies":[{"embeddable":true,"href":"https:\/\/studyfurniture.eu\/lv\/wp-json\/wp\/v2\/comments?post=2562"}],"version-history":[{"count":1,"href":"https:\/\/studyfurniture.eu\/lv\/wp-json\/wp\/v2\/pages\/2562\/revisions"}],"predecessor-version":[{"id":2569,"href":"https:\/\/studyfurniture.eu\/lv\/wp-json\/wp\/v2\/pages\/2562\/revisions\/2569"}],"wp:featuredmedia":[{"embeddable":true,"href":"https:\/\/studyfurniture.eu\/lv\/wp-json\/wp\/v2\/media\/1817"}],"wp:attachment":[{"href":"https:\/\/studyfurniture.eu\/lv\/wp-json\/wp\/v2\/media?parent=2562"}],"curies":[{"name":"wp","href":"https:\/\/api.w.org\/{rel}","templated":true}]}}