{"id":2425,"date":"2019-07-22T09:15:59","date_gmt":"2019-07-22T11:15:59","guid":{"rendered":"https:\/\/www.studyfurniture.eu\/mokykloms-darzeliams\/"},"modified":"2022-04-12T04:29:57","modified_gmt":"2022-04-12T06:29:57","slug":"skolam-bernudarziem","status":"publish","type":"page","link":"https:\/\/studyfurniture.eu\/lv\/skolam-bernudarziem\/","title":{"rendered":"Skol\u0101m"},"content":{"rendered":"<p class=\"western\" lang=\"lv-LV\" align=\"justify\"><span style=\"font-family: Times New Roman, serif;\"><span style=\"font-size: medium;\"><b>ESCO\u00a0ergonomiskas m\u0113beles skol\u0101m un b\u0113rnud\u0101rziem pal\u012bdz rad\u012bt lab\u0101ku m\u0101c\u012bbu vidi!<\/b><\/span><\/span><\/p>\n<p class=\"western\" align=\"justify\"><span style=\"font-family: Times New Roman, serif;\"><span style=\"font-size: medium;\"><span lang=\"lv-LV\">Skolu <\/span><\/span><\/span><span style=\"font-family: Times New Roman, serif;\"><span style=\"font-size: medium;\"><span lang=\"lv-LV\"><b>ESCO <\/b><\/span><\/span><\/span><span style=\"font-family: Times New Roman, serif;\"><span style=\"font-size: medium;\"><span lang=\"lv-LV\">kr\u0113sli, galdi un galdu virsmu sist\u0113mas ir paredz\u0113tas da\u017e\u0101diem augo\u0161u b\u0113rnu augumiem, da\u017e\u0101diem kla\u0161u lielumiem un izmanto\u0161anas veidiem. Varam pied\u0101v\u0101t kr\u0101sainus jaun\u0101s paaudzes kr\u0113slus, kuri ir lieliski piem\u0113roti m\u0101c\u012bbu vid\u0113m \u0101rpus klases. <\/span><\/span><\/span><span style=\"font-family: Times New Roman, serif;\"><span style=\"font-size: medium;\"><span lang=\"lv-LV\"><b>ESCO<\/b><\/span><\/span><\/span><span style=\"font-family: Times New Roman, serif;\"><span style=\"font-size: medium;\"><span lang=\"lv-LV\">\u00a0mobilie plaukti \u2013 tas ir \u0113rts risin\u0101jums mantu glab\u0101\u0161anai. Kr\u0101saini, moderni d\u012bv\u0101ni un to sist\u0113mas pal\u012bdz\u0113s rad\u012bt m\u0101j\u012bgas atp\u016btas zonas skol\u0101s un b\u0113rnud\u0101rzos.<\/span><\/span><\/span><\/p>\n<p class=\"western\" align=\"justify\"><span style=\"font-family: Times New Roman, serif;\"><span style=\"font-size: medium;\"><span lang=\"lv-LV\"><b>ESCO<\/b><\/span><\/span><\/span><span style=\"font-family: Times New Roman, serif;\"><span style=\"font-size: medium;\"><span lang=\"lv-LV\"> skolas m\u0113be\u013cu modernais dizains rada progres\u012bvu pieeju m\u016bsu plan\u0113tai, izmantojot vieglus, iztur\u012bgus un p\u0101rstr\u0101d\u0101jamus materi\u0101lus, kas nodro\u0161in\u0101s jums skaistu m\u0101c\u012bbu vidi daudzus gadus. M\u016bsu produkti ir \u013coti iztur\u012bgi un neprasa daudz p\u016bles to uztur\u0113\u0161anai. Tie ir iztur\u012bgi produkti ar ilgu kalpo\u0161anas laiku, kuriem tiek izmantotas viegli nomain\u0101mas deta\u013cas: sliedes, apvalki un r\u0101mji.Tie ietaupa resursus un samazina atkritumu daudzumu, samazinot m\u016bsu ietekmi uz vidi!<\/span><\/span><\/span><\/p>\n<p class=\"western\" lang=\"lv-LV\" align=\"justify\"><span style=\"font-family: Times New Roman, serif;\"><span style=\"font-size: medium;\">\u0160eit atrad\u012bsiet visu nepiecie\u0161amo J\u016bsu skol\u0101m un b\u0113rnud\u0101rziem.<\/span><\/span><\/p>\n<p>&nbsp;<\/p>\n<p>&nbsp;<\/p>\n","protected":false},"excerpt":{"rendered":"<p>ESCO\u00a0ergonomiskas m\u0113beles skol\u0101m un b\u0113rnud\u0101rziem pal\u012bdz rad\u012bt lab\u0101ku m\u0101c\u012bbu vidi! Skolu ESCO kr\u0113sli, galdi un galdu virsmu sist\u0113mas ir paredz\u0113tas da\u017e\u0101diem augo\u0161u b\u0113rnu augumiem, da\u017e\u0101diem kla\u0161u lielumiem un izmanto\u0161anas veidiem. Varam pied\u0101v\u0101t kr\u0101sainus jaun\u0101s paaudzes kr\u0113slus, kuri ir lieliski piem\u0113roti m\u0101c\u012bbu vid\u0113m \u0101rpus klases. ESCO\u00a0mobilie plaukti \u2013 tas ir \u0113rts risin\u0101jums mantu glab\u0101\u0161anai. Kr\u0101saini, moderni [&hellip;]<\/p>\n","protected":false},"author":1,"featured_media":2426,"parent":0,"menu_order":0,"comment_status":"closed","ping_status":"closed","template":"archive-item.php","meta":[],"acf":[],"yoast_head":"<!-- This site is optimized with the Yoast SEO plugin v19.7.2 - https:\/\/yoast.com\/wordpress\/plugins\/seo\/ -->\n<title>ESCO ergonomi\u0161ki baldai mokykloms ir dar\u017eeliams | studyfurniture.eu<\/title>\n<meta name=\"description\" content=\"ESCO ergonomi\u0161ki baldai mokykloms ir dar\u017eeliams: k\u0117d\u0117s, stalai,mobilios lentynos, mink\u0161tasuoliai ir j\u0173 sistemos, lentos.\" \/>\n<meta name=\"robots\" content=\"index, follow, max-snippet:-1, max-image-preview:large, max-video-preview:-1\" \/>\n<link rel=\"canonical\" href=\"https:\/\/studyfurniture.eu\/lv\/skolam-bernudarziem\/\" \/>\n<meta property=\"og:locale\" content=\"lv_LV\" \/>\n<meta property=\"og:type\" content=\"article\" \/>\n<meta property=\"og:title\" content=\"ESCO ergonomi\u0161ki baldai mokykloms ir dar\u017eeliams | studyfurniture.eu\" \/>\n<meta property=\"og:description\" content=\"ESCO ergonomi\u0161ki baldai mokykloms ir dar\u017eeliams: k\u0117d\u0117s, stalai,mobilios lentynos, mink\u0161tasuoliai ir j\u0173 sistemos, lentos.\" \/>\n<meta property=\"og:url\" content=\"https:\/\/studyfurniture.eu\/lv\/skolam-bernudarziem\/\" \/>\n<meta property=\"og:site_name\" content=\"Studyfurniture.eu\" \/>\n<meta property=\"article:modified_time\" content=\"2022-04-12T06:29:57+00:00\" \/>\n<meta property=\"og:image\" content=\"https:\/\/studyfurniture.eu\/wp-content\/uploads\/2019\/09\/ESCO-students_2.png\" \/>\n\t<meta property=\"og:image:width\" content=\"1000\" \/>\n\t<meta property=\"og:image:height\" content=\"1500\" \/>\n\t<meta property=\"og:image:type\" content=\"image\/png\" \/>\n<meta name=\"twitter:card\" content=\"summary_large_image\" \/>\n<meta name=\"twitter:label1\" content=\"Est. reading time\" \/>\n\t<meta name=\"twitter:data1\" content=\"1 minute\" \/>\n<script type=\"application\/ld+json\" class=\"yoast-schema-graph\">{\"@context\":\"https:\/\/schema.org\",\"@graph\":[{\"@type\":\"WebPage\",\"@id\":\"https:\/\/studyfurniture.eu\/lv\/skolam-bernudarziem\/\",\"url\":\"https:\/\/studyfurniture.eu\/lv\/skolam-bernudarziem\/\",\"name\":\"ESCO ergonomi\u0161ki baldai mokykloms ir dar\u017eeliams | studyfurniture.eu\",\"isPartOf\":{\"@id\":\"https:\/\/dodgerblue-goat-845310.hostingersite.com\/#website\"},\"datePublished\":\"2019-07-22T11:15:59+00:00\",\"dateModified\":\"2022-04-12T06:29:57+00:00\",\"description\":\"ESCO ergonomi\u0161ki baldai mokykloms ir dar\u017eeliams: k\u0117d\u0117s, stalai,mobilios lentynos, mink\u0161tasuoliai ir j\u0173 sistemos, lentos.\",\"breadcrumb\":{\"@id\":\"https:\/\/studyfurniture.eu\/lv\/skolam-bernudarziem\/#breadcrumb\"},\"inLanguage\":\"lv-LV\",\"potentialAction\":[{\"@type\":\"ReadAction\",\"target\":[\"https:\/\/studyfurniture.eu\/lv\/skolam-bernudarziem\/\"]}]},{\"@type\":\"BreadcrumbList\",\"@id\":\"https:\/\/studyfurniture.eu\/lv\/skolam-bernudarziem\/#breadcrumb\",\"itemListElement\":[{\"@type\":\"ListItem\",\"position\":1,\"name\":\"Home\",\"item\":\"https:\/\/studyfurniture.eu\/lv\/\"},{\"@type\":\"ListItem\",\"position\":2,\"name\":\"Skol\u0101m\"}]},{\"@type\":\"WebSite\",\"@id\":\"https:\/\/dodgerblue-goat-845310.hostingersite.com\/#website\",\"url\":\"https:\/\/dodgerblue-goat-845310.hostingersite.com\/\",\"name\":\"Studyfurniture.eu\",\"description\":\"Ergonomi\u0161ki baldai mokymuisi: stalai, k\u0117d\u0117s\",\"potentialAction\":[{\"@type\":\"SearchAction\",\"target\":{\"@type\":\"EntryPoint\",\"urlTemplate\":\"https:\/\/dodgerblue-goat-845310.hostingersite.com\/?s={search_term_string}\"},\"query-input\":\"required name=search_term_string\"}],\"inLanguage\":\"lv-LV\"}]}<\/script>\n<!-- \/ Yoast SEO plugin. -->","yoast_head_json":{"title":"ESCO ergonomi\u0161ki baldai mokykloms ir dar\u017eeliams | studyfurniture.eu","description":"ESCO ergonomi\u0161ki baldai mokykloms ir dar\u017eeliams: k\u0117d\u0117s, stalai,mobilios lentynos, mink\u0161tasuoliai ir j\u0173 sistemos, lentos.","robots":{"index":"index","follow":"follow","max-snippet":"max-snippet:-1","max-image-preview":"max-image-preview:large","max-video-preview":"max-video-preview:-1"},"canonical":"https:\/\/studyfurniture.eu\/lv\/skolam-bernudarziem\/","og_locale":"lv_LV","og_type":"article","og_title":"ESCO ergonomi\u0161ki baldai mokykloms ir dar\u017eeliams | studyfurniture.eu","og_description":"ESCO ergonomi\u0161ki baldai mokykloms ir dar\u017eeliams: k\u0117d\u0117s, stalai,mobilios lentynos, mink\u0161tasuoliai ir j\u0173 sistemos, lentos.","og_url":"https:\/\/studyfurniture.eu\/lv\/skolam-bernudarziem\/","og_site_name":"Studyfurniture.eu","article_modified_time":"2022-04-12T06:29:57+00:00","og_image":[{"width":1000,"height":1500,"url":"https:\/\/studyfurniture.eu\/wp-content\/uploads\/2019\/09\/ESCO-students_2.png","type":"image\/png"}],"twitter_card":"summary_large_image","twitter_misc":{"Est. reading time":"1 minute"},"schema":{"@context":"https:\/\/schema.org","@graph":[{"@type":"WebPage","@id":"https:\/\/studyfurniture.eu\/lv\/skolam-bernudarziem\/","url":"https:\/\/studyfurniture.eu\/lv\/skolam-bernudarziem\/","name":"ESCO ergonomi\u0161ki baldai mokykloms ir dar\u017eeliams | studyfurniture.eu","isPartOf":{"@id":"https:\/\/dodgerblue-goat-845310.hostingersite.com\/#website"},"datePublished":"2019-07-22T11:15:59+00:00","dateModified":"2022-04-12T06:29:57+00:00","description":"ESCO ergonomi\u0161ki baldai mokykloms ir dar\u017eeliams: k\u0117d\u0117s, stalai,mobilios lentynos, mink\u0161tasuoliai ir j\u0173 sistemos, lentos.","breadcrumb":{"@id":"https:\/\/studyfurniture.eu\/lv\/skolam-bernudarziem\/#breadcrumb"},"inLanguage":"lv-LV","potentialAction":[{"@type":"ReadAction","target":["https:\/\/studyfurniture.eu\/lv\/skolam-bernudarziem\/"]}]},{"@type":"BreadcrumbList","@id":"https:\/\/studyfurniture.eu\/lv\/skolam-bernudarziem\/#breadcrumb","itemListElement":[{"@type":"ListItem","position":1,"name":"Home","item":"https:\/\/studyfurniture.eu\/lv\/"},{"@type":"ListItem","position":2,"name":"Skol\u0101m"}]},{"@type":"WebSite","@id":"https:\/\/dodgerblue-goat-845310.hostingersite.com\/#website","url":"https:\/\/dodgerblue-goat-845310.hostingersite.com\/","name":"Studyfurniture.eu","description":"Ergonomi\u0161ki baldai mokymuisi: stalai, k\u0117d\u0117s","potentialAction":[{"@type":"SearchAction","target":{"@type":"EntryPoint","urlTemplate":"https:\/\/dodgerblue-goat-845310.hostingersite.com\/?s={search_term_string}"},"query-input":"required name=search_term_string"}],"inLanguage":"lv-LV"}]}},"_links":{"self":[{"href":"https:\/\/studyfurniture.eu\/lv\/wp-json\/wp\/v2\/pages\/2425"}],"collection":[{"href":"https:\/\/studyfurniture.eu\/lv\/wp-json\/wp\/v2\/pages"}],"about":[{"href":"https:\/\/studyfurniture.eu\/lv\/wp-json\/wp\/v2\/types\/page"}],"author":[{"embeddable":true,"href":"https:\/\/studyfurniture.eu\/lv\/wp-json\/wp\/v2\/users\/1"}],"replies":[{"embeddable":true,"href":"https:\/\/studyfurniture.eu\/lv\/wp-json\/wp\/v2\/comments?post=2425"}],"version-history":[{"count":2,"href":"https:\/\/studyfurniture.eu\/lv\/wp-json\/wp\/v2\/pages\/2425\/revisions"}],"predecessor-version":[{"id":7838,"href":"https:\/\/studyfurniture.eu\/lv\/wp-json\/wp\/v2\/pages\/2425\/revisions\/7838"}],"wp:featuredmedia":[{"embeddable":true,"href":"https:\/\/studyfurniture.eu\/lv\/wp-json\/wp\/v2\/media\/2426"}],"wp:attachment":[{"href":"https:\/\/studyfurniture.eu\/lv\/wp-json\/wp\/v2\/media?parent=2425"}],"curies":[{"name":"wp","href":"https:\/\/api.w.org\/{rel}","templated":true}]}}