{"id":2418,"date":"2019-07-25T09:27:41","date_gmt":"2019-07-25T11:27:41","guid":{"rendered":"https:\/\/www.studyfurniture.eu\/mokymuisi-namuose\/"},"modified":"2023-04-24T09:33:14","modified_gmt":"2023-04-24T11:33:14","slug":"macibam-majas","status":"publish","type":"page","link":"https:\/\/studyfurniture.eu\/lv\/macibam-majas\/","title":{"rendered":"M\u0101c\u012bb\u0101m m\u0101j\u0101s"},"content":{"rendered":"<p>Ergonomisk\u0101s <strong>iStudy<\/strong> m\u0113beles \u2013 t\u0101s ir jaun\u0101s paaudzes m\u0113beles lai m\u0101c\u012btos m\u0101j\u0101s! <strong>iStudy<\/strong> b\u0113rnu rakst\u0101mgaldi un kr\u0113sli ir piem\u0113roti visiem, kuri v\u0113las izaugt veseli un izbaud\u012bt m\u0101c\u012b\u0161anos m\u0101j\u0101s. Ergonomisk\u0101s m\u0113beles iesp\u0113jams piel\u0101got augo\u0161am b\u0113rnam, nodro\u0161inot pareizu un \u0113rtu s\u0113d\u0113\u0161anas poz\u012bciju un mugurkaula aizsardz\u012bbu.<\/p>\n<p>Ergonomiskais b\u0113rna birojs \u2013t\u0101 ir J\u016bsu pasaule, ieskats n\u0101kotn\u0113.<\/p>\n<p>&nbsp;<\/p>\n<p>&nbsp;<\/p>\n","protected":false},"excerpt":{"rendered":"<p>Ergonomisk\u0101s iStudy m\u0113beles \u2013 t\u0101s ir jaun\u0101s paaudzes m\u0113beles lai m\u0101c\u012btos m\u0101j\u0101s! iStudy b\u0113rnu rakst\u0101mgaldi un kr\u0113sli ir piem\u0113roti visiem, kuri v\u0113las izaugt veseli un izbaud\u012bt m\u0101c\u012b\u0161anos m\u0101j\u0101s. Ergonomisk\u0101s m\u0113beles iesp\u0113jams piel\u0101got augo\u0161am b\u0113rnam, nodro\u0161inot pareizu un \u0113rtu s\u0113d\u0113\u0161anas poz\u012bciju un mugurkaula aizsardz\u012bbu. Ergonomiskais b\u0113rna birojs \u2013t\u0101 ir J\u016bsu pasaule, ieskats n\u0101kotn\u0113. &nbsp; &nbsp;<\/p>\n","protected":false},"author":1,"featured_media":0,"parent":0,"menu_order":0,"comment_status":"closed","ping_status":"closed","template":"","meta":[],"acf":[],"yoast_head":"<!-- This site is optimized with the Yoast SEO plugin v19.7.2 - https:\/\/yoast.com\/wordpress\/plugins\/seo\/ -->\n<title>Ergonomi\u0161ki iStudy mokymosi baldai: ra\u0161omieji stalai, k\u0117d\u0117s<\/title>\n<meta name=\"description\" content=\"Ergonomi\u0161ki iStudy mokymosi baldai: ra\u0161omieji stalai, k\u0117d\u0117s\" \/>\n<meta name=\"robots\" content=\"index, follow, max-snippet:-1, max-image-preview:large, max-video-preview:-1\" \/>\n<link rel=\"canonical\" href=\"https:\/\/studyfurniture.eu\/lv\/macibam-majas\/\" \/>\n<meta property=\"og:locale\" content=\"lv_LV\" \/>\n<meta property=\"og:type\" content=\"article\" \/>\n<meta property=\"og:title\" content=\"Ergonomi\u0161ki iStudy mokymosi baldai: ra\u0161omieji stalai, k\u0117d\u0117s\" \/>\n<meta property=\"og:description\" content=\"Ergonomi\u0161ki iStudy mokymosi baldai: ra\u0161omieji stalai, k\u0117d\u0117s\" \/>\n<meta property=\"og:url\" content=\"https:\/\/studyfurniture.eu\/lv\/macibam-majas\/\" \/>\n<meta property=\"og:site_name\" content=\"Studyfurniture.eu\" \/>\n<meta property=\"article:modified_time\" content=\"2023-04-24T11:33:14+00:00\" \/>\n<meta name=\"twitter:card\" content=\"summary_large_image\" \/>\n<meta name=\"twitter:label1\" content=\"Est. reading time\" \/>\n\t<meta name=\"twitter:data1\" content=\"1 minute\" \/>\n<script type=\"application\/ld+json\" class=\"yoast-schema-graph\">{\"@context\":\"https:\/\/schema.org\",\"@graph\":[{\"@type\":\"WebPage\",\"@id\":\"https:\/\/studyfurniture.eu\/lv\/macibam-majas\/\",\"url\":\"https:\/\/studyfurniture.eu\/lv\/macibam-majas\/\",\"name\":\"Ergonomi\u0161ki iStudy mokymosi baldai: ra\u0161omieji stalai, k\u0117d\u0117s\",\"isPartOf\":{\"@id\":\"https:\/\/dodgerblue-goat-845310.hostingersite.com\/#website\"},\"datePublished\":\"2019-07-25T11:27:41+00:00\",\"dateModified\":\"2023-04-24T11:33:14+00:00\",\"description\":\"Ergonomi\u0161ki iStudy mokymosi baldai: ra\u0161omieji stalai, k\u0117d\u0117s\",\"breadcrumb\":{\"@id\":\"https:\/\/studyfurniture.eu\/lv\/macibam-majas\/#breadcrumb\"},\"inLanguage\":\"lv-LV\",\"potentialAction\":[{\"@type\":\"ReadAction\",\"target\":[\"https:\/\/studyfurniture.eu\/lv\/macibam-majas\/\"]}]},{\"@type\":\"BreadcrumbList\",\"@id\":\"https:\/\/studyfurniture.eu\/lv\/macibam-majas\/#breadcrumb\",\"itemListElement\":[{\"@type\":\"ListItem\",\"position\":1,\"name\":\"Home\",\"item\":\"https:\/\/studyfurniture.eu\/lv\/\"},{\"@type\":\"ListItem\",\"position\":2,\"name\":\"M\u0101c\u012bb\u0101m m\u0101j\u0101s\"}]},{\"@type\":\"WebSite\",\"@id\":\"https:\/\/dodgerblue-goat-845310.hostingersite.com\/#website\",\"url\":\"https:\/\/dodgerblue-goat-845310.hostingersite.com\/\",\"name\":\"Studyfurniture.eu\",\"description\":\"Ergonomi\u0161ki baldai mokymuisi: stalai, k\u0117d\u0117s\",\"potentialAction\":[{\"@type\":\"SearchAction\",\"target\":{\"@type\":\"EntryPoint\",\"urlTemplate\":\"https:\/\/dodgerblue-goat-845310.hostingersite.com\/?s={search_term_string}\"},\"query-input\":\"required name=search_term_string\"}],\"inLanguage\":\"lv-LV\"}]}<\/script>\n<!-- \/ Yoast SEO plugin. -->","yoast_head_json":{"title":"Ergonomi\u0161ki iStudy mokymosi baldai: ra\u0161omieji stalai, k\u0117d\u0117s","description":"Ergonomi\u0161ki iStudy mokymosi baldai: ra\u0161omieji stalai, k\u0117d\u0117s","robots":{"index":"index","follow":"follow","max-snippet":"max-snippet:-1","max-image-preview":"max-image-preview:large","max-video-preview":"max-video-preview:-1"},"canonical":"https:\/\/studyfurniture.eu\/lv\/macibam-majas\/","og_locale":"lv_LV","og_type":"article","og_title":"Ergonomi\u0161ki iStudy mokymosi baldai: ra\u0161omieji stalai, k\u0117d\u0117s","og_description":"Ergonomi\u0161ki iStudy mokymosi baldai: ra\u0161omieji stalai, k\u0117d\u0117s","og_url":"https:\/\/studyfurniture.eu\/lv\/macibam-majas\/","og_site_name":"Studyfurniture.eu","article_modified_time":"2023-04-24T11:33:14+00:00","twitter_card":"summary_large_image","twitter_misc":{"Est. reading time":"1 minute"},"schema":{"@context":"https:\/\/schema.org","@graph":[{"@type":"WebPage","@id":"https:\/\/studyfurniture.eu\/lv\/macibam-majas\/","url":"https:\/\/studyfurniture.eu\/lv\/macibam-majas\/","name":"Ergonomi\u0161ki iStudy mokymosi baldai: ra\u0161omieji stalai, k\u0117d\u0117s","isPartOf":{"@id":"https:\/\/dodgerblue-goat-845310.hostingersite.com\/#website"},"datePublished":"2019-07-25T11:27:41+00:00","dateModified":"2023-04-24T11:33:14+00:00","description":"Ergonomi\u0161ki iStudy mokymosi baldai: ra\u0161omieji stalai, k\u0117d\u0117s","breadcrumb":{"@id":"https:\/\/studyfurniture.eu\/lv\/macibam-majas\/#breadcrumb"},"inLanguage":"lv-LV","potentialAction":[{"@type":"ReadAction","target":["https:\/\/studyfurniture.eu\/lv\/macibam-majas\/"]}]},{"@type":"BreadcrumbList","@id":"https:\/\/studyfurniture.eu\/lv\/macibam-majas\/#breadcrumb","itemListElement":[{"@type":"ListItem","position":1,"name":"Home","item":"https:\/\/studyfurniture.eu\/lv\/"},{"@type":"ListItem","position":2,"name":"M\u0101c\u012bb\u0101m m\u0101j\u0101s"}]},{"@type":"WebSite","@id":"https:\/\/dodgerblue-goat-845310.hostingersite.com\/#website","url":"https:\/\/dodgerblue-goat-845310.hostingersite.com\/","name":"Studyfurniture.eu","description":"Ergonomi\u0161ki baldai mokymuisi: stalai, k\u0117d\u0117s","potentialAction":[{"@type":"SearchAction","target":{"@type":"EntryPoint","urlTemplate":"https:\/\/dodgerblue-goat-845310.hostingersite.com\/?s={search_term_string}"},"query-input":"required name=search_term_string"}],"inLanguage":"lv-LV"}]}},"_links":{"self":[{"href":"https:\/\/studyfurniture.eu\/lv\/wp-json\/wp\/v2\/pages\/2418"}],"collection":[{"href":"https:\/\/studyfurniture.eu\/lv\/wp-json\/wp\/v2\/pages"}],"about":[{"href":"https:\/\/studyfurniture.eu\/lv\/wp-json\/wp\/v2\/types\/page"}],"author":[{"embeddable":true,"href":"https:\/\/studyfurniture.eu\/lv\/wp-json\/wp\/v2\/users\/1"}],"replies":[{"embeddable":true,"href":"https:\/\/studyfurniture.eu\/lv\/wp-json\/wp\/v2\/comments?post=2418"}],"version-history":[{"count":3,"href":"https:\/\/studyfurniture.eu\/lv\/wp-json\/wp\/v2\/pages\/2418\/revisions"}],"predecessor-version":[{"id":9719,"href":"https:\/\/studyfurniture.eu\/lv\/wp-json\/wp\/v2\/pages\/2418\/revisions\/9719"}],"wp:attachment":[{"href":"https:\/\/studyfurniture.eu\/lv\/wp-json\/wp\/v2\/media?parent=2418"}],"curies":[{"name":"wp","href":"https:\/\/api.w.org\/{rel}","templated":true}]}}