{"id":3346,"date":"2019-08-06T08:31:20","date_gmt":"2019-08-06T10:31:20","guid":{"rendered":"https:\/\/www.studyfurniture.eu\/produktas\/kede-c06a\/"},"modified":"2020-06-03T10:28:57","modified_gmt":"2020-06-03T12:28:57","slug":"kede-c06a","status":"publish","type":"product","link":"https:\/\/studyfurniture.eu\/et\/produktas\/kede-c06a\/","title":{"rendered":"Tool C06A"},"content":{"rendered":"<p><strong>Ergonoomiline laste t\u00f6\u00f6toa tool on t\u00e4iuslik kombinatsioon \u00f5ppimisest ja kasvamisest. See tool kaitseb lapse \u00f5lgu ja selga ning aitab \u00f5ppimisest r\u00f5\u00f5mu tunda.\u00a0Aita oma lapsel \u00f5igesti istuda!<\/strong><\/p>\n<p>Seljatoe k\u00f5rgus ning istme k\u00f5rgus ja s\u00fcgavus on reguleeritav, tagades nii selgroo kaitse ja \u00f5ige istumisasendi. Kaheosaline seljatugi v\u00e4hendab t\u00f5husalt seljale osaks saavat survet. Seljatugi liibub seljale piki seljalihaseid ning ei puuduta selgroogu.<\/p>\n<p>Tool on kaetud \u201em\u00e4letava\u201c puuvillasega, mis s\u00e4ilitab oma kuju ja elastsuse pikka aega. \u00d5ige istumisasend leevendab survet puusadele ja parandab vereringet.<\/p>\n<p>Tooli on lihtne \u00fchest kohast teise nihutada. Istumisel l\u00fclitub sisse 20 kg koormuse korral automaatselt aktiveeruv toolirataste pidur, mis tagab t\u00e4iendava turvalisuse. Liblikakujulise aluse pind on libisemiskindel ja turvaline ning kulumiskindel jalatugi ei p\u00f5hjusta jalgade \u201esuremist\u201c.<\/p>\n<p>See tool on pilk tulevikku ning sobib igale vanusele alates 3. eluaastast.<\/p>\n<p><u>Spetsifikatsioonid:<\/u><\/p>\n<p>Stiil: ergonoomiline\/moodne<\/p>\n<p>Viimistlusmaterjalid: ABS-plastik, v\u00e4ga elastne vahtpol\u00fcuretaan, puuvillane m\u00f6\u00f6bliriie<\/p>\n<p>Raami v\u00e4rvus: hall<\/p>\n<p>Kanga v\u00e4rvus: sinine\/roosa<\/p>\n<p>Toote kaal koos pakendiga: 15 kg<\/p>\n<p>Suurim lubatud kaal: 100 kg<\/p>\n<p>Funktsioonid: koormusega aktiveeruv rataste pidur<\/p>\n","protected":false},"excerpt":{"rendered":"<p>Ergonoomiline laste t\u00f6\u00f6toa tool on selgroo kaitse ja \u00f5ige istumisasendi garantii!<\/p>\n<p>Palun pane t\u00e4hele, et tooli v\u00e4rv fotodel v\u00f5ib selle tegelikust v\u00e4rvusest veidi erineda.<\/p>\n","protected":false},"featured_media":3348,"comment_status":"open","ping_status":"closed","template":"","meta":[],"acf":[],"yoast_head":"<!-- This site is optimized with the Yoast SEO plugin v19.7.2 - https:\/\/yoast.com\/wordpress\/plugins\/seo\/ -->\n<title>Ergonomi\u0161koji vaiko biuro k\u0117d\u0117 iStudy C06A | studyfurniture.eu<\/title>\n<meta name=\"description\" content=\"Ergonomi\u0161koji vaiki\u0161ka iStudy k\u0117d\u0117 C06A -\u00a0tai patogi ir moderni k\u0117d\u0117. Ji saugo pe\u010dius ir nugar\u0105, padeda m\u0117gautis mokymusi ir u\u017etikrina taisykling\u0105 s\u0117d\u0117sen\u0105.\" \/>\n<meta name=\"robots\" content=\"index, follow, max-snippet:-1, max-image-preview:large, max-video-preview:-1\" \/>\n<link rel=\"canonical\" href=\"https:\/\/studyfurniture.eu\/et\/produktas\/kede-c06a\/\" \/>\n<meta property=\"og:locale\" content=\"en_US\" \/>\n<meta property=\"og:type\" content=\"article\" \/>\n<meta property=\"og:title\" content=\"Ergonomi\u0161koji vaiko biuro k\u0117d\u0117 iStudy C06A | studyfurniture.eu\" \/>\n<meta property=\"og:description\" content=\"Ergonomi\u0161koji vaiki\u0161ka iStudy k\u0117d\u0117 C06A -\u00a0tai patogi ir moderni k\u0117d\u0117. Ji saugo pe\u010dius ir nugar\u0105, padeda m\u0117gautis mokymusi ir u\u017etikrina taisykling\u0105 s\u0117d\u0117sen\u0105.\" \/>\n<meta property=\"og:url\" content=\"https:\/\/studyfurniture.eu\/et\/produktas\/kede-c06a\/\" \/>\n<meta property=\"og:site_name\" content=\"Studyfurniture.eu\" \/>\n<meta property=\"article:modified_time\" content=\"2020-06-03T12:28:57+00:00\" \/>\n<meta property=\"og:image\" content=\"https:\/\/studyfurniture.eu\/wp-content\/uploads\/2019\/08\/C06A_iStudy_kede_blue_1.jpg\" \/>\n\t<meta property=\"og:image:width\" content=\"1000\" \/>\n\t<meta property=\"og:image:height\" content=\"667\" \/>\n\t<meta property=\"og:image:type\" content=\"image\/jpeg\" \/>\n<meta name=\"twitter:card\" content=\"summary_large_image\" \/>\n<meta name=\"twitter:label1\" content=\"Est. reading time\" \/>\n\t<meta name=\"twitter:data1\" content=\"1 minute\" \/>\n<script type=\"application\/ld+json\" class=\"yoast-schema-graph\">{\"@context\":\"https:\/\/schema.org\",\"@graph\":[{\"@type\":\"WebPage\",\"@id\":\"https:\/\/studyfurniture.eu\/et\/produktas\/kede-c06a\/\",\"url\":\"https:\/\/studyfurniture.eu\/et\/produktas\/kede-c06a\/\",\"name\":\"Ergonomi\u0161koji vaiko biuro k\u0117d\u0117 iStudy C06A | studyfurniture.eu\",\"isPartOf\":{\"@id\":\"https:\/\/dodgerblue-goat-845310.hostingersite.com\/#website\"},\"datePublished\":\"2019-08-06T10:31:20+00:00\",\"dateModified\":\"2020-06-03T12:28:57+00:00\",\"description\":\"Ergonomi\u0161koji vaiki\u0161ka iStudy k\u0117d\u0117 C06A -\u00a0tai patogi ir moderni k\u0117d\u0117. Ji saugo pe\u010dius ir nugar\u0105, padeda m\u0117gautis mokymusi ir u\u017etikrina taisykling\u0105 s\u0117d\u0117sen\u0105.\",\"breadcrumb\":{\"@id\":\"https:\/\/studyfurniture.eu\/et\/produktas\/kede-c06a\/#breadcrumb\"},\"inLanguage\":\"ee\",\"potentialAction\":[{\"@type\":\"ReadAction\",\"target\":[\"https:\/\/studyfurniture.eu\/et\/produktas\/kede-c06a\/\"]}]},{\"@type\":\"BreadcrumbList\",\"@id\":\"https:\/\/studyfurniture.eu\/et\/produktas\/kede-c06a\/#breadcrumb\",\"itemListElement\":[{\"@type\":\"ListItem\",\"position\":1,\"name\":\"Home\",\"item\":\"https:\/\/studyfurniture.eu\/et\/\"},{\"@type\":\"ListItem\",\"position\":2,\"name\":\"\u0414\u043b\u044f \u0443\u0447\u0451\u0431\u044b \u0434\u043e\u043c\u0430\",\"item\":\"https:\/\/studyfurniture.eu\/ru\/mokymuisi-namuose-2\/\"},{\"@type\":\"ListItem\",\"position\":3,\"name\":\"Tool C06A\"}]},{\"@type\":\"WebSite\",\"@id\":\"https:\/\/dodgerblue-goat-845310.hostingersite.com\/#website\",\"url\":\"https:\/\/dodgerblue-goat-845310.hostingersite.com\/\",\"name\":\"Studyfurniture.eu\",\"description\":\"Ergonomi\u0161ki baldai mokymuisi: stalai, k\u0117d\u0117s\",\"potentialAction\":[{\"@type\":\"SearchAction\",\"target\":{\"@type\":\"EntryPoint\",\"urlTemplate\":\"https:\/\/dodgerblue-goat-845310.hostingersite.com\/?s={search_term_string}\"},\"query-input\":\"required name=search_term_string\"}],\"inLanguage\":\"ee\"}]}<\/script>\n<!-- \/ Yoast SEO plugin. -->","yoast_head_json":{"title":"Ergonomi\u0161koji vaiko biuro k\u0117d\u0117 iStudy C06A | studyfurniture.eu","description":"Ergonomi\u0161koji vaiki\u0161ka iStudy k\u0117d\u0117 C06A -\u00a0tai patogi ir moderni k\u0117d\u0117. Ji saugo pe\u010dius ir nugar\u0105, padeda m\u0117gautis mokymusi ir u\u017etikrina taisykling\u0105 s\u0117d\u0117sen\u0105.","robots":{"index":"index","follow":"follow","max-snippet":"max-snippet:-1","max-image-preview":"max-image-preview:large","max-video-preview":"max-video-preview:-1"},"canonical":"https:\/\/studyfurniture.eu\/et\/produktas\/kede-c06a\/","og_locale":"en_US","og_type":"article","og_title":"Ergonomi\u0161koji vaiko biuro k\u0117d\u0117 iStudy C06A | studyfurniture.eu","og_description":"Ergonomi\u0161koji vaiki\u0161ka iStudy k\u0117d\u0117 C06A -\u00a0tai patogi ir moderni k\u0117d\u0117. Ji saugo pe\u010dius ir nugar\u0105, padeda m\u0117gautis mokymusi ir u\u017etikrina taisykling\u0105 s\u0117d\u0117sen\u0105.","og_url":"https:\/\/studyfurniture.eu\/et\/produktas\/kede-c06a\/","og_site_name":"Studyfurniture.eu","article_modified_time":"2020-06-03T12:28:57+00:00","og_image":[{"width":1000,"height":667,"url":"https:\/\/studyfurniture.eu\/wp-content\/uploads\/2019\/08\/C06A_iStudy_kede_blue_1.jpg","type":"image\/jpeg"}],"twitter_card":"summary_large_image","twitter_misc":{"Est. reading time":"1 minute"},"schema":{"@context":"https:\/\/schema.org","@graph":[{"@type":"WebPage","@id":"https:\/\/studyfurniture.eu\/et\/produktas\/kede-c06a\/","url":"https:\/\/studyfurniture.eu\/et\/produktas\/kede-c06a\/","name":"Ergonomi\u0161koji vaiko biuro k\u0117d\u0117 iStudy C06A | studyfurniture.eu","isPartOf":{"@id":"https:\/\/dodgerblue-goat-845310.hostingersite.com\/#website"},"datePublished":"2019-08-06T10:31:20+00:00","dateModified":"2020-06-03T12:28:57+00:00","description":"Ergonomi\u0161koji vaiki\u0161ka iStudy k\u0117d\u0117 C06A -\u00a0tai patogi ir moderni k\u0117d\u0117. Ji saugo pe\u010dius ir nugar\u0105, padeda m\u0117gautis mokymusi ir u\u017etikrina taisykling\u0105 s\u0117d\u0117sen\u0105.","breadcrumb":{"@id":"https:\/\/studyfurniture.eu\/et\/produktas\/kede-c06a\/#breadcrumb"},"inLanguage":"ee","potentialAction":[{"@type":"ReadAction","target":["https:\/\/studyfurniture.eu\/et\/produktas\/kede-c06a\/"]}]},{"@type":"BreadcrumbList","@id":"https:\/\/studyfurniture.eu\/et\/produktas\/kede-c06a\/#breadcrumb","itemListElement":[{"@type":"ListItem","position":1,"name":"Home","item":"https:\/\/studyfurniture.eu\/et\/"},{"@type":"ListItem","position":2,"name":"\u0414\u043b\u044f \u0443\u0447\u0451\u0431\u044b \u0434\u043e\u043c\u0430","item":"https:\/\/studyfurniture.eu\/ru\/mokymuisi-namuose-2\/"},{"@type":"ListItem","position":3,"name":"Tool C06A"}]},{"@type":"WebSite","@id":"https:\/\/dodgerblue-goat-845310.hostingersite.com\/#website","url":"https:\/\/dodgerblue-goat-845310.hostingersite.com\/","name":"Studyfurniture.eu","description":"Ergonomi\u0161ki baldai mokymuisi: stalai, k\u0117d\u0117s","potentialAction":[{"@type":"SearchAction","target":{"@type":"EntryPoint","urlTemplate":"https:\/\/dodgerblue-goat-845310.hostingersite.com\/?s={search_term_string}"},"query-input":"required name=search_term_string"}],"inLanguage":"ee"}]}},"_links":{"self":[{"href":"https:\/\/studyfurniture.eu\/et\/wp-json\/wp\/v2\/product\/3346"}],"collection":[{"href":"https:\/\/studyfurniture.eu\/et\/wp-json\/wp\/v2\/product"}],"about":[{"href":"https:\/\/studyfurniture.eu\/et\/wp-json\/wp\/v2\/types\/product"}],"replies":[{"embeddable":true,"href":"https:\/\/studyfurniture.eu\/et\/wp-json\/wp\/v2\/comments?post=3346"}],"wp:featuredmedia":[{"embeddable":true,"href":"https:\/\/studyfurniture.eu\/et\/wp-json\/wp\/v2\/media\/3348"}],"wp:attachment":[{"href":"https:\/\/studyfurniture.eu\/et\/wp-json\/wp\/v2\/media?parent=3346"}],"curies":[{"name":"wp","href":"https:\/\/api.w.org\/{rel}","templated":true}]}}