{"id":3273,"date":"2019-08-06T08:33:13","date_gmt":"2019-08-06T10:33:13","guid":{"rendered":"https:\/\/www.studyfurniture.eu\/produktas\/ergonomiskas-rasomasis-stalas-e120\/"},"modified":"2020-06-03T10:26:33","modified_gmt":"2020-06-03T12:26:33","slug":"ergonomiskas-rasomasis-stalas-e120","status":"publish","type":"product","link":"https:\/\/studyfurniture.eu\/et\/produktas\/ergonomiskas-rasomasis-stalas-e120\/","title":{"rendered":"Ergonoomiline laste t\u00f6\u00f6toa laud E120"},"content":{"rendered":"<p><strong>Lapse ergonoomiline t\u00f6\u00f6tuba on nagu eraldi maailm.<\/strong><\/p>\n<p>Ergonoomiline \u201ekasvav\u201c laud on kohandatud mugavaks \u00f5ppimiseks kodus: joonistamiseks, kirjutamiseks ja lugemiseks.<\/p>\n<p>\u201eKasvava\u201c laua k\u00f5rgust reguleeritakse k\u00e4epideme abil, laua T-kujulised jalad on v\u00e4ga stabiilsed ja vastupidavad. T\u00f6\u00f6laud kohandub kasvava lapsega ja tagab \u00f5ige istumisasendi.<\/p>\n<p>Ajakohane ja kasulik tehnoloogiline uuendus: lauaplaadi kaldenurga reguleerimine 0 &#8211; 60 kraadi. Nanokristallkate kaitseb silmi tugeva peegelduva valguse eest. Lauaplaat on kriimustuskindel ja lihtsalt puhastatav.<\/p>\n<p>Mitmetasandilised riiulid ja suur universaalne peidetud sahtel aitavad lapsel oma asju korras hoida. Saa see, mis on Sulle parim!<\/p>\n<p><u>Spetsifikatsioonid:<\/u><\/p>\n<p>Stiil: ergonoomiline\/moodne<\/p>\n<p>Viimistlusmaterjalid: E1-klassi MDF, metall, ABS-plastik<\/p>\n<p>Toote kaal koos pakendiga: 57, 20 kg<\/p>\n","protected":false},"excerpt":{"rendered":"<p>Ergonoomiline laste t\u00f6\u00f6toa laud E120 on uue p\u00f5lvkonna \u201ekasvav\u201c laud, millel on suurep\u00e4rased, just Sinu lapsele sobivad omadused.<\/p>\n<p>Palun pane t\u00e4hele, et laua v\u00e4rv fotodel v\u00f5ib selle tegelikust v\u00e4rvusest veidi erineda.<\/p>\n","protected":false},"featured_media":3298,"comment_status":"open","ping_status":"closed","template":"","meta":[],"acf":[],"yoast_head":"<!-- This site is optimized with the Yoast SEO plugin v19.7.2 - https:\/\/yoast.com\/wordpress\/plugins\/seo\/ -->\n<title>Ergonomi\u0161kasis vaiki\u0161kas ra\u0161omasis iStudy stalas E120 | studyfurniture.eu<\/title>\n<meta name=\"description\" content=\"Ergonomi\u0161kasis vaiki\u0161kas ra\u0161omasis iStudy stalas E120 geriausia, ko reikia J\u016bs\u0173 vaikui! Naujausios technologijos stalas prisitaiko prie J\u016bs\u0173 augan\u010dio vaiko.\" \/>\n<meta name=\"robots\" content=\"index, follow, max-snippet:-1, max-image-preview:large, max-video-preview:-1\" \/>\n<link rel=\"canonical\" href=\"https:\/\/studyfurniture.eu\/et\/produktas\/ergonomiskas-rasomasis-stalas-e120\/\" \/>\n<meta property=\"og:locale\" content=\"en_US\" \/>\n<meta property=\"og:type\" content=\"article\" \/>\n<meta property=\"og:title\" content=\"Ergonomi\u0161kasis vaiki\u0161kas ra\u0161omasis iStudy stalas E120 | studyfurniture.eu\" \/>\n<meta property=\"og:description\" content=\"Ergonomi\u0161kasis vaiki\u0161kas ra\u0161omasis iStudy stalas E120 geriausia, ko reikia J\u016bs\u0173 vaikui! Naujausios technologijos stalas prisitaiko prie J\u016bs\u0173 augan\u010dio vaiko.\" \/>\n<meta property=\"og:url\" content=\"https:\/\/studyfurniture.eu\/et\/produktas\/ergonomiskas-rasomasis-stalas-e120\/\" \/>\n<meta property=\"og:site_name\" content=\"Studyfurniture.eu\" \/>\n<meta property=\"article:modified_time\" content=\"2020-06-03T12:26:33+00:00\" \/>\n<meta property=\"og:image\" content=\"https:\/\/studyfurniture.eu\/wp-content\/uploads\/2019\/08\/E120_iStudy_stalas_blue_1.jpg\" \/>\n\t<meta property=\"og:image:width\" content=\"1000\" \/>\n\t<meta property=\"og:image:height\" content=\"683\" \/>\n\t<meta property=\"og:image:type\" content=\"image\/jpeg\" \/>\n<meta name=\"twitter:card\" content=\"summary_large_image\" \/>\n<meta name=\"twitter:label1\" content=\"Est. reading time\" \/>\n\t<meta name=\"twitter:data1\" content=\"1 minute\" \/>\n<script type=\"application\/ld+json\" class=\"yoast-schema-graph\">{\"@context\":\"https:\/\/schema.org\",\"@graph\":[{\"@type\":\"WebPage\",\"@id\":\"https:\/\/studyfurniture.eu\/et\/produktas\/ergonomiskas-rasomasis-stalas-e120\/\",\"url\":\"https:\/\/studyfurniture.eu\/et\/produktas\/ergonomiskas-rasomasis-stalas-e120\/\",\"name\":\"Ergonomi\u0161kasis vaiki\u0161kas ra\u0161omasis iStudy stalas E120 | studyfurniture.eu\",\"isPartOf\":{\"@id\":\"https:\/\/dodgerblue-goat-845310.hostingersite.com\/#website\"},\"datePublished\":\"2019-08-06T10:33:13+00:00\",\"dateModified\":\"2020-06-03T12:26:33+00:00\",\"description\":\"Ergonomi\u0161kasis vaiki\u0161kas ra\u0161omasis iStudy stalas E120 geriausia, ko reikia J\u016bs\u0173 vaikui! Naujausios technologijos stalas prisitaiko prie J\u016bs\u0173 augan\u010dio vaiko.\",\"breadcrumb\":{\"@id\":\"https:\/\/studyfurniture.eu\/et\/produktas\/ergonomiskas-rasomasis-stalas-e120\/#breadcrumb\"},\"inLanguage\":\"ee\",\"potentialAction\":[{\"@type\":\"ReadAction\",\"target\":[\"https:\/\/studyfurniture.eu\/et\/produktas\/ergonomiskas-rasomasis-stalas-e120\/\"]}]},{\"@type\":\"BreadcrumbList\",\"@id\":\"https:\/\/studyfurniture.eu\/et\/produktas\/ergonomiskas-rasomasis-stalas-e120\/#breadcrumb\",\"itemListElement\":[{\"@type\":\"ListItem\",\"position\":1,\"name\":\"Home\",\"item\":\"https:\/\/studyfurniture.eu\/et\/\"},{\"@type\":\"ListItem\",\"position\":2,\"name\":\"\u0414\u043b\u044f \u0443\u0447\u0451\u0431\u044b \u0434\u043e\u043c\u0430\",\"item\":\"https:\/\/studyfurniture.eu\/ru\/mokymuisi-namuose-2\/\"},{\"@type\":\"ListItem\",\"position\":3,\"name\":\"Ergonoomiline laste t\u00f6\u00f6toa laud E120\"}]},{\"@type\":\"WebSite\",\"@id\":\"https:\/\/dodgerblue-goat-845310.hostingersite.com\/#website\",\"url\":\"https:\/\/dodgerblue-goat-845310.hostingersite.com\/\",\"name\":\"Studyfurniture.eu\",\"description\":\"Ergonomi\u0161ki baldai mokymuisi: stalai, k\u0117d\u0117s\",\"potentialAction\":[{\"@type\":\"SearchAction\",\"target\":{\"@type\":\"EntryPoint\",\"urlTemplate\":\"https:\/\/dodgerblue-goat-845310.hostingersite.com\/?s={search_term_string}\"},\"query-input\":\"required name=search_term_string\"}],\"inLanguage\":\"ee\"}]}<\/script>\n<!-- \/ Yoast SEO plugin. -->","yoast_head_json":{"title":"Ergonomi\u0161kasis vaiki\u0161kas ra\u0161omasis iStudy stalas E120 | studyfurniture.eu","description":"Ergonomi\u0161kasis vaiki\u0161kas ra\u0161omasis iStudy stalas E120 geriausia, ko reikia J\u016bs\u0173 vaikui! Naujausios technologijos stalas prisitaiko prie J\u016bs\u0173 augan\u010dio vaiko.","robots":{"index":"index","follow":"follow","max-snippet":"max-snippet:-1","max-image-preview":"max-image-preview:large","max-video-preview":"max-video-preview:-1"},"canonical":"https:\/\/studyfurniture.eu\/et\/produktas\/ergonomiskas-rasomasis-stalas-e120\/","og_locale":"en_US","og_type":"article","og_title":"Ergonomi\u0161kasis vaiki\u0161kas ra\u0161omasis iStudy stalas E120 | studyfurniture.eu","og_description":"Ergonomi\u0161kasis vaiki\u0161kas ra\u0161omasis iStudy stalas E120 geriausia, ko reikia J\u016bs\u0173 vaikui! Naujausios technologijos stalas prisitaiko prie J\u016bs\u0173 augan\u010dio vaiko.","og_url":"https:\/\/studyfurniture.eu\/et\/produktas\/ergonomiskas-rasomasis-stalas-e120\/","og_site_name":"Studyfurniture.eu","article_modified_time":"2020-06-03T12:26:33+00:00","og_image":[{"width":1000,"height":683,"url":"https:\/\/studyfurniture.eu\/wp-content\/uploads\/2019\/08\/E120_iStudy_stalas_blue_1.jpg","type":"image\/jpeg"}],"twitter_card":"summary_large_image","twitter_misc":{"Est. reading time":"1 minute"},"schema":{"@context":"https:\/\/schema.org","@graph":[{"@type":"WebPage","@id":"https:\/\/studyfurniture.eu\/et\/produktas\/ergonomiskas-rasomasis-stalas-e120\/","url":"https:\/\/studyfurniture.eu\/et\/produktas\/ergonomiskas-rasomasis-stalas-e120\/","name":"Ergonomi\u0161kasis vaiki\u0161kas ra\u0161omasis iStudy stalas E120 | studyfurniture.eu","isPartOf":{"@id":"https:\/\/dodgerblue-goat-845310.hostingersite.com\/#website"},"datePublished":"2019-08-06T10:33:13+00:00","dateModified":"2020-06-03T12:26:33+00:00","description":"Ergonomi\u0161kasis vaiki\u0161kas ra\u0161omasis iStudy stalas E120 geriausia, ko reikia J\u016bs\u0173 vaikui! Naujausios technologijos stalas prisitaiko prie J\u016bs\u0173 augan\u010dio vaiko.","breadcrumb":{"@id":"https:\/\/studyfurniture.eu\/et\/produktas\/ergonomiskas-rasomasis-stalas-e120\/#breadcrumb"},"inLanguage":"ee","potentialAction":[{"@type":"ReadAction","target":["https:\/\/studyfurniture.eu\/et\/produktas\/ergonomiskas-rasomasis-stalas-e120\/"]}]},{"@type":"BreadcrumbList","@id":"https:\/\/studyfurniture.eu\/et\/produktas\/ergonomiskas-rasomasis-stalas-e120\/#breadcrumb","itemListElement":[{"@type":"ListItem","position":1,"name":"Home","item":"https:\/\/studyfurniture.eu\/et\/"},{"@type":"ListItem","position":2,"name":"\u0414\u043b\u044f \u0443\u0447\u0451\u0431\u044b \u0434\u043e\u043c\u0430","item":"https:\/\/studyfurniture.eu\/ru\/mokymuisi-namuose-2\/"},{"@type":"ListItem","position":3,"name":"Ergonoomiline laste t\u00f6\u00f6toa laud E120"}]},{"@type":"WebSite","@id":"https:\/\/dodgerblue-goat-845310.hostingersite.com\/#website","url":"https:\/\/dodgerblue-goat-845310.hostingersite.com\/","name":"Studyfurniture.eu","description":"Ergonomi\u0161ki baldai mokymuisi: stalai, k\u0117d\u0117s","potentialAction":[{"@type":"SearchAction","target":{"@type":"EntryPoint","urlTemplate":"https:\/\/dodgerblue-goat-845310.hostingersite.com\/?s={search_term_string}"},"query-input":"required name=search_term_string"}],"inLanguage":"ee"}]}},"_links":{"self":[{"href":"https:\/\/studyfurniture.eu\/et\/wp-json\/wp\/v2\/product\/3273"}],"collection":[{"href":"https:\/\/studyfurniture.eu\/et\/wp-json\/wp\/v2\/product"}],"about":[{"href":"https:\/\/studyfurniture.eu\/et\/wp-json\/wp\/v2\/types\/product"}],"replies":[{"embeddable":true,"href":"https:\/\/studyfurniture.eu\/et\/wp-json\/wp\/v2\/comments?post=3273"}],"wp:featuredmedia":[{"embeddable":true,"href":"https:\/\/studyfurniture.eu\/et\/wp-json\/wp\/v2\/media\/3298"}],"wp:attachment":[{"href":"https:\/\/studyfurniture.eu\/et\/wp-json\/wp\/v2\/media?parent=3273"}],"curies":[{"name":"wp","href":"https:\/\/api.w.org\/{rel}","templated":true}]}}