{"id":3380,"date":"2020-06-03T11:26:12","date_gmt":"2020-06-03T13:26:12","guid":{"rendered":"https:\/\/www.studyfurniture.eu\/titulinis\/"},"modified":"2023-10-04T06:58:42","modified_gmt":"2023-10-04T08:58:42","slug":"titulinis","status":"publish","type":"page","link":"https:\/\/studyfurniture.eu\/et\/","title":{"rendered":"Titulinis"},"content":{"rendered":"<h2>ERGONOOMIKA<\/h2>\n<p>Meie m\u00f6\u00f6bel on loodud inimese kehaehitust ning kasvava organismi vajadusi ja harjumusi arvesse v\u00f5ttes, et \u00f5ppimine ei muutuks kurnavaks ja \u00f5ige kehahoiaku s\u00e4ilitamine ei kujuneks probleemiks.<\/p>\n<h2>VASTUPIDAVAD JA KERGED KONSTRUKTSIOONID<\/h2>\n<p>Kasutame kergeid ja vastupidavaid moodsaid materjale, mis v\u00f5imaldavad luua kergeid ja kasutajas\u00f5bralikke konstruktsioone, mis samas on \u00f6konoomsed ka ruumi ja paigutuse osas.<\/p>\n<h2>PISIASJADENI L\u00c4BIM\u00d5ELDUD MUGAVUS<\/h2>\n<p>Iga n\u00f5gu, kumerus, riiul ja nagi &#8211; k\u00f5ik selle nimel, et antud m\u00f6\u00f6bli kasutajad end mugavalt tunneksid ning ebamugavast asendist p\u00f5hjustatud vaevused nende tegevust ei h\u00e4iriks.<\/p>\n<h2>MITMEK\u00dcLGSUS<\/h2>\n<p>Mittestandardse kujuga m\u00f6\u00f6bel v\u00f5imaldab kassides erinevaid paigutusi luua ning on mugav nii r\u00fchmat\u00f6\u00f6ks kui ka individuaalseks kasutamiseks.<\/p>\n","protected":false},"excerpt":{"rendered":"<p>ERGONOOMIKA Meie m\u00f6\u00f6bel on loodud inimese kehaehitust ning kasvava organismi vajadusi ja harjumusi arvesse v\u00f5ttes, et \u00f5ppimine ei muutuks kurnavaks ja \u00f5ige kehahoiaku s\u00e4ilitamine ei kujuneks probleemiks. VASTUPIDAVAD JA KERGED KONSTRUKTSIOONID Kasutame kergeid ja vastupidavaid moodsaid materjale, mis v\u00f5imaldavad luua kergeid ja kasutajas\u00f5bralikke konstruktsioone, mis samas on \u00f6konoomsed ka ruumi ja paigutuse osas. PISIASJADENI L\u00c4BIM\u00d5ELDUD [&hellip;]<\/p>\n","protected":false},"author":1,"featured_media":2965,"parent":0,"menu_order":0,"comment_status":"closed","ping_status":"closed","template":"","meta":[],"acf":[],"yoast_head":"<!-- This site is optimized with the Yoast SEO plugin v19.7.2 - https:\/\/yoast.com\/wordpress\/plugins\/seo\/ -->\n<title>Ergonomi\u0161ki ESCO mokykliniai baldai: stalai, k\u0117d\u0117s | studyfurniture.eu<\/title>\n<meta name=\"description\" content=\"Ergonomi\u0161ki ESCO mokykliniai baldai: stalai, k\u0117d\u0117s, mobilios lentynos, lentos, mink\u0161tasuoli\u0173 sistemos.\" \/>\n<meta name=\"robots\" content=\"index, follow, max-snippet:-1, max-image-preview:large, max-video-preview:-1\" \/>\n<link rel=\"canonical\" href=\"https:\/\/studyfurniture.eu\/et\/\" \/>\n<meta property=\"og:locale\" content=\"en_US\" \/>\n<meta property=\"og:type\" content=\"article\" \/>\n<meta property=\"og:title\" content=\"Ergonomi\u0161ki ESCO mokykliniai baldai: stalai, k\u0117d\u0117s | studyfurniture.eu\" \/>\n<meta property=\"og:description\" content=\"Ergonomi\u0161ki ESCO mokykliniai baldai: stalai, k\u0117d\u0117s, mobilios lentynos, lentos, mink\u0161tasuoli\u0173 sistemos.\" \/>\n<meta property=\"og:url\" content=\"https:\/\/studyfurniture.eu\/et\/\" \/>\n<meta property=\"og:site_name\" content=\"Studyfurniture.eu\" \/>\n<meta property=\"article:modified_time\" content=\"2023-10-04T08:58:42+00:00\" \/>\n<meta property=\"og:image\" content=\"https:\/\/studyfurniture.eu\/wp-content\/uploads\/2019\/07\/worth_transparent.png\" \/>\n\t<meta property=\"og:image:width\" content=\"651\" \/>\n\t<meta property=\"og:image:height\" content=\"873\" \/>\n\t<meta property=\"og:image:type\" content=\"image\/png\" \/>\n<meta name=\"twitter:card\" content=\"summary_large_image\" \/>\n<meta name=\"twitter:label1\" content=\"Est. reading time\" \/>\n\t<meta name=\"twitter:data1\" content=\"1 minute\" \/>\n<script type=\"application\/ld+json\" class=\"yoast-schema-graph\">{\"@context\":\"https:\/\/schema.org\",\"@graph\":[{\"@type\":\"WebPage\",\"@id\":\"https:\/\/studyfurniture.eu\/et\/\",\"url\":\"https:\/\/studyfurniture.eu\/et\/\",\"name\":\"Ergonomi\u0161ki ESCO mokykliniai baldai: stalai, k\u0117d\u0117s | studyfurniture.eu\",\"isPartOf\":{\"@id\":\"https:\/\/dodgerblue-goat-845310.hostingersite.com\/#website\"},\"datePublished\":\"2020-06-03T13:26:12+00:00\",\"dateModified\":\"2023-10-04T08:58:42+00:00\",\"description\":\"Ergonomi\u0161ki ESCO mokykliniai baldai: stalai, k\u0117d\u0117s, mobilios lentynos, lentos, mink\u0161tasuoli\u0173 sistemos.\",\"breadcrumb\":{\"@id\":\"https:\/\/studyfurniture.eu\/et\/#breadcrumb\"},\"inLanguage\":\"ee\",\"potentialAction\":[{\"@type\":\"ReadAction\",\"target\":[\"https:\/\/studyfurniture.eu\/et\/\"]}]},{\"@type\":\"BreadcrumbList\",\"@id\":\"https:\/\/studyfurniture.eu\/et\/#breadcrumb\",\"itemListElement\":[{\"@type\":\"ListItem\",\"position\":1,\"name\":\"Home\",\"item\":\"https:\/\/studyfurniture.eu\/et\/\"},{\"@type\":\"ListItem\",\"position\":2,\"name\":\"Titulinis\"}]},{\"@type\":\"WebSite\",\"@id\":\"https:\/\/dodgerblue-goat-845310.hostingersite.com\/#website\",\"url\":\"https:\/\/dodgerblue-goat-845310.hostingersite.com\/\",\"name\":\"Studyfurniture.eu\",\"description\":\"Ergonomi\u0161ki baldai mokymuisi: stalai, k\u0117d\u0117s\",\"potentialAction\":[{\"@type\":\"SearchAction\",\"target\":{\"@type\":\"EntryPoint\",\"urlTemplate\":\"https:\/\/dodgerblue-goat-845310.hostingersite.com\/?s={search_term_string}\"},\"query-input\":\"required name=search_term_string\"}],\"inLanguage\":\"ee\"}]}<\/script>\n<!-- \/ Yoast SEO plugin. -->","yoast_head_json":{"title":"Ergonomi\u0161ki ESCO mokykliniai baldai: stalai, k\u0117d\u0117s | studyfurniture.eu","description":"Ergonomi\u0161ki ESCO mokykliniai baldai: stalai, k\u0117d\u0117s, mobilios lentynos, lentos, mink\u0161tasuoli\u0173 sistemos.","robots":{"index":"index","follow":"follow","max-snippet":"max-snippet:-1","max-image-preview":"max-image-preview:large","max-video-preview":"max-video-preview:-1"},"canonical":"https:\/\/studyfurniture.eu\/et\/","og_locale":"en_US","og_type":"article","og_title":"Ergonomi\u0161ki ESCO mokykliniai baldai: stalai, k\u0117d\u0117s | studyfurniture.eu","og_description":"Ergonomi\u0161ki ESCO mokykliniai baldai: stalai, k\u0117d\u0117s, mobilios lentynos, lentos, mink\u0161tasuoli\u0173 sistemos.","og_url":"https:\/\/studyfurniture.eu\/et\/","og_site_name":"Studyfurniture.eu","article_modified_time":"2023-10-04T08:58:42+00:00","og_image":[{"width":651,"height":873,"url":"https:\/\/studyfurniture.eu\/wp-content\/uploads\/2019\/07\/worth_transparent.png","type":"image\/png"}],"twitter_card":"summary_large_image","twitter_misc":{"Est. reading time":"1 minute"},"schema":{"@context":"https:\/\/schema.org","@graph":[{"@type":"WebPage","@id":"https:\/\/studyfurniture.eu\/et\/","url":"https:\/\/studyfurniture.eu\/et\/","name":"Ergonomi\u0161ki ESCO mokykliniai baldai: stalai, k\u0117d\u0117s | studyfurniture.eu","isPartOf":{"@id":"https:\/\/dodgerblue-goat-845310.hostingersite.com\/#website"},"datePublished":"2020-06-03T13:26:12+00:00","dateModified":"2023-10-04T08:58:42+00:00","description":"Ergonomi\u0161ki ESCO mokykliniai baldai: stalai, k\u0117d\u0117s, mobilios lentynos, lentos, mink\u0161tasuoli\u0173 sistemos.","breadcrumb":{"@id":"https:\/\/studyfurniture.eu\/et\/#breadcrumb"},"inLanguage":"ee","potentialAction":[{"@type":"ReadAction","target":["https:\/\/studyfurniture.eu\/et\/"]}]},{"@type":"BreadcrumbList","@id":"https:\/\/studyfurniture.eu\/et\/#breadcrumb","itemListElement":[{"@type":"ListItem","position":1,"name":"Home","item":"https:\/\/studyfurniture.eu\/et\/"},{"@type":"ListItem","position":2,"name":"Titulinis"}]},{"@type":"WebSite","@id":"https:\/\/dodgerblue-goat-845310.hostingersite.com\/#website","url":"https:\/\/dodgerblue-goat-845310.hostingersite.com\/","name":"Studyfurniture.eu","description":"Ergonomi\u0161ki baldai mokymuisi: stalai, k\u0117d\u0117s","potentialAction":[{"@type":"SearchAction","target":{"@type":"EntryPoint","urlTemplate":"https:\/\/dodgerblue-goat-845310.hostingersite.com\/?s={search_term_string}"},"query-input":"required name=search_term_string"}],"inLanguage":"ee"}]}},"_links":{"self":[{"href":"https:\/\/studyfurniture.eu\/et\/wp-json\/wp\/v2\/pages\/3380"}],"collection":[{"href":"https:\/\/studyfurniture.eu\/et\/wp-json\/wp\/v2\/pages"}],"about":[{"href":"https:\/\/studyfurniture.eu\/et\/wp-json\/wp\/v2\/types\/page"}],"author":[{"embeddable":true,"href":"https:\/\/studyfurniture.eu\/et\/wp-json\/wp\/v2\/users\/1"}],"replies":[{"embeddable":true,"href":"https:\/\/studyfurniture.eu\/et\/wp-json\/wp\/v2\/comments?post=3380"}],"version-history":[{"count":1,"href":"https:\/\/studyfurniture.eu\/et\/wp-json\/wp\/v2\/pages\/3380\/revisions"}],"predecessor-version":[{"id":8233,"href":"https:\/\/studyfurniture.eu\/et\/wp-json\/wp\/v2\/pages\/3380\/revisions\/8233"}],"wp:featuredmedia":[{"embeddable":true,"href":"https:\/\/studyfurniture.eu\/et\/wp-json\/wp\/v2\/media\/2965"}],"wp:attachment":[{"href":"https:\/\/studyfurniture.eu\/et\/wp-json\/wp\/v2\/media?parent=3380"}],"curies":[{"name":"wp","href":"https:\/\/api.w.org\/{rel}","templated":true}]}}