{"id":3271,"date":"2019-07-25T09:27:41","date_gmt":"2019-07-25T11:27:41","guid":{"rendered":"https:\/\/www.studyfurniture.eu\/mokymuisi-namuose\/"},"modified":"2022-05-31T09:23:48","modified_gmt":"2022-05-31T11:23:48","slug":"mokymuisi-namuose-3","status":"publish","type":"page","link":"https:\/\/studyfurniture.eu\/et\/mokymuisi-namuose-3\/","title":{"rendered":"Kodus \u00f5ppimiseks"},"content":{"rendered":"<p>Ergonoomiline iStudy m\u00f6\u00f6bel on uue p\u00f5lvkonna m\u00f6\u00f6bel kodus \u00f5ppimiseks. iStudy lastelauad ja -toolid k\u00f5igile, kes soovivad kasvada tervena ja nautida kodus \u00f5ppimist. Ergonoomiline m\u00f6\u00f6bel kohaneb kasvava lapsega ning tagab \u00f5ige ja mugava istumisasendi ja selgroo kaitse.<\/p>\n<p>Lapse ergonoomiline t\u00f6\u00f6tuba on nagu eraldi maailm, pilguheit tulevikku.<\/p>\n<p>&nbsp;<\/p>\n<p>&nbsp;<\/p>\n","protected":false},"excerpt":{"rendered":"<p>Ergonoomiline iStudy m\u00f6\u00f6bel on uue p\u00f5lvkonna m\u00f6\u00f6bel kodus \u00f5ppimiseks. iStudy lastelauad ja -toolid k\u00f5igile, kes soovivad kasvada tervena ja nautida kodus \u00f5ppimist. Ergonoomiline m\u00f6\u00f6bel kohaneb kasvava lapsega ning tagab \u00f5ige ja mugava istumisasendi ja selgroo kaitse. Lapse ergonoomiline t\u00f6\u00f6tuba on nagu eraldi maailm, pilguheit tulevikku. &nbsp; &nbsp;<\/p>\n","protected":false},"author":1,"featured_media":0,"parent":0,"menu_order":0,"comment_status":"closed","ping_status":"closed","template":"","meta":[],"acf":[],"yoast_head":"<!-- This site is optimized with the Yoast SEO plugin v19.7.2 - https:\/\/yoast.com\/wordpress\/plugins\/seo\/ -->\n<title>Ergonomi\u0161ki iStudy mokymosi baldai: ra\u0161omieji stalai, k\u0117d\u0117s<\/title>\n<meta name=\"description\" content=\"Ergonomi\u0161ki iStudy mokymosi baldai: ra\u0161omieji stalai, k\u0117d\u0117s\" \/>\n<meta name=\"robots\" content=\"index, follow, max-snippet:-1, max-image-preview:large, max-video-preview:-1\" \/>\n<link rel=\"canonical\" href=\"https:\/\/studyfurniture.eu\/et\/mokymuisi-namuose-3\/\" \/>\n<meta property=\"og:locale\" content=\"en_US\" \/>\n<meta property=\"og:type\" content=\"article\" \/>\n<meta property=\"og:title\" content=\"Ergonomi\u0161ki iStudy mokymosi baldai: ra\u0161omieji stalai, k\u0117d\u0117s\" \/>\n<meta property=\"og:description\" content=\"Ergonomi\u0161ki iStudy mokymosi baldai: ra\u0161omieji stalai, k\u0117d\u0117s\" \/>\n<meta property=\"og:url\" content=\"https:\/\/studyfurniture.eu\/et\/mokymuisi-namuose-3\/\" \/>\n<meta property=\"og:site_name\" content=\"Studyfurniture.eu\" \/>\n<meta property=\"article:modified_time\" content=\"2022-05-31T11:23:48+00:00\" \/>\n<meta name=\"twitter:card\" content=\"summary_large_image\" \/>\n<script type=\"application\/ld+json\" class=\"yoast-schema-graph\">{\"@context\":\"https:\/\/schema.org\",\"@graph\":[{\"@type\":\"WebPage\",\"@id\":\"https:\/\/studyfurniture.eu\/et\/mokymuisi-namuose-3\/\",\"url\":\"https:\/\/studyfurniture.eu\/et\/mokymuisi-namuose-3\/\",\"name\":\"Ergonomi\u0161ki iStudy mokymosi baldai: ra\u0161omieji stalai, k\u0117d\u0117s\",\"isPartOf\":{\"@id\":\"https:\/\/dodgerblue-goat-845310.hostingersite.com\/#website\"},\"datePublished\":\"2019-07-25T11:27:41+00:00\",\"dateModified\":\"2022-05-31T11:23:48+00:00\",\"description\":\"Ergonomi\u0161ki iStudy mokymosi baldai: ra\u0161omieji stalai, k\u0117d\u0117s\",\"breadcrumb\":{\"@id\":\"https:\/\/studyfurniture.eu\/et\/mokymuisi-namuose-3\/#breadcrumb\"},\"inLanguage\":\"ee\",\"potentialAction\":[{\"@type\":\"ReadAction\",\"target\":[\"https:\/\/studyfurniture.eu\/et\/mokymuisi-namuose-3\/\"]}]},{\"@type\":\"BreadcrumbList\",\"@id\":\"https:\/\/studyfurniture.eu\/et\/mokymuisi-namuose-3\/#breadcrumb\",\"itemListElement\":[{\"@type\":\"ListItem\",\"position\":1,\"name\":\"Home\",\"item\":\"https:\/\/studyfurniture.eu\/et\/\"},{\"@type\":\"ListItem\",\"position\":2,\"name\":\"Kodus \u00f5ppimiseks\"}]},{\"@type\":\"WebSite\",\"@id\":\"https:\/\/dodgerblue-goat-845310.hostingersite.com\/#website\",\"url\":\"https:\/\/dodgerblue-goat-845310.hostingersite.com\/\",\"name\":\"Studyfurniture.eu\",\"description\":\"Ergonomi\u0161ki baldai mokymuisi: stalai, k\u0117d\u0117s\",\"potentialAction\":[{\"@type\":\"SearchAction\",\"target\":{\"@type\":\"EntryPoint\",\"urlTemplate\":\"https:\/\/dodgerblue-goat-845310.hostingersite.com\/?s={search_term_string}\"},\"query-input\":\"required name=search_term_string\"}],\"inLanguage\":\"ee\"}]}<\/script>\n<!-- \/ Yoast SEO plugin. -->","yoast_head_json":{"title":"Ergonomi\u0161ki iStudy mokymosi baldai: ra\u0161omieji stalai, k\u0117d\u0117s","description":"Ergonomi\u0161ki iStudy mokymosi baldai: ra\u0161omieji stalai, k\u0117d\u0117s","robots":{"index":"index","follow":"follow","max-snippet":"max-snippet:-1","max-image-preview":"max-image-preview:large","max-video-preview":"max-video-preview:-1"},"canonical":"https:\/\/studyfurniture.eu\/et\/mokymuisi-namuose-3\/","og_locale":"en_US","og_type":"article","og_title":"Ergonomi\u0161ki iStudy mokymosi baldai: ra\u0161omieji stalai, k\u0117d\u0117s","og_description":"Ergonomi\u0161ki iStudy mokymosi baldai: ra\u0161omieji stalai, k\u0117d\u0117s","og_url":"https:\/\/studyfurniture.eu\/et\/mokymuisi-namuose-3\/","og_site_name":"Studyfurniture.eu","article_modified_time":"2022-05-31T11:23:48+00:00","twitter_card":"summary_large_image","schema":{"@context":"https:\/\/schema.org","@graph":[{"@type":"WebPage","@id":"https:\/\/studyfurniture.eu\/et\/mokymuisi-namuose-3\/","url":"https:\/\/studyfurniture.eu\/et\/mokymuisi-namuose-3\/","name":"Ergonomi\u0161ki iStudy mokymosi baldai: ra\u0161omieji stalai, k\u0117d\u0117s","isPartOf":{"@id":"https:\/\/dodgerblue-goat-845310.hostingersite.com\/#website"},"datePublished":"2019-07-25T11:27:41+00:00","dateModified":"2022-05-31T11:23:48+00:00","description":"Ergonomi\u0161ki iStudy mokymosi baldai: ra\u0161omieji stalai, k\u0117d\u0117s","breadcrumb":{"@id":"https:\/\/studyfurniture.eu\/et\/mokymuisi-namuose-3\/#breadcrumb"},"inLanguage":"ee","potentialAction":[{"@type":"ReadAction","target":["https:\/\/studyfurniture.eu\/et\/mokymuisi-namuose-3\/"]}]},{"@type":"BreadcrumbList","@id":"https:\/\/studyfurniture.eu\/et\/mokymuisi-namuose-3\/#breadcrumb","itemListElement":[{"@type":"ListItem","position":1,"name":"Home","item":"https:\/\/studyfurniture.eu\/et\/"},{"@type":"ListItem","position":2,"name":"Kodus \u00f5ppimiseks"}]},{"@type":"WebSite","@id":"https:\/\/dodgerblue-goat-845310.hostingersite.com\/#website","url":"https:\/\/dodgerblue-goat-845310.hostingersite.com\/","name":"Studyfurniture.eu","description":"Ergonomi\u0161ki baldai mokymuisi: stalai, k\u0117d\u0117s","potentialAction":[{"@type":"SearchAction","target":{"@type":"EntryPoint","urlTemplate":"https:\/\/dodgerblue-goat-845310.hostingersite.com\/?s={search_term_string}"},"query-input":"required name=search_term_string"}],"inLanguage":"ee"}]}},"_links":{"self":[{"href":"https:\/\/studyfurniture.eu\/et\/wp-json\/wp\/v2\/pages\/3271"}],"collection":[{"href":"https:\/\/studyfurniture.eu\/et\/wp-json\/wp\/v2\/pages"}],"about":[{"href":"https:\/\/studyfurniture.eu\/et\/wp-json\/wp\/v2\/types\/page"}],"author":[{"embeddable":true,"href":"https:\/\/studyfurniture.eu\/et\/wp-json\/wp\/v2\/users\/1"}],"replies":[{"embeddable":true,"href":"https:\/\/studyfurniture.eu\/et\/wp-json\/wp\/v2\/comments?post=3271"}],"version-history":[{"count":1,"href":"https:\/\/studyfurniture.eu\/et\/wp-json\/wp\/v2\/pages\/3271\/revisions"}],"predecessor-version":[{"id":3272,"href":"https:\/\/studyfurniture.eu\/et\/wp-json\/wp\/v2\/pages\/3271\/revisions\/3272"}],"wp:attachment":[{"href":"https:\/\/studyfurniture.eu\/et\/wp-json\/wp\/v2\/media?parent=3271"}],"curies":[{"name":"wp","href":"https:\/\/api.w.org\/{rel}","templated":true}]}}