{"id":2822,"date":"2019-07-22T09:15:59","date_gmt":"2019-07-22T11:15:59","guid":{"rendered":"https:\/\/www.studyfurniture.eu\/mokykloms-darzeliams\/"},"modified":"2022-04-14T11:12:12","modified_gmt":"2022-04-14T13:12:12","slug":"mokykloms-darzeliams","status":"publish","type":"page","link":"https:\/\/studyfurniture.eu\/et\/mokykloms-darzeliams\/","title":{"rendered":"Koolidele"},"content":{"rendered":"<p><strong>ESCO ergonoomiline m\u00f6\u00f6bel koolidele ja lasteaedadele aitab luua parima \u00f5pikeskkonna!<\/strong><\/p>\n<p><strong>ESCO <\/strong>koolitoolid, -lauad ja lauas\u00fcsteemid on m\u00f5eldud erinevat kasvu kasvavatele lastele, erineva suurusega klassidele ja k\u00f5ige erinevamaks kasutamiseks. Pakume v\u00e4rvikaid j\u00e4rgmise p\u00f5lvkonna toole, mis sobivad suurep\u00e4raselt \u00f5pikeskkondadesse v\u00e4ljaspool klassiruumi. <strong>ESCO <\/strong>mobiilsed riiulid on mugav lahendus esemete hoidmiseks. V\u00e4rvilised ja moodsad tumbad ja nende s\u00fcsteemid aitavad koolides ja lasteaedades hubaseid puhkealasid luua.<\/p>\n<p><strong>ESCO<\/strong> koolim\u00f6\u00f6bli moodne disain n\u00e4itab ajakohast l\u00e4henemist meie planeedile; tootmises kasutatakse kergeid, vastupidavaid ja taaskasutatavaid materjale, mis pakuvad kaunist \u00f5pikeskkonda paljudeks aastateks. Meie tooted on v\u00e4ga vastupidavad ning vajavad v\u00e4he hooldust. Need on pika kasutuseaga tooted, milles on kasutatud kergesti v\u00e4lja vahetatavaid osi: siine, katteid ja raame. Sel viisil s\u00e4\u00e4stame ressursse ja piirame j\u00e4\u00e4tmete kogust, v\u00e4hendades nii meie keskkonnam\u00f5ju!<\/p>\n<p style=\"text-align: justify;\">Siit leiate k\u00f5ik, mida koolidel ja lasteaedadel vaja.<\/p>\n<p>&nbsp;<\/p>\n","protected":false},"excerpt":{"rendered":"<p>ESCO ergonoomiline m\u00f6\u00f6bel koolidele ja lasteaedadele aitab luua parima \u00f5pikeskkonna! ESCO koolitoolid, -lauad ja lauas\u00fcsteemid on m\u00f5eldud erinevat kasvu kasvavatele lastele, erineva suurusega klassidele ja k\u00f5ige erinevamaks kasutamiseks. Pakume v\u00e4rvikaid j\u00e4rgmise p\u00f5lvkonna toole, mis sobivad suurep\u00e4raselt \u00f5pikeskkondadesse v\u00e4ljaspool klassiruumi. ESCO mobiilsed riiulid on mugav lahendus esemete hoidmiseks. V\u00e4rvilised ja moodsad tumbad ja nende s\u00fcsteemid aitavad [&hellip;]<\/p>\n","protected":false},"author":1,"featured_media":2824,"parent":0,"menu_order":0,"comment_status":"closed","ping_status":"closed","template":"archive-item.php","meta":[],"acf":[],"yoast_head":"<!-- This site is optimized with the Yoast SEO plugin v19.7.2 - https:\/\/yoast.com\/wordpress\/plugins\/seo\/ -->\n<title>ESCO ergonoomiline m\u00f6\u00f6bel koolidele ja lasteaedadele | studyfurniture.eu<\/title>\n<meta name=\"description\" content=\"ESCO ergonoomiline m\u00f6\u00f6bel koolidele ja lasteaedadele: toolid, lauad, riiulid, tumbad ja tahvlid\" \/>\n<meta name=\"robots\" content=\"index, follow, max-snippet:-1, max-image-preview:large, max-video-preview:-1\" \/>\n<link rel=\"canonical\" href=\"https:\/\/studyfurniture.eu\/et\/mokykloms-darzeliams\/\" \/>\n<meta property=\"og:locale\" content=\"en_US\" \/>\n<meta property=\"og:type\" content=\"article\" \/>\n<meta property=\"og:title\" content=\"ESCO ergonoomiline m\u00f6\u00f6bel koolidele ja lasteaedadele | studyfurniture.eu\" \/>\n<meta property=\"og:description\" content=\"ESCO ergonoomiline m\u00f6\u00f6bel koolidele ja lasteaedadele: toolid, lauad, riiulid, tumbad ja tahvlid\" \/>\n<meta property=\"og:url\" content=\"https:\/\/studyfurniture.eu\/et\/mokykloms-darzeliams\/\" \/>\n<meta property=\"og:site_name\" content=\"Studyfurniture.eu\" \/>\n<meta property=\"article:modified_time\" content=\"2022-04-14T13:12:12+00:00\" \/>\n<meta property=\"og:image\" content=\"https:\/\/studyfurniture.eu\/wp-content\/uploads\/2019\/09\/ESCO-students_2.png\" \/>\n\t<meta property=\"og:image:width\" content=\"1000\" \/>\n\t<meta property=\"og:image:height\" content=\"1500\" \/>\n\t<meta property=\"og:image:type\" content=\"image\/png\" \/>\n<meta name=\"twitter:card\" content=\"summary_large_image\" \/>\n<meta name=\"twitter:label1\" content=\"Est. reading time\" \/>\n\t<meta name=\"twitter:data1\" content=\"1 minute\" \/>\n<script type=\"application\/ld+json\" class=\"yoast-schema-graph\">{\"@context\":\"https:\/\/schema.org\",\"@graph\":[{\"@type\":\"WebPage\",\"@id\":\"https:\/\/studyfurniture.eu\/et\/mokykloms-darzeliams\/\",\"url\":\"https:\/\/studyfurniture.eu\/et\/mokykloms-darzeliams\/\",\"name\":\"ESCO ergonoomiline m\u00f6\u00f6bel koolidele ja lasteaedadele | studyfurniture.eu\",\"isPartOf\":{\"@id\":\"https:\/\/dodgerblue-goat-845310.hostingersite.com\/#website\"},\"datePublished\":\"2019-07-22T11:15:59+00:00\",\"dateModified\":\"2022-04-14T13:12:12+00:00\",\"description\":\"ESCO ergonoomiline m\u00f6\u00f6bel koolidele ja lasteaedadele: toolid, lauad, riiulid, tumbad ja tahvlid\",\"breadcrumb\":{\"@id\":\"https:\/\/studyfurniture.eu\/et\/mokykloms-darzeliams\/#breadcrumb\"},\"inLanguage\":\"ee\",\"potentialAction\":[{\"@type\":\"ReadAction\",\"target\":[\"https:\/\/studyfurniture.eu\/et\/mokykloms-darzeliams\/\"]}]},{\"@type\":\"BreadcrumbList\",\"@id\":\"https:\/\/studyfurniture.eu\/et\/mokykloms-darzeliams\/#breadcrumb\",\"itemListElement\":[{\"@type\":\"ListItem\",\"position\":1,\"name\":\"Home\",\"item\":\"https:\/\/studyfurniture.eu\/et\/\"},{\"@type\":\"ListItem\",\"position\":2,\"name\":\"Koolidele\"}]},{\"@type\":\"WebSite\",\"@id\":\"https:\/\/dodgerblue-goat-845310.hostingersite.com\/#website\",\"url\":\"https:\/\/dodgerblue-goat-845310.hostingersite.com\/\",\"name\":\"Studyfurniture.eu\",\"description\":\"Ergonomi\u0161ki baldai mokymuisi: stalai, k\u0117d\u0117s\",\"potentialAction\":[{\"@type\":\"SearchAction\",\"target\":{\"@type\":\"EntryPoint\",\"urlTemplate\":\"https:\/\/dodgerblue-goat-845310.hostingersite.com\/?s={search_term_string}\"},\"query-input\":\"required name=search_term_string\"}],\"inLanguage\":\"ee\"}]}<\/script>\n<!-- \/ Yoast SEO plugin. -->","yoast_head_json":{"title":"ESCO ergonoomiline m\u00f6\u00f6bel koolidele ja lasteaedadele | studyfurniture.eu","description":"ESCO ergonoomiline m\u00f6\u00f6bel koolidele ja lasteaedadele: toolid, lauad, riiulid, tumbad ja tahvlid","robots":{"index":"index","follow":"follow","max-snippet":"max-snippet:-1","max-image-preview":"max-image-preview:large","max-video-preview":"max-video-preview:-1"},"canonical":"https:\/\/studyfurniture.eu\/et\/mokykloms-darzeliams\/","og_locale":"en_US","og_type":"article","og_title":"ESCO ergonoomiline m\u00f6\u00f6bel koolidele ja lasteaedadele | studyfurniture.eu","og_description":"ESCO ergonoomiline m\u00f6\u00f6bel koolidele ja lasteaedadele: toolid, lauad, riiulid, tumbad ja tahvlid","og_url":"https:\/\/studyfurniture.eu\/et\/mokykloms-darzeliams\/","og_site_name":"Studyfurniture.eu","article_modified_time":"2022-04-14T13:12:12+00:00","og_image":[{"width":1000,"height":1500,"url":"https:\/\/studyfurniture.eu\/wp-content\/uploads\/2019\/09\/ESCO-students_2.png","type":"image\/png"}],"twitter_card":"summary_large_image","twitter_misc":{"Est. reading time":"1 minute"},"schema":{"@context":"https:\/\/schema.org","@graph":[{"@type":"WebPage","@id":"https:\/\/studyfurniture.eu\/et\/mokykloms-darzeliams\/","url":"https:\/\/studyfurniture.eu\/et\/mokykloms-darzeliams\/","name":"ESCO ergonoomiline m\u00f6\u00f6bel koolidele ja lasteaedadele | studyfurniture.eu","isPartOf":{"@id":"https:\/\/dodgerblue-goat-845310.hostingersite.com\/#website"},"datePublished":"2019-07-22T11:15:59+00:00","dateModified":"2022-04-14T13:12:12+00:00","description":"ESCO ergonoomiline m\u00f6\u00f6bel koolidele ja lasteaedadele: toolid, lauad, riiulid, tumbad ja tahvlid","breadcrumb":{"@id":"https:\/\/studyfurniture.eu\/et\/mokykloms-darzeliams\/#breadcrumb"},"inLanguage":"ee","potentialAction":[{"@type":"ReadAction","target":["https:\/\/studyfurniture.eu\/et\/mokykloms-darzeliams\/"]}]},{"@type":"BreadcrumbList","@id":"https:\/\/studyfurniture.eu\/et\/mokykloms-darzeliams\/#breadcrumb","itemListElement":[{"@type":"ListItem","position":1,"name":"Home","item":"https:\/\/studyfurniture.eu\/et\/"},{"@type":"ListItem","position":2,"name":"Koolidele"}]},{"@type":"WebSite","@id":"https:\/\/dodgerblue-goat-845310.hostingersite.com\/#website","url":"https:\/\/dodgerblue-goat-845310.hostingersite.com\/","name":"Studyfurniture.eu","description":"Ergonomi\u0161ki baldai mokymuisi: stalai, k\u0117d\u0117s","potentialAction":[{"@type":"SearchAction","target":{"@type":"EntryPoint","urlTemplate":"https:\/\/dodgerblue-goat-845310.hostingersite.com\/?s={search_term_string}"},"query-input":"required name=search_term_string"}],"inLanguage":"ee"}]}},"_links":{"self":[{"href":"https:\/\/studyfurniture.eu\/et\/wp-json\/wp\/v2\/pages\/2822"}],"collection":[{"href":"https:\/\/studyfurniture.eu\/et\/wp-json\/wp\/v2\/pages"}],"about":[{"href":"https:\/\/studyfurniture.eu\/et\/wp-json\/wp\/v2\/types\/page"}],"author":[{"embeddable":true,"href":"https:\/\/studyfurniture.eu\/et\/wp-json\/wp\/v2\/users\/1"}],"replies":[{"embeddable":true,"href":"https:\/\/studyfurniture.eu\/et\/wp-json\/wp\/v2\/comments?post=2822"}],"version-history":[{"count":2,"href":"https:\/\/studyfurniture.eu\/et\/wp-json\/wp\/v2\/pages\/2822\/revisions"}],"predecessor-version":[{"id":8003,"href":"https:\/\/studyfurniture.eu\/et\/wp-json\/wp\/v2\/pages\/2822\/revisions\/8003"}],"wp:featuredmedia":[{"embeddable":true,"href":"https:\/\/studyfurniture.eu\/et\/wp-json\/wp\/v2\/media\/2824"}],"wp:attachment":[{"href":"https:\/\/studyfurniture.eu\/et\/wp-json\/wp\/v2\/media?parent=2822"}],"curies":[{"name":"wp","href":"https:\/\/api.w.org\/{rel}","templated":true}]}}